{"id":1597,"date":"2022-01-04T22:28:50","date_gmt":"2022-01-04T19:28:50","guid":{"rendered":"https:\/\/orionagizvedis.com\/%d1%82%d1%80%d0%b0%d0%b2%d0%bc%d1%8b-%d0%bf%d0%b0%d0%b4%d0%b5%d0%bd%d0%b8%d1%8f-%d1%83%d0%b4%d0%b0%d1%80%d1%8b\/"},"modified":"2022-01-04T22:28:52","modified_gmt":"2022-01-04T19:28:52","slug":"%d1%82%d1%80%d0%b0%d0%b2%d0%bc%d1%8b-%d0%bf%d0%b0%d0%b4%d0%b5%d0%bd%d0%b8%d1%8f-%d1%83%d0%b4%d0%b0%d1%80%d1%8b","status":"publish","type":"page","link":"https:\/\/orionagizvedis.com\/ru\/%d1%82%d1%80%d0%b0%d0%b2%d0%bc%d1%8b-%d0%bf%d0%b0%d0%b4%d0%b5%d0%bd%d0%b8%d1%8f-%d1%83%d0%b4%d0%b0%d1%80%d1%8b\/","title":{"rendered":"\u0422\u0440\u0430\u0432\u043c\u044b (\u043f\u0430\u0434\u0435\u043d\u0438\u044f\/\u0443\u0434\u0430\u0440\u044b)"},"content":{"rendered":"\t\t<div data-elementor-type=\"wp-page\" data-elementor-id=\"1597\" class=\"elementor elementor-1597\" data-elementor-settings=\"[]\">\n\t\t\t\t\t\t\t<div class=\"elementor-section-wrap\">\n\t\t\t\t\t\t\t<section class=\"elementor-section elementor-top-section elementor-element elementor-element-a198bd2 elementor-section-boxed elementor-section-height-default elementor-section-height-default\" data-id=\"a198bd2\" data-element_type=\"section\" data-settings=\"{&quot;background_background&quot;:&quot;classic&quot;}\">\n\t\t\t\t\t\t\t<div class=\"elementor-background-overlay\"><\/div>\n\t\t\t\t\t\t\t<div class=\"elementor-container elementor-column-gap-wide\">\n\t\t\t\t\t<div class=\"elementor-column elementor-col-50 elementor-top-column elementor-element elementor-element-5a3a918\" data-id=\"5a3a918\" data-element_type=\"column\">\n\t\t\t<div class=\"elementor-widget-wrap elementor-element-populated\">\n\t\t\t\t\t\t\t\t<div class=\"elementor-element elementor-element-d8ddd64 elementor-widget elementor-widget-image\" data-id=\"d8ddd64\" data-element_type=\"widget\" data-widget_type=\"image.default\">\n\t\t\t\t<div class=\"elementor-widget-container\">\n\t\t\t<style>\/*! elementor - v3.5.3 - 28-12-2021 *\/\n.elementor-widget-image{text-align:center}.elementor-widget-image a{display:inline-block}.elementor-widget-image a img[src$=\".svg\"]{width:48px}.elementor-widget-image img{vertical-align:middle;display:inline-block}<\/style>\t\t\t\t\t\t\t\t\t\t\t\t<img loading=\"lazy\" decoding=\"async\" width=\"480\" height=\"480\" src=\"https:\/\/orionagizvedis.com\/wp-content\/uploads\/2021\/12\/bad-dis1.jpg\" class=\"attachment-full size-full\" alt=\"\" srcset=\"https:\/\/orionagizvedis.com\/wp-content\/uploads\/2021\/12\/bad-dis1.jpg 480w, https:\/\/orionagizvedis.com\/wp-content\/uploads\/2021\/12\/bad-dis1-300x300.jpg 300w, https:\/\/orionagizvedis.com\/wp-content\/uploads\/2021\/12\/bad-dis1-150x150.jpg 150w\" sizes=\"auto, (max-width: 480px) 100vw, 480px\" \/>\t\t\t\t\t\t\t\t\t\t\t\t\t\t\t<\/div>\n\t\t\t\t<\/div>\n\t\t\t\t\t<\/div>\n\t\t<\/div>\n\t\t\t\t<div class=\"elementor-column elementor-col-50 elementor-top-column elementor-element elementor-element-3f6ed17\" data-id=\"3f6ed17\" data-element_type=\"column\">\n\t\t\t<div class=\"elementor-widget-wrap elementor-element-populated\">\n\t\t\t\t\t\t\t\t<div class=\"elementor-element elementor-element-9cc244f elementor-widget elementor-widget-text-editor\" data-id=\"9cc244f\" data-element_type=\"widget\" data-widget_type=\"text-editor.default\">\n\t\t\t\t<div class=\"elementor-widget-container\">\n\t\t\t<style>\/*! elementor - v3.5.3 - 28-12-2021 *\/\n.elementor-widget-text-editor.elementor-drop-cap-view-stacked .elementor-drop-cap{background-color:#818a91;color:#fff}.elementor-widget-text-editor.elementor-drop-cap-view-framed .elementor-drop-cap{color:#818a91;border:3px solid;background-color:transparent}.elementor-widget-text-editor:not(.elementor-drop-cap-view-default) .elementor-drop-cap{margin-top:8px}.elementor-widget-text-editor:not(.elementor-drop-cap-view-default) .elementor-drop-cap-letter{width:1em;height:1em}.elementor-widget-text-editor .elementor-drop-cap{float:left;text-align:center;line-height:1;font-size:50px}.elementor-widget-text-editor .elementor-drop-cap-letter{display:inline-block}<\/style>\t\t\t\t<p>\u0422\u0440\u0430\u0432\u043c\u043e\u0439 \u043c\u044b \u043c\u043e\u0436\u0435\u043c \u043d\u0430\u0437\u0432\u0430\u0442\u044c \u043f\u043e\u0442\u0435\u0440\u044e \u043c\u043e\u043b\u043e\u0447\u043d\u044b\u0445 \u0437\u0443\u0431\u043e\u0432 \u0434\u043e \u043e\u0436\u0438\u0434\u0430\u0435\u043c\u043e\u0433\u043e \u0432\u0440\u0435\u043c\u0435\u043d\u0438 \u0438\u0445 \u0441\u043c\u0435\u043d\u044b \u0432 \u0440\u0435\u0437\u0443\u043b\u044c\u0442\u0430\u0442\u0435 \u0443\u0434\u0430\u0440\u0430. \u0412 \u044d\u0442\u043e\u043c \u0441\u043b\u0443\u0447\u0430\u0435 \u043e\u0447\u0435\u043d\u044c \u0432\u0430\u0436\u043d\u044b \u0442\u0430\u043a\u0438\u0435 \u0444\u0430\u043a\u0442\u043e\u0440\u044b, \u043a\u0430\u043a \u043c\u0435\u0441\u0442\u043e, \u0433\u0434\u0435 \u043f\u0440\u043e\u0438\u0437\u043e\u0448\u0435\u043b \u043d\u0435\u0441\u0447\u0430\u0441\u0442\u043d\u044b\u0439 \u0441\u043b\u0443\u0447\u0430\u0439 (\u043f\u0430\u0440\u043a, \u0434\u043e\u043c \u0438 \u0442.\u0434.), \u0431\u044b\u043b\u0430 \u043b\u0438 \u0441\u043b\u043e\u043c\u0430\u043d\u0430 \u0447\u0430\u0441\u0442\u044c \u0437\u0443\u0431\u0430 \u0438\u043b\u0438 \u0436\u0435 \u0437\u0443\u0431 \u0432\u044b\u043f\u0430\u043b \u043f\u043e\u043b\u043d\u043e\u0441\u0442\u044c\u044e, \u043d\u0430\u0441\u043a\u043e\u043b\u044c\u043a\u043e \u0431\u044b\u0441\u0442\u0440\u043e \u0441\u0435\u043c\u044c\u044f \u043f\u0440\u0438\u0448\u043b\u0430 \u043a \u0441\u0442\u043e\u043c\u0430\u0442\u043e\u043b\u043e\u0433\u0443.<\/p>\n<h2>\u041a\u0430\u043a \u0441\u043e\u0445\u0440\u0430\u043d\u0438\u0442\u044c \u0441\u043b\u043e\u043c\u0430\u043d\u043d\u044b\u0439 \u0437\u0443\u0431?<\/h2>\n<p>\u0427\u0442\u043e\u0431\u044b \u0441\u043b\u043e\u043c\u0430\u043d\u043d\u044b\u0439 \u0438\u043b\u0438 \u0432\u044b\u043f\u0430\u0432\u0448\u0438\u0439 \u0437\u0443\u0431 \u043d\u0435 \u0443\u0442\u0440\u0430\u0442\u0438\u043b \u0441\u0432\u043e\u044e \u0436\u0438\u0437\u043d\u0435\u0441\u043f\u043e\u0441\u043e\u0431\u043d\u043e\u0441\u0442\u044c, \u0434\u043e \u043f\u0440\u0438\u0445\u043e\u0434\u0430 \u043a \u0441\u0442\u043e\u043c\u0430\u0442\u043e\u043b\u043e\u0433\u0443 \u0435\u0433\u043e \u043c\u043e\u0436\u043d\u043e \u0445\u0440\u0430\u043d\u0438\u0442\u044c \u0432 \u043c\u043e\u043b\u043e\u043a\u0435, \u0441\u043b\u044e\u043d\u0435 \u0440\u0435\u0431\u0435\u043d\u043a\u0430 \u0438\u043b\u0438 \u043c\u0430\u0442\u0435\u0440\u0438.<\/p>\n<h2>\u041a\u0430\u043a \u0431\u044b\u0441\u0442\u0440\u043e \u043d\u0443\u0436\u043d\u043e \u043f\u0440\u0438\u0439\u0442\u0438 \u043a \u0441\u0442\u043e\u043c\u0430\u0442\u043e\u043b\u043e\u0433\u0443?<\/h2>\n<p>\u041e\u0447\u0435\u043d\u044c \u0432\u0430\u0436\u043d\u043e \u043e\u0431\u0440\u0430\u0442\u0438\u0442\u044c\u0441\u044f \u043a \u0441\u0442\u043e\u043c\u0430\u0442\u043e\u043b\u043e\u0433\u0443 \u0432 \u0442\u0435\u0447\u0435\u043d\u0438\u0435 30 \u043c\u0438\u043d\u0443\u0442 \u2013 1 \u0447\u0430\u0441\u0430 \u043f\u043e\u0441\u043b\u0435 \u043f\u0430\u0434\u0435\u043d\u0438\u044f. \u0412 \u044d\u0442\u043e\u043c \u0441\u043b\u0443\u0447\u0430\u0435 \u0437\u0443\u0431, \u043a\u043e\u0442\u043e\u0440\u044b\u0439 \u0432\u044b\u043f\u0430\u043b, \u043c\u043e\u0436\u0435\u0442 \u0431\u044b\u0442\u044c \u0432\u043e\u0437\u0432\u0440\u0430\u0449\u0435\u043d \u043d\u0430 \u0441\u0432\u043e\u0435 \u043c\u0435\u0441\u0442\u043e \u0432\u043e \u0440\u0442\u0443, \u0438 \u0432\u043e\u0437\u0440\u0430\u0441\u0442\u0435\u0442 \u0432\u0435\u0440\u043e\u044f\u0442\u043d\u043e\u0441\u0442\u044c \u0441\u043e\u0445\u0440\u0430\u043d\u0438\u0442\u044c \u0437\u0443\u0431.<\/p>\n<h2>\u0427\u0442\u043e \u0442\u0430\u043a\u043e\u0435 \u043f\u043e\u0441\u0442\u0442\u0440\u0430\u0432\u043c\u0430\u0442\u0438\u0447\u0435\u0441\u043a\u043e\u0435 \u043b\u0435\u0447\u0435\u043d\u0438\u0435?<\/h2>\n<p>\u041f\u0440\u0438 \u043d\u0430\u043b\u0438\u0447\u0438\u0438 \u0441\u043b\u043e\u043c\u0430\u043d\u043d\u044b\u0445 \u0437\u0443\u0431\u043e\u0432 \u0432\u0441\u0435\u0433\u0434\u0430 \u043e\u0447\u0435\u043d\u044c \u0432\u0430\u0436\u043d\u043e \u0434\u043b\u0438\u0442\u0435\u043b\u044c\u043d\u043e\u0435 \u043d\u0430\u0431\u043b\u044e\u0434\u0435\u043d\u0438\u0435. . \u0412 \u0431\u0443\u0434\u0443\u0449\u0435\u043c \u043c\u043e\u0433\u0443\u0442 \u0432\u043e\u0437\u043d\u0438\u043a\u043d\u0443\u0442\u044c \u0442\u0430\u043a\u0438\u0435 \u043f\u0440\u043e\u0431\u043b\u0435\u043c\u044b, \u043a\u0430\u043a \u0438\u0437\u043c\u0435\u043d\u0435\u043d\u0438\u0435 \u0446\u0432\u0435\u0442\u0430, \u043e\u0442\u0435\u043a, \u0437\u0443\u0431\u043d\u0430\u044f \u0431\u043e\u043b\u044c, \u043f\u043e\u044d\u0442\u043e\u043c\u0443 \u0440\u0435\u0433\u0443\u043b\u044f\u0440\u043d\u044b\u0435 \u043a\u043e\u043d\u0442\u0440\u043e\u043b\u044c\u043d\u044b\u0435 \u043e\u0441\u043c\u043e\u0442\u0440\u044b \u043a\u0430\u0436\u0434\u044b\u0435 6 \u043c\u0435\u0441\u044f\u0446\u0435\u0432 \u043e\u0447\u0435\u043d\u044c \u0432\u0430\u0436\u043d\u044b<\/p>\n<h2>\u041a\u0430\u043a \u043d\u0430\u043a\u043b\u0430\u0434\u044b\u0432\u0430\u0435\u0442\u0441\u044f \u0448\u0438\u043d\u0430?<\/h2>\n<p>\u041f\u043e\u0441\u043b\u0435 \u043f\u0430\u0434\u0435\u043d\u0438\u044f \u0441\u043b\u043e\u043c\u0430\u043d\u043d\u0430\u044f \u0447\u0430\u0441\u0442\u044c \u043f\u0440\u0438\u043a\u043b\u0435\u0438\u0432\u0430\u0435\u0442\u0441\u044f \u043e\u0431\u0440\u0430\u0442\u043d\u043e \u043d\u0430 \u0437\u0443\u0431 \u0438\u043b\u0438 \u0436\u0435, \u0435\u0441\u043b\u0438 \u0437\u0443\u0431 \u0432\u044b\u043f\u0430\u043b, \u043f\u0440\u0438\u043c\u0435\u043d\u044f\u0435\u0442\u0441\u044f \u0441\u043f\u043b\u0438\u043d\u0442-\u0442\u0435\u0440\u0430\u043f\u0438\u044f, \u0438 \u0437\u0443\u0431\u044b \u0444\u0438\u043a\u0441\u0438\u0440\u0443\u044e\u0442\u0441\u044f \u0441 \u043f\u043e\u043c\u043e\u0449\u044c\u044e \u043f\u0440\u043e\u0432\u043e\u043b\u043e\u0447\u043d\u043e\u0439 \u0448\u0438\u043d\u044b \u043d\u0430 2-4 \u043d\u0435\u0434\u0435\u043b\u0438 \u0442\u043e\u0447\u043d\u043e \u0442\u0430\u043a \u0436\u0435, \u043a\u0430\u043a \u0441\u043b\u043e\u043c\u0430\u043d\u043d\u0430\u044f \u043a\u043e\u043d\u0435\u0447\u043d\u043e\u0441\u0442\u044c \u0444\u0438\u043a\u0441\u0438\u0440\u0443\u0435\u0442\u0441\u044f \u0441 \u043f\u043e\u043c\u043e\u0449\u044c\u044e \u0433\u0438\u043f\u0441\u0430.<\/p>\n\t\t\t\t\t\t<\/div>\n\t\t\t\t<\/div>\n\t\t\t\t\t<\/div>\n\t\t<\/div>\n\t\t\t\t\t\t\t<\/div>\n\t\t<\/section>\n\t\t\t\t\t\t<\/div>\n\t\t\t\t\t<\/div>\n\t\t","protected":false},"excerpt":{"rendered":"<p>\u0422\u0440\u0430\u0432\u043c\u043e\u0439 \u043c\u044b \u043c\u043e\u0436\u0435\u043c \u043d\u0430\u0437\u0432\u0430\u0442\u044c \u043f\u043e\u0442\u0435\u0440\u044e \u043c\u043e\u043b\u043e\u0447\u043d\u044b\u0445 \u0437\u0443\u0431\u043e\u0432 \u0434\u043e \u043e\u0436\u0438\u0434\u0430\u0435\u043c\u043e\u0433\u043e \u0432\u0440\u0435\u043c\u0435\u043d\u0438 \u0438\u0445 \u0441\u043c\u0435\u043d\u044b \u0432 \u0440\u0435\u0437\u0443\u043b\u044c\u0442\u0430\u0442\u0435 \u0443\u0434\u0430\u0440\u0430. \u0412 \u044d\u0442\u043e\u043c \u0441\u043b\u0443\u0447\u0430\u0435 \u043e\u0447\u0435\u043d\u044c \u0432\u0430\u0436\u043d\u044b \u0442\u0430\u043a\u0438\u0435 \u0444\u0430\u043a\u0442\u043e\u0440\u044b, \u043a\u0430\u043a \u043c\u0435\u0441\u0442\u043e, \u0433\u0434\u0435 \u043f\u0440\u043e\u0438\u0437\u043e\u0448\u0435\u043b \u043d\u0435\u0441\u0447\u0430\u0441\u0442\u043d\u044b\u0439 \u0441\u043b\u0443\u0447\u0430\u0439 (\u043f\u0430\u0440\u043a, \u0434\u043e\u043c \u0438 \u0442.\u0434.), \u0431\u044b\u043b\u0430 \u043b\u0438 \u0441\u043b\u043e\u043c\u0430\u043d\u0430 \u0447\u0430\u0441\u0442\u044c \u0437\u0443\u0431\u0430 \u0438\u043b\u0438 \u0436\u0435 \u0437\u0443\u0431 \u0432\u044b\u043f\u0430\u043b \u043f\u043e\u043b\u043d\u043e\u0441\u0442\u044c\u044e, \u043d\u0430\u0441\u043a\u043e\u043b\u044c\u043a\u043e \u0431\u044b\u0441\u0442\u0440\u043e \u0441\u0435\u043c\u044c\u044f \u043f\u0440\u0438\u0448\u043b\u0430 \u043a \u0441\u0442\u043e\u043c\u0430\u0442\u043e\u043b\u043e\u0433\u0443. \u041a\u0430\u043a \u0441\u043e\u0445\u0440\u0430\u043d\u0438\u0442\u044c \u0441\u043b\u043e\u043c\u0430\u043d\u043d\u044b\u0439 \u0437\u0443\u0431? \u0427\u0442\u043e\u0431\u044b \u0441\u043b\u043e\u043c\u0430\u043d\u043d\u044b\u0439 \u0438\u043b\u0438 [&hellip;]<\/p>\n","protected":false},"author":1,"featured_media":0,"parent":0,"menu_order":0,"comment_status":"closed","ping_status":"closed","template":"","meta":{"_uf_show_specific_survey":0,"_uf_disable_surveys":false,"footnotes":""},"class_list":["post-1597","page","type-page","status-publish","hentry"],"yoast_head":"<!-- This site is optimized with the Yoast SEO plugin v22.6 - https:\/\/yoast.com\/wordpress\/plugins\/seo\/ -->\n<title>\u0422\u0440\u0430\u0432\u043c\u044b (\u043f\u0430\u0434\u0435\u043d\u0438\u044f\/\u0443\u0434\u0430\u0440\u044b) - Orion - A\u011f\u0131z ve Di\u015f Sa\u011fl\u0131\u011f\u0131 Merkezi<\/title>\n<meta name=\"robots\" content=\"index, follow, max-snippet:-1, max-image-preview:large, max-video-preview:-1\" \/>\n<link rel=\"canonical\" href=\"https:\/\/orionagizvedis.com\/travma-dusme-carpma-vakasi\/\" \/>\n<meta property=\"og:locale\" content=\"ru_RU\" \/>\n<meta property=\"og:type\" content=\"article\" \/>\n<meta property=\"og:title\" content=\"\u0422\u0440\u0430\u0432\u043c\u044b (\u043f\u0430\u0434\u0435\u043d\u0438\u044f\/\u0443\u0434\u0430\u0440\u044b) - Orion - A\u011f\u0131z ve Di\u015f Sa\u011fl\u0131\u011f\u0131 Merkezi\" \/>\n<meta property=\"og:description\" content=\"\u0422\u0440\u0430\u0432\u043c\u043e\u0439 \u043c\u044b \u043c\u043e\u0436\u0435\u043c \u043d\u0430\u0437\u0432\u0430\u0442\u044c \u043f\u043e\u0442\u0435\u0440\u044e \u043c\u043e\u043b\u043e\u0447\u043d\u044b\u0445 \u0437\u0443\u0431\u043e\u0432 \u0434\u043e \u043e\u0436\u0438\u0434\u0430\u0435\u043c\u043e\u0433\u043e \u0432\u0440\u0435\u043c\u0435\u043d\u0438 \u0438\u0445 \u0441\u043c\u0435\u043d\u044b \u0432 \u0440\u0435\u0437\u0443\u043b\u044c\u0442\u0430\u0442\u0435 \u0443\u0434\u0430\u0440\u0430. \u0412 \u044d\u0442\u043e\u043c \u0441\u043b\u0443\u0447\u0430\u0435 \u043e\u0447\u0435\u043d\u044c \u0432\u0430\u0436\u043d\u044b \u0442\u0430\u043a\u0438\u0435 \u0444\u0430\u043a\u0442\u043e\u0440\u044b, \u043a\u0430\u043a \u043c\u0435\u0441\u0442\u043e, \u0433\u0434\u0435 \u043f\u0440\u043e\u0438\u0437\u043e\u0448\u0435\u043b \u043d\u0435\u0441\u0447\u0430\u0441\u0442\u043d\u044b\u0439 \u0441\u043b\u0443\u0447\u0430\u0439 (\u043f\u0430\u0440\u043a, \u0434\u043e\u043c \u0438 \u0442.\u0434.), \u0431\u044b\u043b\u0430 \u043b\u0438 \u0441\u043b\u043e\u043c\u0430\u043d\u0430 \u0447\u0430\u0441\u0442\u044c \u0437\u0443\u0431\u0430 \u0438\u043b\u0438 \u0436\u0435 \u0437\u0443\u0431 \u0432\u044b\u043f\u0430\u043b \u043f\u043e\u043b\u043d\u043e\u0441\u0442\u044c\u044e, \u043d\u0430\u0441\u043a\u043e\u043b\u044c\u043a\u043e \u0431\u044b\u0441\u0442\u0440\u043e \u0441\u0435\u043c\u044c\u044f \u043f\u0440\u0438\u0448\u043b\u0430 \u043a \u0441\u0442\u043e\u043c\u0430\u0442\u043e\u043b\u043e\u0433\u0443. \u041a\u0430\u043a \u0441\u043e\u0445\u0440\u0430\u043d\u0438\u0442\u044c \u0441\u043b\u043e\u043c\u0430\u043d\u043d\u044b\u0439 \u0437\u0443\u0431? \u0427\u0442\u043e\u0431\u044b \u0441\u043b\u043e\u043c\u0430\u043d\u043d\u044b\u0439 \u0438\u043b\u0438 [&hellip;]\" \/>\n<meta property=\"og:url\" content=\"https:\/\/orionagizvedis.com\/travma-dusme-carpma-vakasi\/\" \/>\n<meta property=\"og:site_name\" content=\"Orion - A\u011f\u0131z ve Di\u015f Sa\u011fl\u0131\u011f\u0131 Merkezi\" \/>\n<meta property=\"article:publisher\" content=\"https:\/\/www.facebook.com\/oriondentalhealth\/\" \/>\n<meta property=\"article:modified_time\" content=\"2022-01-04T19:28:52+00:00\" \/>\n<meta property=\"og:image\" content=\"http:\/\/orionagizvedis.com\/wp-content\/uploads\/2021\/12\/bad-dis1.jpg\" \/>\n<meta name=\"twitter:card\" content=\"summary_large_image\" \/>\n<script type=\"application\/ld+json\" class=\"yoast-schema-graph\">{\"@context\":\"https:\/\/schema.org\",\"@graph\":[{\"@type\":\"WebPage\",\"@id\":\"https:\/\/orionagizvedis.com\/travma-dusme-carpma-vakasi\/\",\"url\":\"https:\/\/orionagizvedis.com\/travma-dusme-carpma-vakasi\/\",\"name\":\"\u0422\u0440\u0430\u0432\u043c\u044b (\u043f\u0430\u0434\u0435\u043d\u0438\u044f\/\u0443\u0434\u0430\u0440\u044b) - Orion - A\u011f\u0131z ve Di\u015f Sa\u011fl\u0131\u011f\u0131 Merkezi\",\"isPartOf\":{\"@id\":\"https:\/\/orionagizvedis.com\/#website\"},\"primaryImageOfPage\":{\"@id\":\"https:\/\/orionagizvedis.com\/travma-dusme-carpma-vakasi\/#primaryimage\"},\"image\":{\"@id\":\"https:\/\/orionagizvedis.com\/travma-dusme-carpma-vakasi\/#primaryimage\"},\"thumbnailUrl\":\"http:\/\/orionagizvedis.com\/wp-content\/uploads\/2021\/12\/bad-dis1.jpg\",\"datePublished\":\"2022-01-04T19:28:50+00:00\",\"dateModified\":\"2022-01-04T19:28:52+00:00\",\"breadcrumb\":{\"@id\":\"https:\/\/orionagizvedis.com\/travma-dusme-carpma-vakasi\/#breadcrumb\"},\"inLanguage\":\"ru-RU\",\"potentialAction\":[{\"@type\":\"ReadAction\",\"target\":[\"https:\/\/orionagizvedis.com\/travma-dusme-carpma-vakasi\/\"]}]},{\"@type\":\"ImageObject\",\"inLanguage\":\"ru-RU\",\"@id\":\"https:\/\/orionagizvedis.com\/travma-dusme-carpma-vakasi\/#primaryimage\",\"url\":\"http:\/\/orionagizvedis.com\/wp-content\/uploads\/2021\/12\/bad-dis1.jpg\",\"contentUrl\":\"http:\/\/orionagizvedis.com\/wp-content\/uploads\/2021\/12\/bad-dis1.jpg\"},{\"@type\":\"BreadcrumbList\",\"@id\":\"https:\/\/orionagizvedis.com\/travma-dusme-carpma-vakasi\/#breadcrumb\",\"itemListElement\":[{\"@type\":\"ListItem\",\"position\":1,\"name\":\"Anasayfa\",\"item\":\"https:\/\/orionagizvedis.com\/ru\/\"},{\"@type\":\"ListItem\",\"position\":2,\"name\":\"\u0422\u0440\u0430\u0432\u043c\u044b (\u043f\u0430\u0434\u0435\u043d\u0438\u044f\/\u0443\u0434\u0430\u0440\u044b)\"}]},{\"@type\":\"WebSite\",\"@id\":\"https:\/\/orionagizvedis.com\/#website\",\"url\":\"https:\/\/orionagizvedis.com\/\",\"name\":\"Orion - A\u011f\u0131z ve Di\u015f Sa\u011fl\u0131\u011f\u0131 Merkezi\",\"description\":\"\",\"publisher\":{\"@id\":\"https:\/\/orionagizvedis.com\/#organization\"},\"potentialAction\":[{\"@type\":\"SearchAction\",\"target\":{\"@type\":\"EntryPoint\",\"urlTemplate\":\"https:\/\/orionagizvedis.com\/?s={search_term_string}\"},\"query-input\":\"required name=search_term_string\"}],\"inLanguage\":\"ru-RU\"},{\"@type\":\"Organization\",\"@id\":\"https:\/\/orionagizvedis.com\/#organization\",\"name\":\"Orion - A\u011f\u0131z ve Di\u015f Sa\u011fl\u0131\u011f\u0131 Merkezi\",\"url\":\"https:\/\/orionagizvedis.com\/\",\"logo\":{\"@type\":\"ImageObject\",\"inLanguage\":\"ru-RU\",\"@id\":\"https:\/\/orionagizvedis.com\/#\/schema\/logo\/image\/\",\"url\":\"https:\/\/orionagizvedis.com\/wp-content\/uploads\/2021\/12\/orion-logo.png\",\"contentUrl\":\"https:\/\/orionagizvedis.com\/wp-content\/uploads\/2021\/12\/orion-logo.png\",\"width\":129,\"height\":99,\"caption\":\"Orion - A\u011f\u0131z ve Di\u015f Sa\u011fl\u0131\u011f\u0131 Merkezi\"},\"image\":{\"@id\":\"https:\/\/orionagizvedis.com\/#\/schema\/logo\/image\/\"},\"sameAs\":[\"https:\/\/www.facebook.com\/oriondentalhealth\/\",\"https:\/\/www.instagram.com\/orionagizvedis\/\"]}]}<\/script>\n<!-- \/ Yoast SEO plugin. -->","yoast_head_json":{"title":"\u0422\u0440\u0430\u0432\u043c\u044b (\u043f\u0430\u0434\u0435\u043d\u0438\u044f\/\u0443\u0434\u0430\u0440\u044b) - Orion - A\u011f\u0131z ve Di\u015f Sa\u011fl\u0131\u011f\u0131 Merkezi","robots":{"index":"index","follow":"follow","max-snippet":"max-snippet:-1","max-image-preview":"max-image-preview:large","max-video-preview":"max-video-preview:-1"},"canonical":"https:\/\/orionagizvedis.com\/travma-dusme-carpma-vakasi\/","og_locale":"ru_RU","og_type":"article","og_title":"\u0422\u0440\u0430\u0432\u043c\u044b (\u043f\u0430\u0434\u0435\u043d\u0438\u044f\/\u0443\u0434\u0430\u0440\u044b) - Orion - A\u011f\u0131z ve Di\u015f Sa\u011fl\u0131\u011f\u0131 Merkezi","og_description":"\u0422\u0440\u0430\u0432\u043c\u043e\u0439 \u043c\u044b \u043c\u043e\u0436\u0435\u043c \u043d\u0430\u0437\u0432\u0430\u0442\u044c \u043f\u043e\u0442\u0435\u0440\u044e \u043c\u043e\u043b\u043e\u0447\u043d\u044b\u0445 \u0437\u0443\u0431\u043e\u0432 \u0434\u043e \u043e\u0436\u0438\u0434\u0430\u0435\u043c\u043e\u0433\u043e \u0432\u0440\u0435\u043c\u0435\u043d\u0438 \u0438\u0445 \u0441\u043c\u0435\u043d\u044b \u0432 \u0440\u0435\u0437\u0443\u043b\u044c\u0442\u0430\u0442\u0435 \u0443\u0434\u0430\u0440\u0430. \u0412 \u044d\u0442\u043e\u043c \u0441\u043b\u0443\u0447\u0430\u0435 \u043e\u0447\u0435\u043d\u044c \u0432\u0430\u0436\u043d\u044b \u0442\u0430\u043a\u0438\u0435 \u0444\u0430\u043a\u0442\u043e\u0440\u044b, \u043a\u0430\u043a \u043c\u0435\u0441\u0442\u043e, \u0433\u0434\u0435 \u043f\u0440\u043e\u0438\u0437\u043e\u0448\u0435\u043b \u043d\u0435\u0441\u0447\u0430\u0441\u0442\u043d\u044b\u0439 \u0441\u043b\u0443\u0447\u0430\u0439 (\u043f\u0430\u0440\u043a, \u0434\u043e\u043c \u0438 \u0442.\u0434.), \u0431\u044b\u043b\u0430 \u043b\u0438 \u0441\u043b\u043e\u043c\u0430\u043d\u0430 \u0447\u0430\u0441\u0442\u044c \u0437\u0443\u0431\u0430 \u0438\u043b\u0438 \u0436\u0435 \u0437\u0443\u0431 \u0432\u044b\u043f\u0430\u043b \u043f\u043e\u043b\u043d\u043e\u0441\u0442\u044c\u044e, \u043d\u0430\u0441\u043a\u043e\u043b\u044c\u043a\u043e \u0431\u044b\u0441\u0442\u0440\u043e \u0441\u0435\u043c\u044c\u044f \u043f\u0440\u0438\u0448\u043b\u0430 \u043a \u0441\u0442\u043e\u043c\u0430\u0442\u043e\u043b\u043e\u0433\u0443. \u041a\u0430\u043a \u0441\u043e\u0445\u0440\u0430\u043d\u0438\u0442\u044c \u0441\u043b\u043e\u043c\u0430\u043d\u043d\u044b\u0439 \u0437\u0443\u0431? \u0427\u0442\u043e\u0431\u044b \u0441\u043b\u043e\u043c\u0430\u043d\u043d\u044b\u0439 \u0438\u043b\u0438 [&hellip;]","og_url":"https:\/\/orionagizvedis.com\/travma-dusme-carpma-vakasi\/","og_site_name":"Orion - A\u011f\u0131z ve Di\u015f Sa\u011fl\u0131\u011f\u0131 Merkezi","article_publisher":"https:\/\/www.facebook.com\/oriondentalhealth\/","article_modified_time":"2022-01-04T19:28:52+00:00","og_image":[{"url":"http:\/\/orionagizvedis.com\/wp-content\/uploads\/2021\/12\/bad-dis1.jpg"}],"twitter_card":"summary_large_image","schema":{"@context":"https:\/\/schema.org","@graph":[{"@type":"WebPage","@id":"https:\/\/orionagizvedis.com\/travma-dusme-carpma-vakasi\/","url":"https:\/\/orionagizvedis.com\/travma-dusme-carpma-vakasi\/","name":"\u0422\u0440\u0430\u0432\u043c\u044b (\u043f\u0430\u0434\u0435\u043d\u0438\u044f\/\u0443\u0434\u0430\u0440\u044b) - Orion - A\u011f\u0131z ve Di\u015f Sa\u011fl\u0131\u011f\u0131 Merkezi","isPartOf":{"@id":"https:\/\/orionagizvedis.com\/#website"},"primaryImageOfPage":{"@id":"https:\/\/orionagizvedis.com\/travma-dusme-carpma-vakasi\/#primaryimage"},"image":{"@id":"https:\/\/orionagizvedis.com\/travma-dusme-carpma-vakasi\/#primaryimage"},"thumbnailUrl":"http:\/\/orionagizvedis.com\/wp-content\/uploads\/2021\/12\/bad-dis1.jpg","datePublished":"2022-01-04T19:28:50+00:00","dateModified":"2022-01-04T19:28:52+00:00","breadcrumb":{"@id":"https:\/\/orionagizvedis.com\/travma-dusme-carpma-vakasi\/#breadcrumb"},"inLanguage":"ru-RU","potentialAction":[{"@type":"ReadAction","target":["https:\/\/orionagizvedis.com\/travma-dusme-carpma-vakasi\/"]}]},{"@type":"ImageObject","inLanguage":"ru-RU","@id":"https:\/\/orionagizvedis.com\/travma-dusme-carpma-vakasi\/#primaryimage","url":"http:\/\/orionagizvedis.com\/wp-content\/uploads\/2021\/12\/bad-dis1.jpg","contentUrl":"http:\/\/orionagizvedis.com\/wp-content\/uploads\/2021\/12\/bad-dis1.jpg"},{"@type":"BreadcrumbList","@id":"https:\/\/orionagizvedis.com\/travma-dusme-carpma-vakasi\/#breadcrumb","itemListElement":[{"@type":"ListItem","position":1,"name":"Anasayfa","item":"https:\/\/orionagizvedis.com\/ru\/"},{"@type":"ListItem","position":2,"name":"\u0422\u0440\u0430\u0432\u043c\u044b (\u043f\u0430\u0434\u0435\u043d\u0438\u044f\/\u0443\u0434\u0430\u0440\u044b)"}]},{"@type":"WebSite","@id":"https:\/\/orionagizvedis.com\/#website","url":"https:\/\/orionagizvedis.com\/","name":"Orion - A\u011f\u0131z ve Di\u015f Sa\u011fl\u0131\u011f\u0131 Merkezi","description":"","publisher":{"@id":"https:\/\/orionagizvedis.com\/#organization"},"potentialAction":[{"@type":"SearchAction","target":{"@type":"EntryPoint","urlTemplate":"https:\/\/orionagizvedis.com\/?s={search_term_string}"},"query-input":"required name=search_term_string"}],"inLanguage":"ru-RU"},{"@type":"Organization","@id":"https:\/\/orionagizvedis.com\/#organization","name":"Orion - A\u011f\u0131z ve Di\u015f Sa\u011fl\u0131\u011f\u0131 Merkezi","url":"https:\/\/orionagizvedis.com\/","logo":{"@type":"ImageObject","inLanguage":"ru-RU","@id":"https:\/\/orionagizvedis.com\/#\/schema\/logo\/image\/","url":"https:\/\/orionagizvedis.com\/wp-content\/uploads\/2021\/12\/orion-logo.png","contentUrl":"https:\/\/orionagizvedis.com\/wp-content\/uploads\/2021\/12\/orion-logo.png","width":129,"height":99,"caption":"Orion - A\u011f\u0131z ve Di\u015f Sa\u011fl\u0131\u011f\u0131 Merkezi"},"image":{"@id":"https:\/\/orionagizvedis.com\/#\/schema\/logo\/image\/"},"sameAs":["https:\/\/www.facebook.com\/oriondentalhealth\/","https:\/\/www.instagram.com\/orionagizvedis\/"]}]}},"_links":{"self":[{"href":"https:\/\/orionagizvedis.com\/ru\/wp-json\/wp\/v2\/pages\/1597","targetHints":{"allow":["GET"]}}],"collection":[{"href":"https:\/\/orionagizvedis.com\/ru\/wp-json\/wp\/v2\/pages"}],"about":[{"href":"https:\/\/orionagizvedis.com\/ru\/wp-json\/wp\/v2\/types\/page"}],"author":[{"embeddable":true,"href":"https:\/\/orionagizvedis.com\/ru\/wp-json\/wp\/v2\/users\/1"}],"replies":[{"embeddable":true,"href":"https:\/\/orionagizvedis.com\/ru\/wp-json\/wp\/v2\/comments?post=1597"}],"version-history":[{"count":3,"href":"https:\/\/orionagizvedis.com\/ru\/wp-json\/wp\/v2\/pages\/1597\/revisions"}],"predecessor-version":[{"id":1600,"href":"https:\/\/orionagizvedis.com\/ru\/wp-json\/wp\/v2\/pages\/1597\/revisions\/1600"}],"wp:attachment":[{"href":"https:\/\/orionagizvedis.com\/ru\/wp-json\/wp\/v2\/media?parent=1597"}],"curies":[{"name":"wp","href":"https:\/\/api.w.org\/{rel}","templated":true}]}}