{"id":1589,"date":"2022-01-04T22:20:27","date_gmt":"2022-01-04T19:20:27","guid":{"rendered":"https:\/\/orionagizvedis.com\/what-is-digital-dentistry-2\/"},"modified":"2022-01-08T19:27:37","modified_gmt":"2022-01-08T16:27:37","slug":"what-is-digital-dentistry","status":"publish","type":"page","link":"https:\/\/orionagizvedis.com\/en\/treatments\/what-is-digital-dentistry\/","title":{"rendered":"What is Digital Dentistry?"},"content":{"rendered":"\t\t<div data-elementor-type=\"wp-page\" data-elementor-id=\"1589\" class=\"elementor elementor-1589\" data-elementor-settings=\"[]\">\n\t\t\t\t\t\t\t<div class=\"elementor-section-wrap\">\n\t\t\t\t\t\t\t<section class=\"elementor-section elementor-top-section elementor-element elementor-element-56eb803 elementor-section-boxed elementor-section-height-default elementor-section-height-default\" data-id=\"56eb803\" data-element_type=\"section\" data-settings=\"{&quot;background_background&quot;:&quot;classic&quot;}\">\n\t\t\t\t\t\t\t<div class=\"elementor-background-overlay\"><\/div>\n\t\t\t\t\t\t\t<div class=\"elementor-container elementor-column-gap-default\">\n\t\t\t\t\t<div class=\"elementor-column elementor-col-100 elementor-top-column elementor-element elementor-element-68eeed9\" data-id=\"68eeed9\" data-element_type=\"column\">\n\t\t\t<div class=\"elementor-widget-wrap elementor-element-populated\">\n\t\t\t\t\t\t\t\t<div class=\"elementor-element elementor-element-3becb00 elementor-position-left yabanci elementor-vertical-align-middle elementor-widget elementor-widget-image-box\" data-id=\"3becb00\" data-element_type=\"widget\" data-widget_type=\"image-box.default\">\n\t\t\t\t<div class=\"elementor-widget-container\">\n\t\t\t<style>\/*! elementor - v3.5.3 - 28-12-2021 *\/\n.elementor-widget-image-box .elementor-image-box-content{width:100%}@media (min-width:768px){.elementor-widget-image-box.elementor-position-left .elementor-image-box-wrapper,.elementor-widget-image-box.elementor-position-right .elementor-image-box-wrapper{display:-webkit-box;display:-ms-flexbox;display:flex}.elementor-widget-image-box.elementor-position-right .elementor-image-box-wrapper{text-align:right;-webkit-box-orient:horizontal;-webkit-box-direction:reverse;-ms-flex-direction:row-reverse;flex-direction:row-reverse}.elementor-widget-image-box.elementor-position-left .elementor-image-box-wrapper{text-align:left;-webkit-box-orient:horizontal;-webkit-box-direction:normal;-ms-flex-direction:row;flex-direction:row}.elementor-widget-image-box.elementor-position-top .elementor-image-box-img{margin:auto}.elementor-widget-image-box.elementor-vertical-align-top .elementor-image-box-wrapper{-webkit-box-align:start;-ms-flex-align:start;align-items:flex-start}.elementor-widget-image-box.elementor-vertical-align-middle .elementor-image-box-wrapper{-webkit-box-align:center;-ms-flex-align:center;align-items:center}.elementor-widget-image-box.elementor-vertical-align-bottom .elementor-image-box-wrapper{-webkit-box-align:end;-ms-flex-align:end;align-items:flex-end}}@media (max-width:767px){.elementor-widget-image-box .elementor-image-box-img{margin-left:auto!important;margin-right:auto!important;margin-bottom:15px}}.elementor-widget-image-box .elementor-image-box-img{display:inline-block}.elementor-widget-image-box .elementor-image-box-title a{color:inherit}.elementor-widget-image-box .elementor-image-box-wrapper{text-align:center}.elementor-widget-image-box .elementor-image-box-description{margin:0}<\/style><div class=\"elementor-image-box-wrapper\"><figure class=\"elementor-image-box-img\"><a href=\"https:\/\/orionagizvedis.com\/en\/what-is-digital-dentistry\/\"><img loading=\"lazy\" decoding=\"async\" width=\"480\" height=\"480\" src=\"https:\/\/orionagizvedis.com\/wp-content\/uploads\/2021\/12\/cerec-d.jpg\" class=\"attachment-full size-full\" alt=\"\" \/><\/a><\/figure><div class=\"elementor-image-box-content\"><h3 class=\"elementor-image-box-title\"><a href=\"https:\/\/orionagizvedis.com\/en\/what-is-digital-dentistry\/\">What is Digital Dentistry?<\/a><\/h3><p class=\"elementor-image-box-description\">One of the other technological advances is digital dental science. Since 1980, it has become possible to complete a dental restoration within 1-2 hours. Thanks to a special device placed in the mouth, it is possible to produce the most suitable prosthesis with a sufficient tooth size.  Thanks to a special device placed in the mouth, it is possible to produce the most suitable prosthesis with a sufficient tooth size.\n\n<a class=\"daha-fazla\" href=\"https:\/\/orionagizvedis.com\/en\/what-is-digital-dentistry\/\">\n More information <\/a><\/p><\/div><\/div>\t\t<\/div>\n\t\t\t\t<\/div>\n\t\t\t\t\t<\/div>\n\t\t<\/div>\n\t\t\t\t\t\t\t<\/div>\n\t\t<\/section>\n\t\t\t\t\t\t<\/div>\n\t\t\t\t\t<\/div>\n\t\t","protected":false},"excerpt":{"rendered":"<p>What is Digital Dentistry? One of the other technological advances is digital dental science. Since 1980, it has become possible to complete a dental restoration within 1-2 hours. Thanks to a special device placed in the mouth, it is possible to produce the most suitable prosthesis with a sufficient tooth size. Thanks to a special [&hellip;]<\/p>\n","protected":false},"author":1,"featured_media":0,"parent":1780,"menu_order":0,"comment_status":"closed","ping_status":"closed","template":"","meta":{"_uf_show_specific_survey":0,"_uf_disable_surveys":false,"footnotes":""},"class_list":["post-1589","page","type-page","status-publish","hentry"],"yoast_head":"<!-- This site is optimized with the Yoast SEO plugin v22.6 - https:\/\/yoast.com\/wordpress\/plugins\/seo\/ -->\n<title>What is Digital Dentistry? - Orion - A\u011f\u0131z ve Di\u015f Sa\u011fl\u0131\u011f\u0131 Merkezi<\/title>\n<meta name=\"robots\" content=\"index, follow, max-snippet:-1, max-image-preview:large, max-video-preview:-1\" \/>\n<link rel=\"canonical\" href=\"https:\/\/orionagizvedis.com\/tedaviler\/dijital-dis-hekimligi\/\" \/>\n<meta property=\"og:locale\" content=\"en_US\" \/>\n<meta property=\"og:type\" content=\"article\" \/>\n<meta property=\"og:title\" content=\"What is Digital Dentistry? - Orion - A\u011f\u0131z ve Di\u015f Sa\u011fl\u0131\u011f\u0131 Merkezi\" \/>\n<meta property=\"og:description\" content=\"What is Digital Dentistry? One of the other technological advances is digital dental science. Since 1980, it has become possible to complete a dental restoration within 1-2 hours. Thanks to a special device placed in the mouth, it is possible to produce the most suitable prosthesis with a sufficient tooth size. Thanks to a special [&hellip;]\" \/>\n<meta property=\"og:url\" content=\"https:\/\/orionagizvedis.com\/tedaviler\/dijital-dis-hekimligi\/\" \/>\n<meta property=\"og:site_name\" content=\"Orion - A\u011f\u0131z ve Di\u015f Sa\u011fl\u0131\u011f\u0131 Merkezi\" \/>\n<meta property=\"article:publisher\" content=\"https:\/\/www.facebook.com\/oriondentalhealth\/\" \/>\n<meta property=\"article:modified_time\" content=\"2022-01-08T16:27:37+00:00\" \/>\n<meta property=\"og:image\" content=\"http:\/\/orionagizvedis.com\/wp-content\/uploads\/2021\/12\/cerec-d.jpg\" \/>\n<meta name=\"twitter:card\" content=\"summary_large_image\" \/>\n<script type=\"application\/ld+json\" class=\"yoast-schema-graph\">{\"@context\":\"https:\/\/schema.org\",\"@graph\":[{\"@type\":\"WebPage\",\"@id\":\"https:\/\/orionagizvedis.com\/tedaviler\/dijital-dis-hekimligi\/\",\"url\":\"https:\/\/orionagizvedis.com\/tedaviler\/dijital-dis-hekimligi\/\",\"name\":\"What is Digital Dentistry? - Orion - A\u011f\u0131z ve Di\u015f Sa\u011fl\u0131\u011f\u0131 Merkezi\",\"isPartOf\":{\"@id\":\"https:\/\/orionagizvedis.com\/#website\"},\"primaryImageOfPage\":{\"@id\":\"https:\/\/orionagizvedis.com\/tedaviler\/dijital-dis-hekimligi\/#primaryimage\"},\"image\":{\"@id\":\"https:\/\/orionagizvedis.com\/tedaviler\/dijital-dis-hekimligi\/#primaryimage\"},\"thumbnailUrl\":\"http:\/\/orionagizvedis.com\/wp-content\/uploads\/2021\/12\/cerec-d.jpg\",\"datePublished\":\"2022-01-04T19:20:27+00:00\",\"dateModified\":\"2022-01-08T16:27:37+00:00\",\"breadcrumb\":{\"@id\":\"https:\/\/orionagizvedis.com\/tedaviler\/dijital-dis-hekimligi\/#breadcrumb\"},\"inLanguage\":\"en-US\",\"potentialAction\":[{\"@type\":\"ReadAction\",\"target\":[\"https:\/\/orionagizvedis.com\/tedaviler\/dijital-dis-hekimligi\/\"]}]},{\"@type\":\"ImageObject\",\"inLanguage\":\"en-US\",\"@id\":\"https:\/\/orionagizvedis.com\/tedaviler\/dijital-dis-hekimligi\/#primaryimage\",\"url\":\"http:\/\/orionagizvedis.com\/wp-content\/uploads\/2021\/12\/cerec-d.jpg\",\"contentUrl\":\"http:\/\/orionagizvedis.com\/wp-content\/uploads\/2021\/12\/cerec-d.jpg\"},{\"@type\":\"BreadcrumbList\",\"@id\":\"https:\/\/orionagizvedis.com\/tedaviler\/dijital-dis-hekimligi\/#breadcrumb\",\"itemListElement\":[{\"@type\":\"ListItem\",\"position\":1,\"name\":\"Anasayfa\",\"item\":\"https:\/\/orionagizvedis.com\/\"},{\"@type\":\"ListItem\",\"position\":2,\"name\":\"Treatments\",\"item\":\"https:\/\/orionagizvedis.com\/tedaviler\/\"},{\"@type\":\"ListItem\",\"position\":3,\"name\":\"What is Digital Dentistry?\"}]},{\"@type\":\"WebSite\",\"@id\":\"https:\/\/orionagizvedis.com\/#website\",\"url\":\"https:\/\/orionagizvedis.com\/\",\"name\":\"Orion - A\u011f\u0131z ve Di\u015f Sa\u011fl\u0131\u011f\u0131 Merkezi\",\"description\":\"\",\"publisher\":{\"@id\":\"https:\/\/orionagizvedis.com\/#organization\"},\"potentialAction\":[{\"@type\":\"SearchAction\",\"target\":{\"@type\":\"EntryPoint\",\"urlTemplate\":\"https:\/\/orionagizvedis.com\/?s={search_term_string}\"},\"query-input\":\"required name=search_term_string\"}],\"inLanguage\":\"en-US\"},{\"@type\":\"Organization\",\"@id\":\"https:\/\/orionagizvedis.com\/#organization\",\"name\":\"Orion - A\u011f\u0131z ve Di\u015f Sa\u011fl\u0131\u011f\u0131 Merkezi\",\"url\":\"https:\/\/orionagizvedis.com\/\",\"logo\":{\"@type\":\"ImageObject\",\"inLanguage\":\"en-US\",\"@id\":\"https:\/\/orionagizvedis.com\/#\/schema\/logo\/image\/\",\"url\":\"https:\/\/orionagizvedis.com\/wp-content\/uploads\/2021\/12\/orion-logo.png\",\"contentUrl\":\"https:\/\/orionagizvedis.com\/wp-content\/uploads\/2021\/12\/orion-logo.png\",\"width\":129,\"height\":99,\"caption\":\"Orion - A\u011f\u0131z ve Di\u015f Sa\u011fl\u0131\u011f\u0131 Merkezi\"},\"image\":{\"@id\":\"https:\/\/orionagizvedis.com\/#\/schema\/logo\/image\/\"},\"sameAs\":[\"https:\/\/www.facebook.com\/oriondentalhealth\/\",\"https:\/\/www.instagram.com\/orionagizvedis\/\"]}]}<\/script>\n<!-- \/ Yoast SEO plugin. -->","yoast_head_json":{"title":"What is Digital Dentistry? - Orion - A\u011f\u0131z ve Di\u015f Sa\u011fl\u0131\u011f\u0131 Merkezi","robots":{"index":"index","follow":"follow","max-snippet":"max-snippet:-1","max-image-preview":"max-image-preview:large","max-video-preview":"max-video-preview:-1"},"canonical":"https:\/\/orionagizvedis.com\/tedaviler\/dijital-dis-hekimligi\/","og_locale":"en_US","og_type":"article","og_title":"What is Digital Dentistry? - Orion - A\u011f\u0131z ve Di\u015f Sa\u011fl\u0131\u011f\u0131 Merkezi","og_description":"What is Digital Dentistry? One of the other technological advances is digital dental science. Since 1980, it has become possible to complete a dental restoration within 1-2 hours. Thanks to a special device placed in the mouth, it is possible to produce the most suitable prosthesis with a sufficient tooth size. Thanks to a special [&hellip;]","og_url":"https:\/\/orionagizvedis.com\/tedaviler\/dijital-dis-hekimligi\/","og_site_name":"Orion - A\u011f\u0131z ve Di\u015f Sa\u011fl\u0131\u011f\u0131 Merkezi","article_publisher":"https:\/\/www.facebook.com\/oriondentalhealth\/","article_modified_time":"2022-01-08T16:27:37+00:00","og_image":[{"url":"http:\/\/orionagizvedis.com\/wp-content\/uploads\/2021\/12\/cerec-d.jpg"}],"twitter_card":"summary_large_image","schema":{"@context":"https:\/\/schema.org","@graph":[{"@type":"WebPage","@id":"https:\/\/orionagizvedis.com\/tedaviler\/dijital-dis-hekimligi\/","url":"https:\/\/orionagizvedis.com\/tedaviler\/dijital-dis-hekimligi\/","name":"What is Digital Dentistry? - Orion - A\u011f\u0131z ve Di\u015f Sa\u011fl\u0131\u011f\u0131 Merkezi","isPartOf":{"@id":"https:\/\/orionagizvedis.com\/#website"},"primaryImageOfPage":{"@id":"https:\/\/orionagizvedis.com\/tedaviler\/dijital-dis-hekimligi\/#primaryimage"},"image":{"@id":"https:\/\/orionagizvedis.com\/tedaviler\/dijital-dis-hekimligi\/#primaryimage"},"thumbnailUrl":"http:\/\/orionagizvedis.com\/wp-content\/uploads\/2021\/12\/cerec-d.jpg","datePublished":"2022-01-04T19:20:27+00:00","dateModified":"2022-01-08T16:27:37+00:00","breadcrumb":{"@id":"https:\/\/orionagizvedis.com\/tedaviler\/dijital-dis-hekimligi\/#breadcrumb"},"inLanguage":"en-US","potentialAction":[{"@type":"ReadAction","target":["https:\/\/orionagizvedis.com\/tedaviler\/dijital-dis-hekimligi\/"]}]},{"@type":"ImageObject","inLanguage":"en-US","@id":"https:\/\/orionagizvedis.com\/tedaviler\/dijital-dis-hekimligi\/#primaryimage","url":"http:\/\/orionagizvedis.com\/wp-content\/uploads\/2021\/12\/cerec-d.jpg","contentUrl":"http:\/\/orionagizvedis.com\/wp-content\/uploads\/2021\/12\/cerec-d.jpg"},{"@type":"BreadcrumbList","@id":"https:\/\/orionagizvedis.com\/tedaviler\/dijital-dis-hekimligi\/#breadcrumb","itemListElement":[{"@type":"ListItem","position":1,"name":"Anasayfa","item":"https:\/\/orionagizvedis.com\/"},{"@type":"ListItem","position":2,"name":"Treatments","item":"https:\/\/orionagizvedis.com\/tedaviler\/"},{"@type":"ListItem","position":3,"name":"What is Digital Dentistry?"}]},{"@type":"WebSite","@id":"https:\/\/orionagizvedis.com\/#website","url":"https:\/\/orionagizvedis.com\/","name":"Orion - A\u011f\u0131z ve Di\u015f Sa\u011fl\u0131\u011f\u0131 Merkezi","description":"","publisher":{"@id":"https:\/\/orionagizvedis.com\/#organization"},"potentialAction":[{"@type":"SearchAction","target":{"@type":"EntryPoint","urlTemplate":"https:\/\/orionagizvedis.com\/?s={search_term_string}"},"query-input":"required name=search_term_string"}],"inLanguage":"en-US"},{"@type":"Organization","@id":"https:\/\/orionagizvedis.com\/#organization","name":"Orion - A\u011f\u0131z ve Di\u015f Sa\u011fl\u0131\u011f\u0131 Merkezi","url":"https:\/\/orionagizvedis.com\/","logo":{"@type":"ImageObject","inLanguage":"en-US","@id":"https:\/\/orionagizvedis.com\/#\/schema\/logo\/image\/","url":"https:\/\/orionagizvedis.com\/wp-content\/uploads\/2021\/12\/orion-logo.png","contentUrl":"https:\/\/orionagizvedis.com\/wp-content\/uploads\/2021\/12\/orion-logo.png","width":129,"height":99,"caption":"Orion - A\u011f\u0131z ve Di\u015f Sa\u011fl\u0131\u011f\u0131 Merkezi"},"image":{"@id":"https:\/\/orionagizvedis.com\/#\/schema\/logo\/image\/"},"sameAs":["https:\/\/www.facebook.com\/oriondentalhealth\/","https:\/\/www.instagram.com\/orionagizvedis\/"]}]}},"_links":{"self":[{"href":"https:\/\/orionagizvedis.com\/en\/wp-json\/wp\/v2\/pages\/1589","targetHints":{"allow":["GET"]}}],"collection":[{"href":"https:\/\/orionagizvedis.com\/en\/wp-json\/wp\/v2\/pages"}],"about":[{"href":"https:\/\/orionagizvedis.com\/en\/wp-json\/wp\/v2\/types\/page"}],"author":[{"embeddable":true,"href":"https:\/\/orionagizvedis.com\/en\/wp-json\/wp\/v2\/users\/1"}],"replies":[{"embeddable":true,"href":"https:\/\/orionagizvedis.com\/en\/wp-json\/wp\/v2\/comments?post=1589"}],"version-history":[{"count":4,"href":"https:\/\/orionagizvedis.com\/en\/wp-json\/wp\/v2\/pages\/1589\/revisions"}],"predecessor-version":[{"id":1803,"href":"https:\/\/orionagizvedis.com\/en\/wp-json\/wp\/v2\/pages\/1589\/revisions\/1803"}],"up":[{"embeddable":true,"href":"https:\/\/orionagizvedis.com\/en\/wp-json\/wp\/v2\/pages\/1780"}],"wp:attachment":[{"href":"https:\/\/orionagizvedis.com\/en\/wp-json\/wp\/v2\/media?parent=1589"}],"curies":[{"name":"wp","href":"https:\/\/api.w.org\/{rel}","templated":true}]}}