{"id":1569,"date":"2022-01-04T20:41:33","date_gmt":"2022-01-04T17:41:33","guid":{"rendered":"https:\/\/orionagizvedis.com\/fixed-dentures\/"},"modified":"2024-05-16T19:26:25","modified_gmt":"2024-05-16T16:26:25","slug":"fixed-dentures","status":"publish","type":"page","link":"https:\/\/orionagizvedis.com\/en\/fixed-dentures\/","title":{"rendered":"Fixed Dentures"},"content":{"rendered":"\t\t<div data-elementor-type=\"wp-page\" data-elementor-id=\"1569\" class=\"elementor elementor-1569\" data-elementor-settings=\"[]\">\n\t\t\t\t\t\t\t<div class=\"elementor-section-wrap\">\n\t\t\t\t\t\t\t<section class=\"elementor-section elementor-top-section elementor-element elementor-element-d18d260 elementor-section-boxed elementor-section-height-default elementor-section-height-default\" data-id=\"d18d260\" data-element_type=\"section\" data-settings=\"{&quot;background_background&quot;:&quot;classic&quot;}\">\n\t\t\t\t\t\t\t<div class=\"elementor-background-overlay\"><\/div>\n\t\t\t\t\t\t\t<div class=\"elementor-container elementor-column-gap-wide\">\n\t\t\t\t\t<div class=\"elementor-column elementor-col-50 elementor-top-column elementor-element elementor-element-9670fc8\" data-id=\"9670fc8\" data-element_type=\"column\">\n\t\t\t<div class=\"elementor-widget-wrap elementor-element-populated\">\n\t\t\t\t\t\t\t\t<div class=\"elementor-element elementor-element-429bd00 elementor-widget elementor-widget-image\" data-id=\"429bd00\" data-element_type=\"widget\" data-widget_type=\"image.default\">\n\t\t\t\t<div class=\"elementor-widget-container\">\n\t\t\t<style>\/*! elementor - v3.5.3 - 28-12-2021 *\/\n.elementor-widget-image{text-align:center}.elementor-widget-image a{display:inline-block}.elementor-widget-image a img[src$=\".svg\"]{width:48px}.elementor-widget-image img{vertical-align:middle;display:inline-block}<\/style>\t\t\t\t\t\t\t\t\t\t\t\t<img loading=\"lazy\" decoding=\"async\" width=\"480\" height=\"480\" src=\"https:\/\/orionagizvedis.com\/wp-content\/uploads\/2021\/12\/sabit.jpg\" class=\"attachment-full size-full\" alt=\"\" srcset=\"https:\/\/orionagizvedis.com\/wp-content\/uploads\/2021\/12\/sabit.jpg 480w, https:\/\/orionagizvedis.com\/wp-content\/uploads\/2021\/12\/sabit-300x300.jpg 300w, https:\/\/orionagizvedis.com\/wp-content\/uploads\/2021\/12\/sabit-150x150.jpg 150w\" sizes=\"auto, (max-width: 480px) 100vw, 480px\" \/>\t\t\t\t\t\t\t\t\t\t\t\t\t\t\t<\/div>\n\t\t\t\t<\/div>\n\t\t\t\t\t<\/div>\n\t\t<\/div>\n\t\t\t\t<div class=\"elementor-column elementor-col-50 elementor-top-column elementor-element elementor-element-ce2a8c3\" data-id=\"ce2a8c3\" data-element_type=\"column\">\n\t\t\t<div class=\"elementor-widget-wrap elementor-element-populated\">\n\t\t\t\t\t\t\t\t<div class=\"elementor-element elementor-element-2e0f3d4 elementor-widget elementor-widget-text-editor\" data-id=\"2e0f3d4\" data-element_type=\"widget\" data-widget_type=\"text-editor.default\">\n\t\t\t\t<div class=\"elementor-widget-container\">\n\t\t\t<style>\/*! elementor - v3.5.3 - 28-12-2021 *\/\n.elementor-widget-text-editor.elementor-drop-cap-view-stacked .elementor-drop-cap{background-color:#818a91;color:#fff}.elementor-widget-text-editor.elementor-drop-cap-view-framed .elementor-drop-cap{color:#818a91;border:3px solid;background-color:transparent}.elementor-widget-text-editor:not(.elementor-drop-cap-view-default) .elementor-drop-cap{margin-top:8px}.elementor-widget-text-editor:not(.elementor-drop-cap-view-default) .elementor-drop-cap-letter{width:1em;height:1em}.elementor-widget-text-editor .elementor-drop-cap{float:left;text-align:center;line-height:1;font-size:50px}.elementor-widget-text-editor .elementor-drop-cap-letter{display:inline-block}<\/style>\t\t\t\t<p>These are the types of prostheses created by adhering the structures prepared on the models obtained from the measurements taken after the preparation on the tooth in a way that they remain fixed on the tooth by adapting to the mouth. <\/p>\n<h2>Advantages of Fixed Dentures <\/h2>\n<ul>\n<li>Prostheses are hidden because they cannot be removed by the patient.<\/li>\n<li>They are generally more natural and aesthetic than a removable prosthesis.<\/li>\n<li>They provide better chewing than removable dentures.<\/li>\n<li>It does not contain prosthetic material that extends behind the palate or under the tongue. <\/li>\n<\/ul>\n<h2>Disadvantages of Fixed Dentures<\/h2>\n<ul>\n<li>Where natural teeth are lost, bone loss occurs.<\/li>\n<li>Healthy adjacent teeth that will support bridges have to be prepared.<\/li>\n<li>Potential gum discomfort increases.<\/li>\n<li>Problems may occur in long-term aesthetics such as gingival recession.<\/li>\n<li>It is difficult to maintain oral hygiene because of the parts around the bridge where bacteria can grow.<\/li>\n<li>Potential for mouth odors.<\/li>\n<li>Decays may occur on the teeth and roots under the bridge.<\/li>\n<\/ul>\n<h2>Overdenture Dental Prostheses <\/h2>\n<p>When there are excessively curved, crooked and elongated teeth that will create incompatibility with the part to be prosthetic, instead of losing these teeth, the lengths of these teeth can be shortened and telescope crowns or precision retainers can be applied on them. These are the approaches where the abutment tooth is molded in the prosthesis and the movable prosthetic structure is applied on it. <\/p>\n<p>They are overdenture prosthetics. Keeping the root of the tooth in the mouth will prevent osteoporosis and preserve the intraoral detection feature. <\/p>\n<h2>Total Prostheses<\/h2>\n<p>If there is no tooth left in the mouth to be taken as a fulcrum, force transmission, support and retention are provided by the prosthesis sitting on the tissue surface. Fully tissue-supported prosthetic applications are called total prostheses.<\/p>\n\t\t\t\t\t\t<\/div>\n\t\t\t\t<\/div>\n\t\t\t\t\t<\/div>\n\t\t<\/div>\n\t\t\t\t\t\t\t<\/div>\n\t\t<\/section>\n\t\t\t\t\t\t<\/div>\n\t\t\t\t\t<\/div>\n\t\t","protected":false},"excerpt":{"rendered":"<p>These are the types of prostheses created by adhering the structures prepared on the models obtained from the measurements taken after the preparation on the tooth in a way that they remain fixed on the tooth by adapting to the mouth. Advantages of Fixed Dentures Prostheses are hidden because they cannot be removed by the [&hellip;]<\/p>\n","protected":false},"author":1,"featured_media":0,"parent":0,"menu_order":0,"comment_status":"closed","ping_status":"closed","template":"","meta":{"_uf_show_specific_survey":0,"_uf_disable_surveys":false,"footnotes":""},"class_list":["post-1569","page","type-page","status-publish","hentry"],"yoast_head":"<!-- This site is optimized with the Yoast SEO plugin v22.6 - https:\/\/yoast.com\/wordpress\/plugins\/seo\/ -->\n<title>Fixed Dentures - Orion - A\u011f\u0131z ve Di\u015f Sa\u011fl\u0131\u011f\u0131 Merkezi<\/title>\n<meta name=\"robots\" content=\"index, follow, max-snippet:-1, max-image-preview:large, max-video-preview:-1\" \/>\n<link rel=\"canonical\" href=\"https:\/\/orionagizvedis.com\/en\/fixed-dentures\/\" \/>\n<meta property=\"og:locale\" content=\"en_US\" \/>\n<meta property=\"og:type\" content=\"article\" \/>\n<meta property=\"og:title\" content=\"Fixed Dentures - Orion - A\u011f\u0131z ve Di\u015f Sa\u011fl\u0131\u011f\u0131 Merkezi\" \/>\n<meta property=\"og:description\" content=\"These are the types of prostheses created by adhering the structures prepared on the models obtained from the measurements taken after the preparation on the tooth in a way that they remain fixed on the tooth by adapting to the mouth. Advantages of Fixed Dentures Prostheses are hidden because they cannot be removed by the [&hellip;]\" \/>\n<meta property=\"og:url\" content=\"https:\/\/orionagizvedis.com\/en\/fixed-dentures\/\" \/>\n<meta property=\"og:site_name\" content=\"Orion - A\u011f\u0131z ve Di\u015f Sa\u011fl\u0131\u011f\u0131 Merkezi\" \/>\n<meta property=\"article:publisher\" content=\"https:\/\/www.facebook.com\/oriondentalhealth\/\" \/>\n<meta property=\"article:modified_time\" content=\"2024-05-16T16:26:25+00:00\" \/>\n<meta property=\"og:image\" content=\"http:\/\/orionagizvedis.com\/wp-content\/uploads\/2021\/12\/sabit.jpg\" \/>\n<meta name=\"twitter:card\" content=\"summary_large_image\" \/>\n<meta name=\"twitter:label1\" content=\"Est. reading time\" \/>\n\t<meta name=\"twitter:data1\" content=\"1 minute\" \/>\n<script type=\"application\/ld+json\" class=\"yoast-schema-graph\">{\"@context\":\"https:\/\/schema.org\",\"@graph\":[{\"@type\":\"WebPage\",\"@id\":\"https:\/\/orionagizvedis.com\/en\/fixed-dentures\/\",\"url\":\"https:\/\/orionagizvedis.com\/en\/fixed-dentures\/\",\"name\":\"Fixed Dentures - Orion - A\u011f\u0131z ve Di\u015f Sa\u011fl\u0131\u011f\u0131 Merkezi\",\"isPartOf\":{\"@id\":\"https:\/\/orionagizvedis.com\/#website\"},\"primaryImageOfPage\":{\"@id\":\"https:\/\/orionagizvedis.com\/en\/fixed-dentures\/#primaryimage\"},\"image\":{\"@id\":\"https:\/\/orionagizvedis.com\/en\/fixed-dentures\/#primaryimage\"},\"thumbnailUrl\":\"http:\/\/orionagizvedis.com\/wp-content\/uploads\/2021\/12\/sabit.jpg\",\"datePublished\":\"2022-01-04T17:41:33+00:00\",\"dateModified\":\"2024-05-16T16:26:25+00:00\",\"breadcrumb\":{\"@id\":\"https:\/\/orionagizvedis.com\/en\/fixed-dentures\/#breadcrumb\"},\"inLanguage\":\"en-US\",\"potentialAction\":[{\"@type\":\"ReadAction\",\"target\":[\"https:\/\/orionagizvedis.com\/en\/fixed-dentures\/\"]}]},{\"@type\":\"ImageObject\",\"inLanguage\":\"en-US\",\"@id\":\"https:\/\/orionagizvedis.com\/en\/fixed-dentures\/#primaryimage\",\"url\":\"http:\/\/orionagizvedis.com\/wp-content\/uploads\/2021\/12\/sabit.jpg\",\"contentUrl\":\"http:\/\/orionagizvedis.com\/wp-content\/uploads\/2021\/12\/sabit.jpg\"},{\"@type\":\"BreadcrumbList\",\"@id\":\"https:\/\/orionagizvedis.com\/en\/fixed-dentures\/#breadcrumb\",\"itemListElement\":[{\"@type\":\"ListItem\",\"position\":1,\"name\":\"Anasayfa\",\"item\":\"https:\/\/orionagizvedis.com\/\"},{\"@type\":\"ListItem\",\"position\":2,\"name\":\"Fixed Dentures\"}]},{\"@type\":\"WebSite\",\"@id\":\"https:\/\/orionagizvedis.com\/#website\",\"url\":\"https:\/\/orionagizvedis.com\/\",\"name\":\"Orion - A\u011f\u0131z ve Di\u015f Sa\u011fl\u0131\u011f\u0131 Merkezi\",\"description\":\"\",\"publisher\":{\"@id\":\"https:\/\/orionagizvedis.com\/#organization\"},\"potentialAction\":[{\"@type\":\"SearchAction\",\"target\":{\"@type\":\"EntryPoint\",\"urlTemplate\":\"https:\/\/orionagizvedis.com\/?s={search_term_string}\"},\"query-input\":\"required name=search_term_string\"}],\"inLanguage\":\"en-US\"},{\"@type\":\"Organization\",\"@id\":\"https:\/\/orionagizvedis.com\/#organization\",\"name\":\"Orion - A\u011f\u0131z ve Di\u015f Sa\u011fl\u0131\u011f\u0131 Merkezi\",\"url\":\"https:\/\/orionagizvedis.com\/\",\"logo\":{\"@type\":\"ImageObject\",\"inLanguage\":\"en-US\",\"@id\":\"https:\/\/orionagizvedis.com\/#\/schema\/logo\/image\/\",\"url\":\"https:\/\/orionagizvedis.com\/wp-content\/uploads\/2021\/12\/orion-logo.png\",\"contentUrl\":\"https:\/\/orionagizvedis.com\/wp-content\/uploads\/2021\/12\/orion-logo.png\",\"width\":129,\"height\":99,\"caption\":\"Orion - A\u011f\u0131z ve Di\u015f Sa\u011fl\u0131\u011f\u0131 Merkezi\"},\"image\":{\"@id\":\"https:\/\/orionagizvedis.com\/#\/schema\/logo\/image\/\"},\"sameAs\":[\"https:\/\/www.facebook.com\/oriondentalhealth\/\",\"https:\/\/www.instagram.com\/orionagizvedis\/\"]}]}<\/script>\n<!-- \/ Yoast SEO plugin. -->","yoast_head_json":{"title":"Fixed Dentures - Orion - A\u011f\u0131z ve Di\u015f Sa\u011fl\u0131\u011f\u0131 Merkezi","robots":{"index":"index","follow":"follow","max-snippet":"max-snippet:-1","max-image-preview":"max-image-preview:large","max-video-preview":"max-video-preview:-1"},"canonical":"https:\/\/orionagizvedis.com\/en\/fixed-dentures\/","og_locale":"en_US","og_type":"article","og_title":"Fixed Dentures - Orion - A\u011f\u0131z ve Di\u015f Sa\u011fl\u0131\u011f\u0131 Merkezi","og_description":"These are the types of prostheses created by adhering the structures prepared on the models obtained from the measurements taken after the preparation on the tooth in a way that they remain fixed on the tooth by adapting to the mouth. Advantages of Fixed Dentures Prostheses are hidden because they cannot be removed by the [&hellip;]","og_url":"https:\/\/orionagizvedis.com\/en\/fixed-dentures\/","og_site_name":"Orion - A\u011f\u0131z ve Di\u015f Sa\u011fl\u0131\u011f\u0131 Merkezi","article_publisher":"https:\/\/www.facebook.com\/oriondentalhealth\/","article_modified_time":"2024-05-16T16:26:25+00:00","og_image":[{"url":"http:\/\/orionagizvedis.com\/wp-content\/uploads\/2021\/12\/sabit.jpg"}],"twitter_card":"summary_large_image","twitter_misc":{"Est. reading time":"1 minute"},"schema":{"@context":"https:\/\/schema.org","@graph":[{"@type":"WebPage","@id":"https:\/\/orionagizvedis.com\/en\/fixed-dentures\/","url":"https:\/\/orionagizvedis.com\/en\/fixed-dentures\/","name":"Fixed Dentures - Orion - A\u011f\u0131z ve Di\u015f Sa\u011fl\u0131\u011f\u0131 Merkezi","isPartOf":{"@id":"https:\/\/orionagizvedis.com\/#website"},"primaryImageOfPage":{"@id":"https:\/\/orionagizvedis.com\/en\/fixed-dentures\/#primaryimage"},"image":{"@id":"https:\/\/orionagizvedis.com\/en\/fixed-dentures\/#primaryimage"},"thumbnailUrl":"http:\/\/orionagizvedis.com\/wp-content\/uploads\/2021\/12\/sabit.jpg","datePublished":"2022-01-04T17:41:33+00:00","dateModified":"2024-05-16T16:26:25+00:00","breadcrumb":{"@id":"https:\/\/orionagizvedis.com\/en\/fixed-dentures\/#breadcrumb"},"inLanguage":"en-US","potentialAction":[{"@type":"ReadAction","target":["https:\/\/orionagizvedis.com\/en\/fixed-dentures\/"]}]},{"@type":"ImageObject","inLanguage":"en-US","@id":"https:\/\/orionagizvedis.com\/en\/fixed-dentures\/#primaryimage","url":"http:\/\/orionagizvedis.com\/wp-content\/uploads\/2021\/12\/sabit.jpg","contentUrl":"http:\/\/orionagizvedis.com\/wp-content\/uploads\/2021\/12\/sabit.jpg"},{"@type":"BreadcrumbList","@id":"https:\/\/orionagizvedis.com\/en\/fixed-dentures\/#breadcrumb","itemListElement":[{"@type":"ListItem","position":1,"name":"Anasayfa","item":"https:\/\/orionagizvedis.com\/"},{"@type":"ListItem","position":2,"name":"Fixed Dentures"}]},{"@type":"WebSite","@id":"https:\/\/orionagizvedis.com\/#website","url":"https:\/\/orionagizvedis.com\/","name":"Orion - A\u011f\u0131z ve Di\u015f Sa\u011fl\u0131\u011f\u0131 Merkezi","description":"","publisher":{"@id":"https:\/\/orionagizvedis.com\/#organization"},"potentialAction":[{"@type":"SearchAction","target":{"@type":"EntryPoint","urlTemplate":"https:\/\/orionagizvedis.com\/?s={search_term_string}"},"query-input":"required name=search_term_string"}],"inLanguage":"en-US"},{"@type":"Organization","@id":"https:\/\/orionagizvedis.com\/#organization","name":"Orion - A\u011f\u0131z ve Di\u015f Sa\u011fl\u0131\u011f\u0131 Merkezi","url":"https:\/\/orionagizvedis.com\/","logo":{"@type":"ImageObject","inLanguage":"en-US","@id":"https:\/\/orionagizvedis.com\/#\/schema\/logo\/image\/","url":"https:\/\/orionagizvedis.com\/wp-content\/uploads\/2021\/12\/orion-logo.png","contentUrl":"https:\/\/orionagizvedis.com\/wp-content\/uploads\/2021\/12\/orion-logo.png","width":129,"height":99,"caption":"Orion - A\u011f\u0131z ve Di\u015f Sa\u011fl\u0131\u011f\u0131 Merkezi"},"image":{"@id":"https:\/\/orionagizvedis.com\/#\/schema\/logo\/image\/"},"sameAs":["https:\/\/www.facebook.com\/oriondentalhealth\/","https:\/\/www.instagram.com\/orionagizvedis\/"]}]}},"_links":{"self":[{"href":"https:\/\/orionagizvedis.com\/en\/wp-json\/wp\/v2\/pages\/1569","targetHints":{"allow":["GET"]}}],"collection":[{"href":"https:\/\/orionagizvedis.com\/en\/wp-json\/wp\/v2\/pages"}],"about":[{"href":"https:\/\/orionagizvedis.com\/en\/wp-json\/wp\/v2\/types\/page"}],"author":[{"embeddable":true,"href":"https:\/\/orionagizvedis.com\/en\/wp-json\/wp\/v2\/users\/1"}],"replies":[{"embeddable":true,"href":"https:\/\/orionagizvedis.com\/en\/wp-json\/wp\/v2\/comments?post=1569"}],"version-history":[{"count":2,"href":"https:\/\/orionagizvedis.com\/en\/wp-json\/wp\/v2\/pages\/1569\/revisions"}],"predecessor-version":[{"id":2181,"href":"https:\/\/orionagizvedis.com\/en\/wp-json\/wp\/v2\/pages\/1569\/revisions\/2181"}],"wp:attachment":[{"href":"https:\/\/orionagizvedis.com\/en\/wp-json\/wp\/v2\/media?parent=1569"}],"curies":[{"name":"wp","href":"https:\/\/api.w.org\/{rel}","templated":true}]}}