{"id":1516,"date":"2022-01-04T19:32:59","date_gmt":"2022-01-04T16:32:59","guid":{"rendered":"https:\/\/orionagizvedis.com\/oral-and-dental-care-in-orthodontic-treatment\/"},"modified":"2022-01-04T19:33:11","modified_gmt":"2022-01-04T16:33:11","slug":"oral-and-dental-care-in-orthodontic-treatment","status":"publish","type":"page","link":"https:\/\/orionagizvedis.com\/en\/oral-and-dental-care-in-orthodontic-treatment\/","title":{"rendered":"Oral and Dental Care in Orthodontic Treatment"},"content":{"rendered":"\t\t<div data-elementor-type=\"wp-page\" data-elementor-id=\"1516\" class=\"elementor elementor-1516\" data-elementor-settings=\"[]\">\n\t\t\t\t\t\t\t<div class=\"elementor-section-wrap\">\n\t\t\t\t\t\t\t<section class=\"elementor-section elementor-top-section elementor-element elementor-element-a198bd2 elementor-section-boxed elementor-section-height-default elementor-section-height-default\" data-id=\"a198bd2\" data-element_type=\"section\" data-settings=\"{&quot;background_background&quot;:&quot;classic&quot;}\">\n\t\t\t\t\t\t\t<div class=\"elementor-background-overlay\"><\/div>\n\t\t\t\t\t\t\t<div class=\"elementor-container elementor-column-gap-wide\">\n\t\t\t\t\t<div class=\"elementor-column elementor-col-50 elementor-top-column elementor-element elementor-element-5a3a918\" data-id=\"5a3a918\" data-element_type=\"column\">\n\t\t\t<div class=\"elementor-widget-wrap elementor-element-populated\">\n\t\t\t\t\t\t\t\t<div class=\"elementor-element elementor-element-d8ddd64 elementor-widget elementor-widget-image\" data-id=\"d8ddd64\" data-element_type=\"widget\" data-widget_type=\"image.default\">\n\t\t\t\t<div class=\"elementor-widget-container\">\n\t\t\t<style>\/*! elementor - v3.5.3 - 28-12-2021 *\/\n.elementor-widget-image{text-align:center}.elementor-widget-image a{display:inline-block}.elementor-widget-image a img[src$=\".svg\"]{width:48px}.elementor-widget-image img{vertical-align:middle;display:inline-block}<\/style>\t\t\t\t\t\t\t\t\t\t\t\t<img loading=\"lazy\" decoding=\"async\" width=\"480\" height=\"480\" src=\"https:\/\/orionagizvedis.com\/wp-content\/uploads\/2021\/12\/bakim.jpg\" class=\"attachment-full size-full\" alt=\"\" srcset=\"https:\/\/orionagizvedis.com\/wp-content\/uploads\/2021\/12\/bakim.jpg 480w, https:\/\/orionagizvedis.com\/wp-content\/uploads\/2021\/12\/bakim-300x300.jpg 300w, https:\/\/orionagizvedis.com\/wp-content\/uploads\/2021\/12\/bakim-150x150.jpg 150w\" sizes=\"auto, (max-width: 480px) 100vw, 480px\" \/>\t\t\t\t\t\t\t\t\t\t\t\t\t\t\t<\/div>\n\t\t\t\t<\/div>\n\t\t\t\t\t<\/div>\n\t\t<\/div>\n\t\t\t\t<div class=\"elementor-column elementor-col-50 elementor-top-column elementor-element elementor-element-3f6ed17\" data-id=\"3f6ed17\" data-element_type=\"column\">\n\t\t\t<div class=\"elementor-widget-wrap elementor-element-populated\">\n\t\t\t\t\t\t\t\t<div class=\"elementor-element elementor-element-9cc244f elementor-widget elementor-widget-text-editor\" data-id=\"9cc244f\" data-element_type=\"widget\" data-widget_type=\"text-editor.default\">\n\t\t\t\t<div class=\"elementor-widget-container\">\n\t\t\t<style>\/*! elementor - v3.5.3 - 28-12-2021 *\/\n.elementor-widget-text-editor.elementor-drop-cap-view-stacked .elementor-drop-cap{background-color:#818a91;color:#fff}.elementor-widget-text-editor.elementor-drop-cap-view-framed .elementor-drop-cap{color:#818a91;border:3px solid;background-color:transparent}.elementor-widget-text-editor:not(.elementor-drop-cap-view-default) .elementor-drop-cap{margin-top:8px}.elementor-widget-text-editor:not(.elementor-drop-cap-view-default) .elementor-drop-cap-letter{width:1em;height:1em}.elementor-widget-text-editor .elementor-drop-cap{float:left;text-align:center;line-height:1;font-size:50px}.elementor-widget-text-editor .elementor-drop-cap-letter{display:inline-block}<\/style>\t\t\t\t<p>Orthodontic patients should pay great attention to their oral and dental care. In people who do not have good dental care habits, there are many measures to prevent stains that may occur on the teeth after treatments, but to prevent the appearance of smooth but stained and ugly teeth.<\/p>\n<p>Your dentist will see you every 6 months while continuing orthodontic treatment and apply these precautions when necessary.<\/p>\n<h2>Floss Use<\/h2>\n<p>Dental floss is a nylon thread that cleans the food residue and bacterial plaque accumulated between the teeth. Break the enough length of floss and pass it between the braces and brackets in a \u2018C\u2019 shape.<\/p>\n<p>Wrap one end of the floss on your two middle fingers several times, leave the floss between 3-5 cm in the middle, using your thumbs, gently press it from the chewing surface with gentle movements between the teeth and until it reaches the gum.<\/p>\n<p>Move the floss up and down between the teeth to remove plaque and food residues in the interdental and gum pockets.<\/p>\n<p>Do not move the floss back and forth. This can damage the gums.<\/p>\n<p>Start using floss from one side of your mouth and continue to systematically clean towards the opposite side.<\/p>\n<h2>Using the Interface Brush<\/h2>\n<p>After floss cleaning, place the appropriate size interface brush under the braces recommended by your orthodontist. Move the interface brush up and down with gentle movements to remove any food residue that may have remained between the brackets and wires.<\/p>\n<p>Brush between the teeth and under the braces where the brush can enter easily. Do not force the brush head excessively in small gaps and especially between crooked teeth that have not yet recovered at the beginning of the treatment.<\/p>\n<h2>Use of mouthwash<\/h2>\n<p>In orthodontic treatment, rinsing with mouthwash completes the cleaning process. However, remember that using mouthwash alone does not remove bacterial plaque. Mouthwashes are not a substitute for brushing teeth using a dental floss interface brush. It is just an additional protection maintenance method Read the instructions for use on the mouthwash box. Do not swallow mouthwash. Mouthwash is not suitable for children under six years old.<\/p>\n\t\t\t\t\t\t<\/div>\n\t\t\t\t<\/div>\n\t\t\t\t\t<\/div>\n\t\t<\/div>\n\t\t\t\t\t\t\t<\/div>\n\t\t<\/section>\n\t\t\t\t\t\t<\/div>\n\t\t\t\t\t<\/div>\n\t\t","protected":false},"excerpt":{"rendered":"<p>Orthodontic patients should pay great attention to their oral and dental care. In people who do not have good dental care habits, there are many measures to prevent stains that may occur on the teeth after treatments, but to prevent the appearance of smooth but stained and ugly teeth. Your dentist will see you every [&hellip;]<\/p>\n","protected":false},"author":1,"featured_media":0,"parent":0,"menu_order":0,"comment_status":"closed","ping_status":"closed","template":"","meta":{"_uf_show_specific_survey":0,"_uf_disable_surveys":false,"footnotes":""},"class_list":["post-1516","page","type-page","status-publish","hentry"],"yoast_head":"<!-- This site is optimized with the Yoast SEO plugin v22.6 - https:\/\/yoast.com\/wordpress\/plugins\/seo\/ -->\n<title>Oral and Dental Care in Orthodontic Treatment - Orion - A\u011f\u0131z ve Di\u015f Sa\u011fl\u0131\u011f\u0131 Merkezi<\/title>\n<meta name=\"robots\" content=\"index, follow, max-snippet:-1, max-image-preview:large, max-video-preview:-1\" \/>\n<link rel=\"canonical\" href=\"https:\/\/orionagizvedis.com\/ortodontik-tedavide-agiz-ve-dis-bakimi\/\" \/>\n<meta property=\"og:locale\" content=\"en_US\" \/>\n<meta property=\"og:type\" content=\"article\" \/>\n<meta property=\"og:title\" content=\"Oral and Dental Care in Orthodontic Treatment - Orion - A\u011f\u0131z ve Di\u015f Sa\u011fl\u0131\u011f\u0131 Merkezi\" \/>\n<meta property=\"og:description\" content=\"Orthodontic patients should pay great attention to their oral and dental care. In people who do not have good dental care habits, there are many measures to prevent stains that may occur on the teeth after treatments, but to prevent the appearance of smooth but stained and ugly teeth. Your dentist will see you every [&hellip;]\" \/>\n<meta property=\"og:url\" content=\"https:\/\/orionagizvedis.com\/ortodontik-tedavide-agiz-ve-dis-bakimi\/\" \/>\n<meta property=\"og:site_name\" content=\"Orion - A\u011f\u0131z ve Di\u015f Sa\u011fl\u0131\u011f\u0131 Merkezi\" \/>\n<meta property=\"article:publisher\" content=\"https:\/\/www.facebook.com\/oriondentalhealth\/\" \/>\n<meta property=\"article:modified_time\" content=\"2022-01-04T16:33:11+00:00\" \/>\n<meta property=\"og:image\" content=\"http:\/\/orionagizvedis.com\/wp-content\/uploads\/2021\/12\/bakim.jpg\" \/>\n<meta name=\"twitter:card\" content=\"summary_large_image\" \/>\n<meta name=\"twitter:label1\" content=\"Est. reading time\" \/>\n\t<meta name=\"twitter:data1\" content=\"2 minutes\" \/>\n<script type=\"application\/ld+json\" class=\"yoast-schema-graph\">{\"@context\":\"https:\/\/schema.org\",\"@graph\":[{\"@type\":\"WebPage\",\"@id\":\"https:\/\/orionagizvedis.com\/ortodontik-tedavide-agiz-ve-dis-bakimi\/\",\"url\":\"https:\/\/orionagizvedis.com\/ortodontik-tedavide-agiz-ve-dis-bakimi\/\",\"name\":\"Oral and Dental Care in Orthodontic Treatment - Orion - A\u011f\u0131z ve Di\u015f Sa\u011fl\u0131\u011f\u0131 Merkezi\",\"isPartOf\":{\"@id\":\"https:\/\/orionagizvedis.com\/#website\"},\"primaryImageOfPage\":{\"@id\":\"https:\/\/orionagizvedis.com\/ortodontik-tedavide-agiz-ve-dis-bakimi\/#primaryimage\"},\"image\":{\"@id\":\"https:\/\/orionagizvedis.com\/ortodontik-tedavide-agiz-ve-dis-bakimi\/#primaryimage\"},\"thumbnailUrl\":\"http:\/\/orionagizvedis.com\/wp-content\/uploads\/2021\/12\/bakim.jpg\",\"datePublished\":\"2022-01-04T16:32:59+00:00\",\"dateModified\":\"2022-01-04T16:33:11+00:00\",\"breadcrumb\":{\"@id\":\"https:\/\/orionagizvedis.com\/ortodontik-tedavide-agiz-ve-dis-bakimi\/#breadcrumb\"},\"inLanguage\":\"en-US\",\"potentialAction\":[{\"@type\":\"ReadAction\",\"target\":[\"https:\/\/orionagizvedis.com\/ortodontik-tedavide-agiz-ve-dis-bakimi\/\"]}]},{\"@type\":\"ImageObject\",\"inLanguage\":\"en-US\",\"@id\":\"https:\/\/orionagizvedis.com\/ortodontik-tedavide-agiz-ve-dis-bakimi\/#primaryimage\",\"url\":\"http:\/\/orionagizvedis.com\/wp-content\/uploads\/2021\/12\/bakim.jpg\",\"contentUrl\":\"http:\/\/orionagizvedis.com\/wp-content\/uploads\/2021\/12\/bakim.jpg\"},{\"@type\":\"BreadcrumbList\",\"@id\":\"https:\/\/orionagizvedis.com\/ortodontik-tedavide-agiz-ve-dis-bakimi\/#breadcrumb\",\"itemListElement\":[{\"@type\":\"ListItem\",\"position\":1,\"name\":\"Anasayfa\",\"item\":\"https:\/\/orionagizvedis.com\/\"},{\"@type\":\"ListItem\",\"position\":2,\"name\":\"Oral and Dental Care in Orthodontic Treatment\"}]},{\"@type\":\"WebSite\",\"@id\":\"https:\/\/orionagizvedis.com\/#website\",\"url\":\"https:\/\/orionagizvedis.com\/\",\"name\":\"Orion - A\u011f\u0131z ve Di\u015f Sa\u011fl\u0131\u011f\u0131 Merkezi\",\"description\":\"\",\"publisher\":{\"@id\":\"https:\/\/orionagizvedis.com\/#organization\"},\"potentialAction\":[{\"@type\":\"SearchAction\",\"target\":{\"@type\":\"EntryPoint\",\"urlTemplate\":\"https:\/\/orionagizvedis.com\/?s={search_term_string}\"},\"query-input\":\"required name=search_term_string\"}],\"inLanguage\":\"en-US\"},{\"@type\":\"Organization\",\"@id\":\"https:\/\/orionagizvedis.com\/#organization\",\"name\":\"Orion - A\u011f\u0131z ve Di\u015f Sa\u011fl\u0131\u011f\u0131 Merkezi\",\"url\":\"https:\/\/orionagizvedis.com\/\",\"logo\":{\"@type\":\"ImageObject\",\"inLanguage\":\"en-US\",\"@id\":\"https:\/\/orionagizvedis.com\/#\/schema\/logo\/image\/\",\"url\":\"https:\/\/orionagizvedis.com\/wp-content\/uploads\/2021\/12\/orion-logo.png\",\"contentUrl\":\"https:\/\/orionagizvedis.com\/wp-content\/uploads\/2021\/12\/orion-logo.png\",\"width\":129,\"height\":99,\"caption\":\"Orion - A\u011f\u0131z ve Di\u015f Sa\u011fl\u0131\u011f\u0131 Merkezi\"},\"image\":{\"@id\":\"https:\/\/orionagizvedis.com\/#\/schema\/logo\/image\/\"},\"sameAs\":[\"https:\/\/www.facebook.com\/oriondentalhealth\/\",\"https:\/\/www.instagram.com\/orionagizvedis\/\"]}]}<\/script>\n<!-- \/ Yoast SEO plugin. -->","yoast_head_json":{"title":"Oral and Dental Care in Orthodontic Treatment - Orion - A\u011f\u0131z ve Di\u015f Sa\u011fl\u0131\u011f\u0131 Merkezi","robots":{"index":"index","follow":"follow","max-snippet":"max-snippet:-1","max-image-preview":"max-image-preview:large","max-video-preview":"max-video-preview:-1"},"canonical":"https:\/\/orionagizvedis.com\/ortodontik-tedavide-agiz-ve-dis-bakimi\/","og_locale":"en_US","og_type":"article","og_title":"Oral and Dental Care in Orthodontic Treatment - Orion - A\u011f\u0131z ve Di\u015f Sa\u011fl\u0131\u011f\u0131 Merkezi","og_description":"Orthodontic patients should pay great attention to their oral and dental care. In people who do not have good dental care habits, there are many measures to prevent stains that may occur on the teeth after treatments, but to prevent the appearance of smooth but stained and ugly teeth. Your dentist will see you every [&hellip;]","og_url":"https:\/\/orionagizvedis.com\/ortodontik-tedavide-agiz-ve-dis-bakimi\/","og_site_name":"Orion - A\u011f\u0131z ve Di\u015f Sa\u011fl\u0131\u011f\u0131 Merkezi","article_publisher":"https:\/\/www.facebook.com\/oriondentalhealth\/","article_modified_time":"2022-01-04T16:33:11+00:00","og_image":[{"url":"http:\/\/orionagizvedis.com\/wp-content\/uploads\/2021\/12\/bakim.jpg"}],"twitter_card":"summary_large_image","twitter_misc":{"Est. reading time":"2 minutes"},"schema":{"@context":"https:\/\/schema.org","@graph":[{"@type":"WebPage","@id":"https:\/\/orionagizvedis.com\/ortodontik-tedavide-agiz-ve-dis-bakimi\/","url":"https:\/\/orionagizvedis.com\/ortodontik-tedavide-agiz-ve-dis-bakimi\/","name":"Oral and Dental Care in Orthodontic Treatment - Orion - A\u011f\u0131z ve Di\u015f Sa\u011fl\u0131\u011f\u0131 Merkezi","isPartOf":{"@id":"https:\/\/orionagizvedis.com\/#website"},"primaryImageOfPage":{"@id":"https:\/\/orionagizvedis.com\/ortodontik-tedavide-agiz-ve-dis-bakimi\/#primaryimage"},"image":{"@id":"https:\/\/orionagizvedis.com\/ortodontik-tedavide-agiz-ve-dis-bakimi\/#primaryimage"},"thumbnailUrl":"http:\/\/orionagizvedis.com\/wp-content\/uploads\/2021\/12\/bakim.jpg","datePublished":"2022-01-04T16:32:59+00:00","dateModified":"2022-01-04T16:33:11+00:00","breadcrumb":{"@id":"https:\/\/orionagizvedis.com\/ortodontik-tedavide-agiz-ve-dis-bakimi\/#breadcrumb"},"inLanguage":"en-US","potentialAction":[{"@type":"ReadAction","target":["https:\/\/orionagizvedis.com\/ortodontik-tedavide-agiz-ve-dis-bakimi\/"]}]},{"@type":"ImageObject","inLanguage":"en-US","@id":"https:\/\/orionagizvedis.com\/ortodontik-tedavide-agiz-ve-dis-bakimi\/#primaryimage","url":"http:\/\/orionagizvedis.com\/wp-content\/uploads\/2021\/12\/bakim.jpg","contentUrl":"http:\/\/orionagizvedis.com\/wp-content\/uploads\/2021\/12\/bakim.jpg"},{"@type":"BreadcrumbList","@id":"https:\/\/orionagizvedis.com\/ortodontik-tedavide-agiz-ve-dis-bakimi\/#breadcrumb","itemListElement":[{"@type":"ListItem","position":1,"name":"Anasayfa","item":"https:\/\/orionagizvedis.com\/"},{"@type":"ListItem","position":2,"name":"Oral and Dental Care in Orthodontic Treatment"}]},{"@type":"WebSite","@id":"https:\/\/orionagizvedis.com\/#website","url":"https:\/\/orionagizvedis.com\/","name":"Orion - A\u011f\u0131z ve Di\u015f Sa\u011fl\u0131\u011f\u0131 Merkezi","description":"","publisher":{"@id":"https:\/\/orionagizvedis.com\/#organization"},"potentialAction":[{"@type":"SearchAction","target":{"@type":"EntryPoint","urlTemplate":"https:\/\/orionagizvedis.com\/?s={search_term_string}"},"query-input":"required name=search_term_string"}],"inLanguage":"en-US"},{"@type":"Organization","@id":"https:\/\/orionagizvedis.com\/#organization","name":"Orion - A\u011f\u0131z ve Di\u015f Sa\u011fl\u0131\u011f\u0131 Merkezi","url":"https:\/\/orionagizvedis.com\/","logo":{"@type":"ImageObject","inLanguage":"en-US","@id":"https:\/\/orionagizvedis.com\/#\/schema\/logo\/image\/","url":"https:\/\/orionagizvedis.com\/wp-content\/uploads\/2021\/12\/orion-logo.png","contentUrl":"https:\/\/orionagizvedis.com\/wp-content\/uploads\/2021\/12\/orion-logo.png","width":129,"height":99,"caption":"Orion - A\u011f\u0131z ve Di\u015f Sa\u011fl\u0131\u011f\u0131 Merkezi"},"image":{"@id":"https:\/\/orionagizvedis.com\/#\/schema\/logo\/image\/"},"sameAs":["https:\/\/www.facebook.com\/oriondentalhealth\/","https:\/\/www.instagram.com\/orionagizvedis\/"]}]}},"_links":{"self":[{"href":"https:\/\/orionagizvedis.com\/en\/wp-json\/wp\/v2\/pages\/1516","targetHints":{"allow":["GET"]}}],"collection":[{"href":"https:\/\/orionagizvedis.com\/en\/wp-json\/wp\/v2\/pages"}],"about":[{"href":"https:\/\/orionagizvedis.com\/en\/wp-json\/wp\/v2\/types\/page"}],"author":[{"embeddable":true,"href":"https:\/\/orionagizvedis.com\/en\/wp-json\/wp\/v2\/users\/1"}],"replies":[{"embeddable":true,"href":"https:\/\/orionagizvedis.com\/en\/wp-json\/wp\/v2\/comments?post=1516"}],"version-history":[{"count":3,"href":"https:\/\/orionagizvedis.com\/en\/wp-json\/wp\/v2\/pages\/1516\/revisions"}],"predecessor-version":[{"id":1519,"href":"https:\/\/orionagizvedis.com\/en\/wp-json\/wp\/v2\/pages\/1516\/revisions\/1519"}],"wp:attachment":[{"href":"https:\/\/orionagizvedis.com\/en\/wp-json\/wp\/v2\/media?parent=1516"}],"curies":[{"name":"wp","href":"https:\/\/api.w.org\/{rel}","templated":true}]}}