{"id":1414,"date":"2022-01-03T21:57:38","date_gmt":"2022-01-03T18:57:38","guid":{"rendered":"https:\/\/orionagizvedis.com\/invisalign\/"},"modified":"2022-01-03T21:57:41","modified_gmt":"2022-01-03T18:57:41","slug":"invisalign","status":"publish","type":"page","link":"https:\/\/orionagizvedis.com\/en\/invisalign\/","title":{"rendered":"Invisalign"},"content":{"rendered":"\t\t<div data-elementor-type=\"wp-page\" data-elementor-id=\"1414\" class=\"elementor elementor-1414\" data-elementor-settings=\"[]\">\n\t\t\t\t\t\t\t<div class=\"elementor-section-wrap\">\n\t\t\t\t\t\t\t<section class=\"elementor-section elementor-top-section elementor-element elementor-element-a198bd2 elementor-section-boxed elementor-section-height-default elementor-section-height-default\" data-id=\"a198bd2\" data-element_type=\"section\" data-settings=\"{&quot;background_background&quot;:&quot;classic&quot;}\">\n\t\t\t\t\t\t\t<div class=\"elementor-background-overlay\"><\/div>\n\t\t\t\t\t\t\t<div class=\"elementor-container elementor-column-gap-wide\">\n\t\t\t\t\t<div class=\"elementor-column elementor-col-50 elementor-top-column elementor-element elementor-element-5a3a918\" data-id=\"5a3a918\" data-element_type=\"column\">\n\t\t\t<div class=\"elementor-widget-wrap elementor-element-populated\">\n\t\t\t\t\t\t\t\t<div class=\"elementor-element elementor-element-d8ddd64 elementor-widget elementor-widget-image\" data-id=\"d8ddd64\" data-element_type=\"widget\" data-widget_type=\"image.default\">\n\t\t\t\t<div class=\"elementor-widget-container\">\n\t\t\t<style>\/*! elementor - v3.5.3 - 28-12-2021 *\/\n.elementor-widget-image{text-align:center}.elementor-widget-image a{display:inline-block}.elementor-widget-image a img[src$=\".svg\"]{width:48px}.elementor-widget-image img{vertical-align:middle;display:inline-block}<\/style>\t\t\t\t\t\t\t\t\t\t\t\t<img loading=\"lazy\" decoding=\"async\" width=\"480\" height=\"480\" src=\"https:\/\/orionagizvedis.com\/wp-content\/uploads\/2021\/12\/invisalign.jpg\" class=\"attachment-full size-full\" alt=\"\" srcset=\"https:\/\/orionagizvedis.com\/wp-content\/uploads\/2021\/12\/invisalign.jpg 480w, https:\/\/orionagizvedis.com\/wp-content\/uploads\/2021\/12\/invisalign-300x300.jpg 300w, https:\/\/orionagizvedis.com\/wp-content\/uploads\/2021\/12\/invisalign-150x150.jpg 150w\" sizes=\"auto, (max-width: 480px) 100vw, 480px\" \/>\t\t\t\t\t\t\t\t\t\t\t\t\t\t\t<\/div>\n\t\t\t\t<\/div>\n\t\t\t\t\t<\/div>\n\t\t<\/div>\n\t\t\t\t<div class=\"elementor-column elementor-col-50 elementor-top-column elementor-element elementor-element-3f6ed17\" data-id=\"3f6ed17\" data-element_type=\"column\">\n\t\t\t<div class=\"elementor-widget-wrap elementor-element-populated\">\n\t\t\t\t\t\t\t\t<div class=\"elementor-element elementor-element-9cc244f elementor-widget elementor-widget-text-editor\" data-id=\"9cc244f\" data-element_type=\"widget\" data-widget_type=\"text-editor.default\">\n\t\t\t\t<div class=\"elementor-widget-container\">\n\t\t\t<style>\/*! elementor - v3.5.3 - 28-12-2021 *\/\n.elementor-widget-text-editor.elementor-drop-cap-view-stacked .elementor-drop-cap{background-color:#818a91;color:#fff}.elementor-widget-text-editor.elementor-drop-cap-view-framed .elementor-drop-cap{color:#818a91;border:3px solid;background-color:transparent}.elementor-widget-text-editor:not(.elementor-drop-cap-view-default) .elementor-drop-cap{margin-top:8px}.elementor-widget-text-editor:not(.elementor-drop-cap-view-default) .elementor-drop-cap-letter{width:1em;height:1em}.elementor-widget-text-editor .elementor-drop-cap{float:left;text-align:center;line-height:1;font-size:50px}.elementor-widget-text-editor .elementor-drop-cap-letter{display:inline-block}<\/style>\t\t\t\t<p>In recent years, it is possible to be treated by moving away from the aesthetically disturbing metal appearance with wireless orthodontic applications, known as invisalign, or transparent plate treatment. In this type of treatment, the person who will receive the treatment and the orthodontist can see the final version of the procedure on a model. Thus, the possibility of encountering an unwanted surprise is eliminated.<\/p>\n<p>Invisalign treatment fees; With the transparent plaques to be used, the patient\u2019s teeth vary in terms of crowding and difficulties. Considering the advantages of Invisalign treatment, we can clearly say that the treatment is not an expensive technique. It is a more costly treatment than fixed orthodontic treatment. Invisalign treatment prices; varies according to the duration of the treatment, transparent appliances and the condition of dental disorders. The ease of application and the success achieved in the Invisalign treatment process is a remarkable detail. <\/p>\n<p>The most important feature of Invisalign is that it does not affect your daily life in a negative way. First of all, Invisalign is hardly visible in your mouth and you can continue to laugh as you wish during the treatment. You can easily remove your plates while eating, drinking or brushing your teeth, and eat whatever you want. Since the treatment is made without metal and soft plates are used, you will not have a situation that will disturb your teeth and gums.<\/p>\n<p>In addition, lingual orthodontics (invisible braces treatment), which is developed for people who are uncomfortable with metal appearance and who care about their external appearance, are also applied. In this application, metal brackets are placed on the inner surface of the teeth, not the outer surface of the teeth. It is an application that is especially popular with adult patients It is very difficult or even impossible for anyone outside to notice this application.<\/p>\n\t\t\t\t\t\t<\/div>\n\t\t\t\t<\/div>\n\t\t\t\t\t<\/div>\n\t\t<\/div>\n\t\t\t\t\t\t\t<\/div>\n\t\t<\/section>\n\t\t\t\t\t\t<\/div>\n\t\t\t\t\t<\/div>\n\t\t","protected":false},"excerpt":{"rendered":"<p>In recent years, it is possible to be treated by moving away from the aesthetically disturbing metal appearance with wireless orthodontic applications, known as invisalign, or transparent plate treatment. In this type of treatment, the person who will receive the treatment and the orthodontist can see the final version of the procedure on a model. [&hellip;]<\/p>\n","protected":false},"author":1,"featured_media":0,"parent":0,"menu_order":0,"comment_status":"closed","ping_status":"closed","template":"","meta":{"_uf_show_specific_survey":0,"_uf_disable_surveys":false,"footnotes":""},"class_list":["post-1414","page","type-page","status-publish","hentry"],"yoast_head":"<!-- This site is optimized with the Yoast SEO plugin v22.6 - https:\/\/yoast.com\/wordpress\/plugins\/seo\/ -->\n<title>Invisalign - Orion - A\u011f\u0131z ve Di\u015f Sa\u011fl\u0131\u011f\u0131 Merkezi<\/title>\n<meta name=\"robots\" content=\"index, follow, max-snippet:-1, max-image-preview:large, max-video-preview:-1\" \/>\n<link rel=\"canonical\" href=\"https:\/\/orionagizvedis.com\/invisalign-telsiz-ortodonti-tedavileri\/\" \/>\n<meta property=\"og:locale\" content=\"en_US\" \/>\n<meta property=\"og:type\" content=\"article\" \/>\n<meta property=\"og:title\" content=\"Invisalign - Orion - A\u011f\u0131z ve Di\u015f Sa\u011fl\u0131\u011f\u0131 Merkezi\" \/>\n<meta property=\"og:description\" content=\"In recent years, it is possible to be treated by moving away from the aesthetically disturbing metal appearance with wireless orthodontic applications, known as invisalign, or transparent plate treatment. In this type of treatment, the person who will receive the treatment and the orthodontist can see the final version of the procedure on a model. [&hellip;]\" \/>\n<meta property=\"og:url\" content=\"https:\/\/orionagizvedis.com\/invisalign-telsiz-ortodonti-tedavileri\/\" \/>\n<meta property=\"og:site_name\" content=\"Orion - A\u011f\u0131z ve Di\u015f Sa\u011fl\u0131\u011f\u0131 Merkezi\" \/>\n<meta property=\"article:publisher\" content=\"https:\/\/www.facebook.com\/oriondentalhealth\/\" \/>\n<meta property=\"article:modified_time\" content=\"2022-01-03T18:57:41+00:00\" \/>\n<meta property=\"og:image\" content=\"http:\/\/orionagizvedis.com\/wp-content\/uploads\/2021\/12\/invisalign.jpg\" \/>\n<meta name=\"twitter:card\" content=\"summary_large_image\" \/>\n<meta name=\"twitter:label1\" content=\"Est. reading time\" \/>\n\t<meta name=\"twitter:data1\" content=\"2 minutes\" \/>\n<script type=\"application\/ld+json\" class=\"yoast-schema-graph\">{\"@context\":\"https:\/\/schema.org\",\"@graph\":[{\"@type\":\"WebPage\",\"@id\":\"https:\/\/orionagizvedis.com\/invisalign-telsiz-ortodonti-tedavileri\/\",\"url\":\"https:\/\/orionagizvedis.com\/invisalign-telsiz-ortodonti-tedavileri\/\",\"name\":\"Invisalign - Orion - A\u011f\u0131z ve Di\u015f Sa\u011fl\u0131\u011f\u0131 Merkezi\",\"isPartOf\":{\"@id\":\"https:\/\/orionagizvedis.com\/#website\"},\"primaryImageOfPage\":{\"@id\":\"https:\/\/orionagizvedis.com\/invisalign-telsiz-ortodonti-tedavileri\/#primaryimage\"},\"image\":{\"@id\":\"https:\/\/orionagizvedis.com\/invisalign-telsiz-ortodonti-tedavileri\/#primaryimage\"},\"thumbnailUrl\":\"http:\/\/orionagizvedis.com\/wp-content\/uploads\/2021\/12\/invisalign.jpg\",\"datePublished\":\"2022-01-03T18:57:38+00:00\",\"dateModified\":\"2022-01-03T18:57:41+00:00\",\"breadcrumb\":{\"@id\":\"https:\/\/orionagizvedis.com\/invisalign-telsiz-ortodonti-tedavileri\/#breadcrumb\"},\"inLanguage\":\"en-US\",\"potentialAction\":[{\"@type\":\"ReadAction\",\"target\":[\"https:\/\/orionagizvedis.com\/invisalign-telsiz-ortodonti-tedavileri\/\"]}]},{\"@type\":\"ImageObject\",\"inLanguage\":\"en-US\",\"@id\":\"https:\/\/orionagizvedis.com\/invisalign-telsiz-ortodonti-tedavileri\/#primaryimage\",\"url\":\"http:\/\/orionagizvedis.com\/wp-content\/uploads\/2021\/12\/invisalign.jpg\",\"contentUrl\":\"http:\/\/orionagizvedis.com\/wp-content\/uploads\/2021\/12\/invisalign.jpg\"},{\"@type\":\"BreadcrumbList\",\"@id\":\"https:\/\/orionagizvedis.com\/invisalign-telsiz-ortodonti-tedavileri\/#breadcrumb\",\"itemListElement\":[{\"@type\":\"ListItem\",\"position\":1,\"name\":\"Anasayfa\",\"item\":\"https:\/\/orionagizvedis.com\/\"},{\"@type\":\"ListItem\",\"position\":2,\"name\":\"Invisalign\"}]},{\"@type\":\"WebSite\",\"@id\":\"https:\/\/orionagizvedis.com\/#website\",\"url\":\"https:\/\/orionagizvedis.com\/\",\"name\":\"Orion - A\u011f\u0131z ve Di\u015f Sa\u011fl\u0131\u011f\u0131 Merkezi\",\"description\":\"\",\"publisher\":{\"@id\":\"https:\/\/orionagizvedis.com\/#organization\"},\"potentialAction\":[{\"@type\":\"SearchAction\",\"target\":{\"@type\":\"EntryPoint\",\"urlTemplate\":\"https:\/\/orionagizvedis.com\/?s={search_term_string}\"},\"query-input\":\"required name=search_term_string\"}],\"inLanguage\":\"en-US\"},{\"@type\":\"Organization\",\"@id\":\"https:\/\/orionagizvedis.com\/#organization\",\"name\":\"Orion - A\u011f\u0131z ve Di\u015f Sa\u011fl\u0131\u011f\u0131 Merkezi\",\"url\":\"https:\/\/orionagizvedis.com\/\",\"logo\":{\"@type\":\"ImageObject\",\"inLanguage\":\"en-US\",\"@id\":\"https:\/\/orionagizvedis.com\/#\/schema\/logo\/image\/\",\"url\":\"https:\/\/orionagizvedis.com\/wp-content\/uploads\/2021\/12\/orion-logo.png\",\"contentUrl\":\"https:\/\/orionagizvedis.com\/wp-content\/uploads\/2021\/12\/orion-logo.png\",\"width\":129,\"height\":99,\"caption\":\"Orion - A\u011f\u0131z ve Di\u015f Sa\u011fl\u0131\u011f\u0131 Merkezi\"},\"image\":{\"@id\":\"https:\/\/orionagizvedis.com\/#\/schema\/logo\/image\/\"},\"sameAs\":[\"https:\/\/www.facebook.com\/oriondentalhealth\/\",\"https:\/\/www.instagram.com\/orionagizvedis\/\"]}]}<\/script>\n<!-- \/ Yoast SEO plugin. -->","yoast_head_json":{"title":"Invisalign - Orion - A\u011f\u0131z ve Di\u015f Sa\u011fl\u0131\u011f\u0131 Merkezi","robots":{"index":"index","follow":"follow","max-snippet":"max-snippet:-1","max-image-preview":"max-image-preview:large","max-video-preview":"max-video-preview:-1"},"canonical":"https:\/\/orionagizvedis.com\/invisalign-telsiz-ortodonti-tedavileri\/","og_locale":"en_US","og_type":"article","og_title":"Invisalign - Orion - A\u011f\u0131z ve Di\u015f Sa\u011fl\u0131\u011f\u0131 Merkezi","og_description":"In recent years, it is possible to be treated by moving away from the aesthetically disturbing metal appearance with wireless orthodontic applications, known as invisalign, or transparent plate treatment. In this type of treatment, the person who will receive the treatment and the orthodontist can see the final version of the procedure on a model. [&hellip;]","og_url":"https:\/\/orionagizvedis.com\/invisalign-telsiz-ortodonti-tedavileri\/","og_site_name":"Orion - A\u011f\u0131z ve Di\u015f Sa\u011fl\u0131\u011f\u0131 Merkezi","article_publisher":"https:\/\/www.facebook.com\/oriondentalhealth\/","article_modified_time":"2022-01-03T18:57:41+00:00","og_image":[{"url":"http:\/\/orionagizvedis.com\/wp-content\/uploads\/2021\/12\/invisalign.jpg"}],"twitter_card":"summary_large_image","twitter_misc":{"Est. reading time":"2 minutes"},"schema":{"@context":"https:\/\/schema.org","@graph":[{"@type":"WebPage","@id":"https:\/\/orionagizvedis.com\/invisalign-telsiz-ortodonti-tedavileri\/","url":"https:\/\/orionagizvedis.com\/invisalign-telsiz-ortodonti-tedavileri\/","name":"Invisalign - Orion - A\u011f\u0131z ve Di\u015f Sa\u011fl\u0131\u011f\u0131 Merkezi","isPartOf":{"@id":"https:\/\/orionagizvedis.com\/#website"},"primaryImageOfPage":{"@id":"https:\/\/orionagizvedis.com\/invisalign-telsiz-ortodonti-tedavileri\/#primaryimage"},"image":{"@id":"https:\/\/orionagizvedis.com\/invisalign-telsiz-ortodonti-tedavileri\/#primaryimage"},"thumbnailUrl":"http:\/\/orionagizvedis.com\/wp-content\/uploads\/2021\/12\/invisalign.jpg","datePublished":"2022-01-03T18:57:38+00:00","dateModified":"2022-01-03T18:57:41+00:00","breadcrumb":{"@id":"https:\/\/orionagizvedis.com\/invisalign-telsiz-ortodonti-tedavileri\/#breadcrumb"},"inLanguage":"en-US","potentialAction":[{"@type":"ReadAction","target":["https:\/\/orionagizvedis.com\/invisalign-telsiz-ortodonti-tedavileri\/"]}]},{"@type":"ImageObject","inLanguage":"en-US","@id":"https:\/\/orionagizvedis.com\/invisalign-telsiz-ortodonti-tedavileri\/#primaryimage","url":"http:\/\/orionagizvedis.com\/wp-content\/uploads\/2021\/12\/invisalign.jpg","contentUrl":"http:\/\/orionagizvedis.com\/wp-content\/uploads\/2021\/12\/invisalign.jpg"},{"@type":"BreadcrumbList","@id":"https:\/\/orionagizvedis.com\/invisalign-telsiz-ortodonti-tedavileri\/#breadcrumb","itemListElement":[{"@type":"ListItem","position":1,"name":"Anasayfa","item":"https:\/\/orionagizvedis.com\/"},{"@type":"ListItem","position":2,"name":"Invisalign"}]},{"@type":"WebSite","@id":"https:\/\/orionagizvedis.com\/#website","url":"https:\/\/orionagizvedis.com\/","name":"Orion - A\u011f\u0131z ve Di\u015f Sa\u011fl\u0131\u011f\u0131 Merkezi","description":"","publisher":{"@id":"https:\/\/orionagizvedis.com\/#organization"},"potentialAction":[{"@type":"SearchAction","target":{"@type":"EntryPoint","urlTemplate":"https:\/\/orionagizvedis.com\/?s={search_term_string}"},"query-input":"required name=search_term_string"}],"inLanguage":"en-US"},{"@type":"Organization","@id":"https:\/\/orionagizvedis.com\/#organization","name":"Orion - A\u011f\u0131z ve Di\u015f Sa\u011fl\u0131\u011f\u0131 Merkezi","url":"https:\/\/orionagizvedis.com\/","logo":{"@type":"ImageObject","inLanguage":"en-US","@id":"https:\/\/orionagizvedis.com\/#\/schema\/logo\/image\/","url":"https:\/\/orionagizvedis.com\/wp-content\/uploads\/2021\/12\/orion-logo.png","contentUrl":"https:\/\/orionagizvedis.com\/wp-content\/uploads\/2021\/12\/orion-logo.png","width":129,"height":99,"caption":"Orion - A\u011f\u0131z ve Di\u015f Sa\u011fl\u0131\u011f\u0131 Merkezi"},"image":{"@id":"https:\/\/orionagizvedis.com\/#\/schema\/logo\/image\/"},"sameAs":["https:\/\/www.facebook.com\/oriondentalhealth\/","https:\/\/www.instagram.com\/orionagizvedis\/"]}]}},"_links":{"self":[{"href":"https:\/\/orionagizvedis.com\/en\/wp-json\/wp\/v2\/pages\/1414","targetHints":{"allow":["GET"]}}],"collection":[{"href":"https:\/\/orionagizvedis.com\/en\/wp-json\/wp\/v2\/pages"}],"about":[{"href":"https:\/\/orionagizvedis.com\/en\/wp-json\/wp\/v2\/types\/page"}],"author":[{"embeddable":true,"href":"https:\/\/orionagizvedis.com\/en\/wp-json\/wp\/v2\/users\/1"}],"replies":[{"embeddable":true,"href":"https:\/\/orionagizvedis.com\/en\/wp-json\/wp\/v2\/comments?post=1414"}],"version-history":[{"count":3,"href":"https:\/\/orionagizvedis.com\/en\/wp-json\/wp\/v2\/pages\/1414\/revisions"}],"predecessor-version":[{"id":1417,"href":"https:\/\/orionagizvedis.com\/en\/wp-json\/wp\/v2\/pages\/1414\/revisions\/1417"}],"wp:attachment":[{"href":"https:\/\/orionagizvedis.com\/en\/wp-json\/wp\/v2\/media?parent=1414"}],"curies":[{"name":"wp","href":"https:\/\/api.w.org\/{rel}","templated":true}]}}