{"id":1369,"date":"2022-01-03T19:43:19","date_gmt":"2022-01-03T16:43:19","guid":{"rendered":"https:\/\/orionagizvedis.com\/dental-pulp-inflammation-and-infected-status\/"},"modified":"2022-01-03T19:43:19","modified_gmt":"2022-01-03T16:43:19","slug":"dental-pulp-inflammation-and-infected-status","status":"publish","type":"page","link":"https:\/\/orionagizvedis.com\/en\/dental-pulp-inflammation-and-infected-status\/","title":{"rendered":"Dental Pulp Inflammation and Infected Status"},"content":{"rendered":"\t\t<div data-elementor-type=\"wp-page\" data-elementor-id=\"1369\" class=\"elementor elementor-1369\" data-elementor-settings=\"[]\">\n\t\t\t\t\t\t\t<div class=\"elementor-section-wrap\">\n\t\t\t\t\t\t\t<section class=\"elementor-section elementor-top-section elementor-element elementor-element-a198bd2 elementor-section-boxed elementor-section-height-default elementor-section-height-default\" data-id=\"a198bd2\" data-element_type=\"section\" data-settings=\"{&quot;background_background&quot;:&quot;classic&quot;}\">\n\t\t\t\t\t\t\t<div class=\"elementor-background-overlay\"><\/div>\n\t\t\t\t\t\t\t<div class=\"elementor-container elementor-column-gap-wide\">\n\t\t\t\t\t<div class=\"elementor-column elementor-col-100 elementor-top-column elementor-element elementor-element-3f6ed17\" data-id=\"3f6ed17\" data-element_type=\"column\">\n\t\t\t<div class=\"elementor-widget-wrap elementor-element-populated\">\n\t\t\t\t\t\t\t\t<div class=\"elementor-element elementor-element-9cc244f elementor-widget elementor-widget-text-editor\" data-id=\"9cc244f\" data-element_type=\"widget\" data-widget_type=\"text-editor.default\">\n\t\t\t\t<div class=\"elementor-widget-container\">\n\t\t\t<style>\/*! elementor - v3.5.3 - 28-12-2021 *\/\n.elementor-widget-text-editor.elementor-drop-cap-view-stacked .elementor-drop-cap{background-color:#818a91;color:#fff}.elementor-widget-text-editor.elementor-drop-cap-view-framed .elementor-drop-cap{color:#818a91;border:3px solid;background-color:transparent}.elementor-widget-text-editor:not(.elementor-drop-cap-view-default) .elementor-drop-cap{margin-top:8px}.elementor-widget-text-editor:not(.elementor-drop-cap-view-default) .elementor-drop-cap-letter{width:1em;height:1em}.elementor-widget-text-editor .elementor-drop-cap{float:left;text-align:center;line-height:1;font-size:50px}.elementor-widget-text-editor .elementor-drop-cap-letter{display:inline-block}<\/style>\t\t\t\t<p>Untreated bruises are the most common way the pulp is infected, that is, damaged by inflammation. There are some bacteria in every person\u2019s mouth and these normally do not cause any harm. However, some metabolize (ie break down) foods or drinks containing carbohydrates (sugar) to extract acid. These acids also damage enamel and dentin. When the bruises formed in this way are left untreated, the bacteria progress to the pulp (nerve) tissue under the dentine, causing it to be exposed and inflamed. Pulp can also be infected as a result of a trauma to the tooth. As a result of a severe blow to the tooth, the blood circulation transmitted to the tooth through the jawbone may be interrupted, and thus the pulp tissue loses its vitality over time.<\/p>\n<p>Another way the pulp can be infected is the presence of long-term periodontal (gum and surrounding) disease around the tooth. Bacteria reach the pulp of the tooth through the tiny side canals opening to the root surface through the inflamed gingiva and cause inflammation, which we call \u2018retrograde infection\u2019.<\/p>\n<blockquote class=\"wp-block-quote\">\n<p>Whatever the way the tooth is infected, if it is not treated, it may cause a painful abscess in the jawbone area surrounding the tooth over time. <\/p>\n<\/blockquote>\n<h2>How to Understand the Inflamed Tooth?<\/h2>\n<p>If there is long-term sensitivity to cold and hot foods and drinks, and if pain is felt with biting, an infection may be mentioned. <\/p>\n<p>At the same time, a serious change in the color of the tooth without any pain or swelling in the surrounding gum tissues is a sign of dental infection. <\/p>\n<p>In some cases, the findings obtained as a result of dental and radiographic examinations without any such symptoms may reveal that the tooth should undergo root-canal treatment. <\/p>\n<h2>To what extent is antibiotic use necessary for a tooth infection?<\/h2>\n<p>Under normal conditions, antibiotics are not required during root canal treatment. <\/p>\n<p>In the presence of a widespread swelling, your physician may prescribe antibiotics to strengthen the body\u2019s defense system and fight infection.<\/p>\n\t\t\t\t\t\t<\/div>\n\t\t\t\t<\/div>\n\t\t\t\t\t<\/div>\n\t\t<\/div>\n\t\t\t\t\t\t\t<\/div>\n\t\t<\/section>\n\t\t\t\t\t\t<\/div>\n\t\t\t\t\t<\/div>\n\t\t","protected":false},"excerpt":{"rendered":"<p>Untreated bruises are the most common way the pulp is infected, that is, damaged by inflammation. There are some bacteria in every person\u2019s mouth and these normally do not cause any harm. However, some metabolize (ie break down) foods or drinks containing carbohydrates (sugar) to extract acid. These acids also damage enamel and dentin. When [&hellip;]<\/p>\n","protected":false},"author":1,"featured_media":0,"parent":0,"menu_order":0,"comment_status":"closed","ping_status":"closed","template":"","meta":{"_uf_show_specific_survey":0,"_uf_disable_surveys":false,"footnotes":""},"class_list":["post-1369","page","type-page","status-publish","hentry"],"yoast_head":"<!-- This site is optimized with the Yoast SEO plugin v22.6 - https:\/\/yoast.com\/wordpress\/plugins\/seo\/ -->\n<title>Dental Pulp Inflammation and Infected Status - Orion - A\u011f\u0131z ve Di\u015f Sa\u011fl\u0131\u011f\u0131 Merkezi<\/title>\n<meta name=\"robots\" content=\"index, follow, max-snippet:-1, max-image-preview:large, max-video-preview:-1\" \/>\n<link rel=\"canonical\" href=\"https:\/\/orionagizvedis.com\/dis-pulpasi-iltihaplanmasi-ve-enfekte-durumu\/\" \/>\n<meta property=\"og:locale\" content=\"en_US\" \/>\n<meta property=\"og:type\" content=\"article\" \/>\n<meta property=\"og:title\" content=\"Dental Pulp Inflammation and Infected Status - Orion - A\u011f\u0131z ve Di\u015f Sa\u011fl\u0131\u011f\u0131 Merkezi\" \/>\n<meta property=\"og:description\" content=\"Untreated bruises are the most common way the pulp is infected, that is, damaged by inflammation. There are some bacteria in every person\u2019s mouth and these normally do not cause any harm. However, some metabolize (ie break down) foods or drinks containing carbohydrates (sugar) to extract acid. These acids also damage enamel and dentin. When [&hellip;]\" \/>\n<meta property=\"og:url\" content=\"https:\/\/orionagizvedis.com\/dis-pulpasi-iltihaplanmasi-ve-enfekte-durumu\/\" \/>\n<meta property=\"og:site_name\" content=\"Orion - A\u011f\u0131z ve Di\u015f Sa\u011fl\u0131\u011f\u0131 Merkezi\" \/>\n<meta property=\"article:publisher\" content=\"https:\/\/www.facebook.com\/oriondentalhealth\/\" \/>\n<meta name=\"twitter:card\" content=\"summary_large_image\" \/>\n<meta name=\"twitter:label1\" content=\"Est. reading time\" \/>\n\t<meta name=\"twitter:data1\" content=\"2 minutes\" \/>\n<script type=\"application\/ld+json\" class=\"yoast-schema-graph\">{\"@context\":\"https:\/\/schema.org\",\"@graph\":[{\"@type\":\"WebPage\",\"@id\":\"https:\/\/orionagizvedis.com\/dis-pulpasi-iltihaplanmasi-ve-enfekte-durumu\/\",\"url\":\"https:\/\/orionagizvedis.com\/dis-pulpasi-iltihaplanmasi-ve-enfekte-durumu\/\",\"name\":\"Dental Pulp Inflammation and Infected Status - Orion - A\u011f\u0131z ve Di\u015f Sa\u011fl\u0131\u011f\u0131 Merkezi\",\"isPartOf\":{\"@id\":\"https:\/\/orionagizvedis.com\/#website\"},\"datePublished\":\"2022-01-03T16:43:19+00:00\",\"dateModified\":\"2022-01-03T16:43:19+00:00\",\"breadcrumb\":{\"@id\":\"https:\/\/orionagizvedis.com\/dis-pulpasi-iltihaplanmasi-ve-enfekte-durumu\/#breadcrumb\"},\"inLanguage\":\"en-US\",\"potentialAction\":[{\"@type\":\"ReadAction\",\"target\":[\"https:\/\/orionagizvedis.com\/dis-pulpasi-iltihaplanmasi-ve-enfekte-durumu\/\"]}]},{\"@type\":\"BreadcrumbList\",\"@id\":\"https:\/\/orionagizvedis.com\/dis-pulpasi-iltihaplanmasi-ve-enfekte-durumu\/#breadcrumb\",\"itemListElement\":[{\"@type\":\"ListItem\",\"position\":1,\"name\":\"Anasayfa\",\"item\":\"https:\/\/orionagizvedis.com\/\"},{\"@type\":\"ListItem\",\"position\":2,\"name\":\"Dental Pulp Inflammation and Infected Status\"}]},{\"@type\":\"WebSite\",\"@id\":\"https:\/\/orionagizvedis.com\/#website\",\"url\":\"https:\/\/orionagizvedis.com\/\",\"name\":\"Orion - A\u011f\u0131z ve Di\u015f Sa\u011fl\u0131\u011f\u0131 Merkezi\",\"description\":\"\",\"publisher\":{\"@id\":\"https:\/\/orionagizvedis.com\/#organization\"},\"potentialAction\":[{\"@type\":\"SearchAction\",\"target\":{\"@type\":\"EntryPoint\",\"urlTemplate\":\"https:\/\/orionagizvedis.com\/?s={search_term_string}\"},\"query-input\":\"required name=search_term_string\"}],\"inLanguage\":\"en-US\"},{\"@type\":\"Organization\",\"@id\":\"https:\/\/orionagizvedis.com\/#organization\",\"name\":\"Orion - A\u011f\u0131z ve Di\u015f Sa\u011fl\u0131\u011f\u0131 Merkezi\",\"url\":\"https:\/\/orionagizvedis.com\/\",\"logo\":{\"@type\":\"ImageObject\",\"inLanguage\":\"en-US\",\"@id\":\"https:\/\/orionagizvedis.com\/#\/schema\/logo\/image\/\",\"url\":\"https:\/\/orionagizvedis.com\/wp-content\/uploads\/2021\/12\/orion-logo.png\",\"contentUrl\":\"https:\/\/orionagizvedis.com\/wp-content\/uploads\/2021\/12\/orion-logo.png\",\"width\":129,\"height\":99,\"caption\":\"Orion - A\u011f\u0131z ve Di\u015f Sa\u011fl\u0131\u011f\u0131 Merkezi\"},\"image\":{\"@id\":\"https:\/\/orionagizvedis.com\/#\/schema\/logo\/image\/\"},\"sameAs\":[\"https:\/\/www.facebook.com\/oriondentalhealth\/\",\"https:\/\/www.instagram.com\/orionagizvedis\/\"]}]}<\/script>\n<!-- \/ Yoast SEO plugin. -->","yoast_head_json":{"title":"Dental Pulp Inflammation and Infected Status - Orion - A\u011f\u0131z ve Di\u015f Sa\u011fl\u0131\u011f\u0131 Merkezi","robots":{"index":"index","follow":"follow","max-snippet":"max-snippet:-1","max-image-preview":"max-image-preview:large","max-video-preview":"max-video-preview:-1"},"canonical":"https:\/\/orionagizvedis.com\/dis-pulpasi-iltihaplanmasi-ve-enfekte-durumu\/","og_locale":"en_US","og_type":"article","og_title":"Dental Pulp Inflammation and Infected Status - Orion - A\u011f\u0131z ve Di\u015f Sa\u011fl\u0131\u011f\u0131 Merkezi","og_description":"Untreated bruises are the most common way the pulp is infected, that is, damaged by inflammation. There are some bacteria in every person\u2019s mouth and these normally do not cause any harm. However, some metabolize (ie break down) foods or drinks containing carbohydrates (sugar) to extract acid. These acids also damage enamel and dentin. When [&hellip;]","og_url":"https:\/\/orionagizvedis.com\/dis-pulpasi-iltihaplanmasi-ve-enfekte-durumu\/","og_site_name":"Orion - A\u011f\u0131z ve Di\u015f Sa\u011fl\u0131\u011f\u0131 Merkezi","article_publisher":"https:\/\/www.facebook.com\/oriondentalhealth\/","twitter_card":"summary_large_image","twitter_misc":{"Est. reading time":"2 minutes"},"schema":{"@context":"https:\/\/schema.org","@graph":[{"@type":"WebPage","@id":"https:\/\/orionagizvedis.com\/dis-pulpasi-iltihaplanmasi-ve-enfekte-durumu\/","url":"https:\/\/orionagizvedis.com\/dis-pulpasi-iltihaplanmasi-ve-enfekte-durumu\/","name":"Dental Pulp Inflammation and Infected Status - Orion - A\u011f\u0131z ve Di\u015f Sa\u011fl\u0131\u011f\u0131 Merkezi","isPartOf":{"@id":"https:\/\/orionagizvedis.com\/#website"},"datePublished":"2022-01-03T16:43:19+00:00","dateModified":"2022-01-03T16:43:19+00:00","breadcrumb":{"@id":"https:\/\/orionagizvedis.com\/dis-pulpasi-iltihaplanmasi-ve-enfekte-durumu\/#breadcrumb"},"inLanguage":"en-US","potentialAction":[{"@type":"ReadAction","target":["https:\/\/orionagizvedis.com\/dis-pulpasi-iltihaplanmasi-ve-enfekte-durumu\/"]}]},{"@type":"BreadcrumbList","@id":"https:\/\/orionagizvedis.com\/dis-pulpasi-iltihaplanmasi-ve-enfekte-durumu\/#breadcrumb","itemListElement":[{"@type":"ListItem","position":1,"name":"Anasayfa","item":"https:\/\/orionagizvedis.com\/"},{"@type":"ListItem","position":2,"name":"Dental Pulp Inflammation and Infected Status"}]},{"@type":"WebSite","@id":"https:\/\/orionagizvedis.com\/#website","url":"https:\/\/orionagizvedis.com\/","name":"Orion - A\u011f\u0131z ve Di\u015f Sa\u011fl\u0131\u011f\u0131 Merkezi","description":"","publisher":{"@id":"https:\/\/orionagizvedis.com\/#organization"},"potentialAction":[{"@type":"SearchAction","target":{"@type":"EntryPoint","urlTemplate":"https:\/\/orionagizvedis.com\/?s={search_term_string}"},"query-input":"required name=search_term_string"}],"inLanguage":"en-US"},{"@type":"Organization","@id":"https:\/\/orionagizvedis.com\/#organization","name":"Orion - A\u011f\u0131z ve Di\u015f Sa\u011fl\u0131\u011f\u0131 Merkezi","url":"https:\/\/orionagizvedis.com\/","logo":{"@type":"ImageObject","inLanguage":"en-US","@id":"https:\/\/orionagizvedis.com\/#\/schema\/logo\/image\/","url":"https:\/\/orionagizvedis.com\/wp-content\/uploads\/2021\/12\/orion-logo.png","contentUrl":"https:\/\/orionagizvedis.com\/wp-content\/uploads\/2021\/12\/orion-logo.png","width":129,"height":99,"caption":"Orion - A\u011f\u0131z ve Di\u015f Sa\u011fl\u0131\u011f\u0131 Merkezi"},"image":{"@id":"https:\/\/orionagizvedis.com\/#\/schema\/logo\/image\/"},"sameAs":["https:\/\/www.facebook.com\/oriondentalhealth\/","https:\/\/www.instagram.com\/orionagizvedis\/"]}]}},"_links":{"self":[{"href":"https:\/\/orionagizvedis.com\/en\/wp-json\/wp\/v2\/pages\/1369","targetHints":{"allow":["GET"]}}],"collection":[{"href":"https:\/\/orionagizvedis.com\/en\/wp-json\/wp\/v2\/pages"}],"about":[{"href":"https:\/\/orionagizvedis.com\/en\/wp-json\/wp\/v2\/types\/page"}],"author":[{"embeddable":true,"href":"https:\/\/orionagizvedis.com\/en\/wp-json\/wp\/v2\/users\/1"}],"replies":[{"embeddable":true,"href":"https:\/\/orionagizvedis.com\/en\/wp-json\/wp\/v2\/comments?post=1369"}],"version-history":[{"count":1,"href":"https:\/\/orionagizvedis.com\/en\/wp-json\/wp\/v2\/pages\/1369\/revisions"}],"predecessor-version":[{"id":1370,"href":"https:\/\/orionagizvedis.com\/en\/wp-json\/wp\/v2\/pages\/1369\/revisions\/1370"}],"wp:attachment":[{"href":"https:\/\/orionagizvedis.com\/en\/wp-json\/wp\/v2\/media?parent=1369"}],"curies":[{"name":"wp","href":"https:\/\/api.w.org\/{rel}","templated":true}]}}