{"id":1339,"date":"2022-01-03T19:10:23","date_gmt":"2022-01-03T16:10:23","guid":{"rendered":"https:\/\/orionagizvedis.com\/oral-and-dental-care-in-children-with-the-recommendation-of-the-dentist\/"},"modified":"2022-01-03T19:10:25","modified_gmt":"2022-01-03T16:10:25","slug":"oral-and-dental-care-in-children-with-the-recommendation-of-the-dentist","status":"publish","type":"page","link":"https:\/\/orionagizvedis.com\/en\/oral-and-dental-care-in-children-with-the-recommendation-of-the-dentist\/","title":{"rendered":"Oral and Dental Care in Children with the Recommendation of the Dentist"},"content":{"rendered":"\t\t<div data-elementor-type=\"wp-page\" data-elementor-id=\"1339\" class=\"elementor elementor-1339\" data-elementor-settings=\"[]\">\n\t\t\t\t\t\t\t<div class=\"elementor-section-wrap\">\n\t\t\t\t\t\t\t<section class=\"elementor-section elementor-top-section elementor-element elementor-element-a198bd2 elementor-section-boxed elementor-section-height-default elementor-section-height-default\" data-id=\"a198bd2\" data-element_type=\"section\" data-settings=\"{&quot;background_background&quot;:&quot;classic&quot;}\">\n\t\t\t\t\t\t\t<div class=\"elementor-background-overlay\"><\/div>\n\t\t\t\t\t\t\t<div class=\"elementor-container elementor-column-gap-wide\">\n\t\t\t\t\t<div class=\"elementor-column elementor-col-50 elementor-top-column elementor-element elementor-element-5a3a918\" data-id=\"5a3a918\" data-element_type=\"column\">\n\t\t\t<div class=\"elementor-widget-wrap elementor-element-populated\">\n\t\t\t\t\t\t\t\t<div class=\"elementor-element elementor-element-d8ddd64 elementor-widget elementor-widget-image\" data-id=\"d8ddd64\" data-element_type=\"widget\" data-widget_type=\"image.default\">\n\t\t\t\t<div class=\"elementor-widget-container\">\n\t\t\t<style>\/*! elementor - v3.5.3 - 28-12-2021 *\/\n.elementor-widget-image{text-align:center}.elementor-widget-image a{display:inline-block}.elementor-widget-image a img[src$=\".svg\"]{width:48px}.elementor-widget-image img{vertical-align:middle;display:inline-block}<\/style>\t\t\t\t\t\t\t\t\t\t\t\t<img loading=\"lazy\" decoding=\"async\" width=\"480\" height=\"480\" src=\"https:\/\/orionagizvedis.com\/wp-content\/uploads\/2021\/12\/aile-dis.jpg\" class=\"attachment-full size-full\" alt=\"\" srcset=\"https:\/\/orionagizvedis.com\/wp-content\/uploads\/2021\/12\/aile-dis.jpg 480w, https:\/\/orionagizvedis.com\/wp-content\/uploads\/2021\/12\/aile-dis-300x300.jpg 300w, https:\/\/orionagizvedis.com\/wp-content\/uploads\/2021\/12\/aile-dis-150x150.jpg 150w\" sizes=\"auto, (max-width: 480px) 100vw, 480px\" \/>\t\t\t\t\t\t\t\t\t\t\t\t\t\t\t<\/div>\n\t\t\t\t<\/div>\n\t\t\t\t\t<\/div>\n\t\t<\/div>\n\t\t\t\t<div class=\"elementor-column elementor-col-50 elementor-top-column elementor-element elementor-element-3f6ed17\" data-id=\"3f6ed17\" data-element_type=\"column\">\n\t\t\t<div class=\"elementor-widget-wrap elementor-element-populated\">\n\t\t\t\t\t\t\t\t<div class=\"elementor-element elementor-element-9cc244f elementor-widget elementor-widget-text-editor\" data-id=\"9cc244f\" data-element_type=\"widget\" data-widget_type=\"text-editor.default\">\n\t\t\t\t<div class=\"elementor-widget-container\">\n\t\t\t<style>\/*! elementor - v3.5.3 - 28-12-2021 *\/\n.elementor-widget-text-editor.elementor-drop-cap-view-stacked .elementor-drop-cap{background-color:#818a91;color:#fff}.elementor-widget-text-editor.elementor-drop-cap-view-framed .elementor-drop-cap{color:#818a91;border:3px solid;background-color:transparent}.elementor-widget-text-editor:not(.elementor-drop-cap-view-default) .elementor-drop-cap{margin-top:8px}.elementor-widget-text-editor:not(.elementor-drop-cap-view-default) .elementor-drop-cap-letter{width:1em;height:1em}.elementor-widget-text-editor .elementor-drop-cap{float:left;text-align:center;line-height:1;font-size:50px}.elementor-widget-text-editor .elementor-drop-cap-letter{display:inline-block}<\/style>\t\t\t\t<p>Children are not aware of the importance of oral and dental health. Child dental care is a particularly sensitive issue. The biggest task in this regard falls to families and pediatric dentists (pedodontists). The things to be done in this regard are gathered under the body of preventive dentistry.<\/p>\n<h2>What does preventive dentistry cover?<\/h2>\n<ul>\n<li>Proper eating habits<\/li>\n<li>Oral care (brushing teeth and flossing)<\/li>\n<li>Evaluation of oral development<\/li>\n<li>Directing bad habits about the mouth (such as thumb sucking, pacifier sucking)<\/li>\n<li>The necessity of orthodontic examination (dental) treatment<\/li>\n<li>Fluor (In practice, it is aimed to make the tooth structure more resistant to caries.)<\/li>\n<li>Fissure Sealant (Fissure sealants)<\/li>\n<li>Regular dentist check-ups<\/li>\n<li>Decay risk determination (Practices preventing tooth decay)<\/li>\n<li>Protective mouthpiece applications to protect mouth and teeth from sports injuries<\/li>\n<\/ul>\n<p>t is the correct observation of the oral and dental health in childhood and the necessary treatment, if any. In this way, many situations that seriously affect the future oral and dental health will be eliminated by the observations of a pediatric dentist (pedodontist) who has received special training on this subject.<\/p>\n<p>It is possible to have the appropriate treatments for your child in a pediatric dental clinic or a pedodondist.<\/p>\n<h2>When should the first dental examination appointment be?<\/h2>\n<p>The first dental examination should be done between six months and one year old.<\/p>\n<h2>How often should I bring my children to dental check-ups?<\/h2>\n<p>Depending on the caries risk level of your child, you should visit your dentist every 3 or 6 months and have examinations and necessary controls.<\/p>\n<h2>For Oral and Dental Health What should be considered in children\u2019s nutrition?<\/h2>\n<p>Tooth development begins in the mother\u2019s womb and continues until adolescence. Therefore, it is important to protect existing teeth. A healthy and balanced diet is very important for dental health. Carbonated drinks corrode teeth. Therefore, these drinks should be avoided as much as possible . Drinks such as tea and coffee cause the tooth structure to turn yellow, which causes an aesthetically unpleasant appearance.<\/p>\n<p>Biting hard foods such as apple, carrot, pear and quince strengthens the gums and provides mechanical cleaning of the teeth. Care should be taken to eat such fruits by biting them. Water should be drunk after meals or if something is snacked.<\/p>\n<p>Sugary foods are the enemy of teeth. It provides an excellent environment for acids that damage enamel and cause caries. For this reason, sweet and sticky foods such as jelly or soft candies should be consumed very little if possible, or consumed after main meals and then brushed the teeth. If you are in an environment where the tooth is not brushed, the mouth should be thoroughly rinsed with clean water<\/p>\n\t\t\t\t\t\t<\/div>\n\t\t\t\t<\/div>\n\t\t\t\t\t<\/div>\n\t\t<\/div>\n\t\t\t\t\t\t\t<\/div>\n\t\t<\/section>\n\t\t\t\t\t\t<\/div>\n\t\t\t\t\t<\/div>\n\t\t","protected":false},"excerpt":{"rendered":"<p>Children are not aware of the importance of oral and dental health. Child dental care is a particularly sensitive issue. The biggest task in this regard falls to families and pediatric dentists (pedodontists). The things to be done in this regard are gathered under the body of preventive dentistry. What does preventive dentistry cover? Proper [&hellip;]<\/p>\n","protected":false},"author":1,"featured_media":0,"parent":0,"menu_order":0,"comment_status":"closed","ping_status":"closed","template":"","meta":{"_uf_show_specific_survey":0,"_uf_disable_surveys":false,"footnotes":""},"class_list":["post-1339","page","type-page","status-publish","hentry"],"yoast_head":"<!-- This site is optimized with the Yoast SEO plugin v22.6 - https:\/\/yoast.com\/wordpress\/plugins\/seo\/ -->\n<title>Oral and Dental Care in Children with the Recommendation of the Dentist - Orion - A\u011f\u0131z ve Di\u015f Sa\u011fl\u0131\u011f\u0131 Merkezi<\/title>\n<meta name=\"robots\" content=\"index, follow, max-snippet:-1, max-image-preview:large, max-video-preview:-1\" \/>\n<link rel=\"canonical\" href=\"https:\/\/orionagizvedis.com\/dis-hekimi-tavsiyesiyle-cocuklarda-agiz-ve-dis-bakimi\/\" \/>\n<meta property=\"og:locale\" content=\"en_US\" \/>\n<meta property=\"og:type\" content=\"article\" \/>\n<meta property=\"og:title\" content=\"Oral and Dental Care in Children with the Recommendation of the Dentist - Orion - A\u011f\u0131z ve Di\u015f Sa\u011fl\u0131\u011f\u0131 Merkezi\" \/>\n<meta property=\"og:description\" content=\"Children are not aware of the importance of oral and dental health. Child dental care is a particularly sensitive issue. The biggest task in this regard falls to families and pediatric dentists (pedodontists). The things to be done in this regard are gathered under the body of preventive dentistry. What does preventive dentistry cover? Proper [&hellip;]\" \/>\n<meta property=\"og:url\" content=\"https:\/\/orionagizvedis.com\/dis-hekimi-tavsiyesiyle-cocuklarda-agiz-ve-dis-bakimi\/\" \/>\n<meta property=\"og:site_name\" content=\"Orion - A\u011f\u0131z ve Di\u015f Sa\u011fl\u0131\u011f\u0131 Merkezi\" \/>\n<meta property=\"article:publisher\" content=\"https:\/\/www.facebook.com\/oriondentalhealth\/\" \/>\n<meta property=\"article:modified_time\" content=\"2022-01-03T16:10:25+00:00\" \/>\n<meta property=\"og:image\" content=\"http:\/\/orionagizvedis.com\/wp-content\/uploads\/2021\/12\/aile-dis.jpg\" \/>\n<meta name=\"twitter:card\" content=\"summary_large_image\" \/>\n<meta name=\"twitter:label1\" content=\"Est. reading time\" \/>\n\t<meta name=\"twitter:data1\" content=\"2 minutes\" \/>\n<script type=\"application\/ld+json\" class=\"yoast-schema-graph\">{\"@context\":\"https:\/\/schema.org\",\"@graph\":[{\"@type\":\"WebPage\",\"@id\":\"https:\/\/orionagizvedis.com\/dis-hekimi-tavsiyesiyle-cocuklarda-agiz-ve-dis-bakimi\/\",\"url\":\"https:\/\/orionagizvedis.com\/dis-hekimi-tavsiyesiyle-cocuklarda-agiz-ve-dis-bakimi\/\",\"name\":\"Oral and Dental Care in Children with the Recommendation of the Dentist - Orion - A\u011f\u0131z ve Di\u015f Sa\u011fl\u0131\u011f\u0131 Merkezi\",\"isPartOf\":{\"@id\":\"https:\/\/orionagizvedis.com\/#website\"},\"primaryImageOfPage\":{\"@id\":\"https:\/\/orionagizvedis.com\/dis-hekimi-tavsiyesiyle-cocuklarda-agiz-ve-dis-bakimi\/#primaryimage\"},\"image\":{\"@id\":\"https:\/\/orionagizvedis.com\/dis-hekimi-tavsiyesiyle-cocuklarda-agiz-ve-dis-bakimi\/#primaryimage\"},\"thumbnailUrl\":\"http:\/\/orionagizvedis.com\/wp-content\/uploads\/2021\/12\/aile-dis.jpg\",\"datePublished\":\"2022-01-03T16:10:23+00:00\",\"dateModified\":\"2022-01-03T16:10:25+00:00\",\"breadcrumb\":{\"@id\":\"https:\/\/orionagizvedis.com\/dis-hekimi-tavsiyesiyle-cocuklarda-agiz-ve-dis-bakimi\/#breadcrumb\"},\"inLanguage\":\"en-US\",\"potentialAction\":[{\"@type\":\"ReadAction\",\"target\":[\"https:\/\/orionagizvedis.com\/dis-hekimi-tavsiyesiyle-cocuklarda-agiz-ve-dis-bakimi\/\"]}]},{\"@type\":\"ImageObject\",\"inLanguage\":\"en-US\",\"@id\":\"https:\/\/orionagizvedis.com\/dis-hekimi-tavsiyesiyle-cocuklarda-agiz-ve-dis-bakimi\/#primaryimage\",\"url\":\"http:\/\/orionagizvedis.com\/wp-content\/uploads\/2021\/12\/aile-dis.jpg\",\"contentUrl\":\"http:\/\/orionagizvedis.com\/wp-content\/uploads\/2021\/12\/aile-dis.jpg\"},{\"@type\":\"BreadcrumbList\",\"@id\":\"https:\/\/orionagizvedis.com\/dis-hekimi-tavsiyesiyle-cocuklarda-agiz-ve-dis-bakimi\/#breadcrumb\",\"itemListElement\":[{\"@type\":\"ListItem\",\"position\":1,\"name\":\"Anasayfa\",\"item\":\"https:\/\/orionagizvedis.com\/\"},{\"@type\":\"ListItem\",\"position\":2,\"name\":\"Oral and Dental Care in Children with the Recommendation of the Dentist\"}]},{\"@type\":\"WebSite\",\"@id\":\"https:\/\/orionagizvedis.com\/#website\",\"url\":\"https:\/\/orionagizvedis.com\/\",\"name\":\"Orion - A\u011f\u0131z ve Di\u015f Sa\u011fl\u0131\u011f\u0131 Merkezi\",\"description\":\"\",\"publisher\":{\"@id\":\"https:\/\/orionagizvedis.com\/#organization\"},\"potentialAction\":[{\"@type\":\"SearchAction\",\"target\":{\"@type\":\"EntryPoint\",\"urlTemplate\":\"https:\/\/orionagizvedis.com\/?s={search_term_string}\"},\"query-input\":\"required name=search_term_string\"}],\"inLanguage\":\"en-US\"},{\"@type\":\"Organization\",\"@id\":\"https:\/\/orionagizvedis.com\/#organization\",\"name\":\"Orion - A\u011f\u0131z ve Di\u015f Sa\u011fl\u0131\u011f\u0131 Merkezi\",\"url\":\"https:\/\/orionagizvedis.com\/\",\"logo\":{\"@type\":\"ImageObject\",\"inLanguage\":\"en-US\",\"@id\":\"https:\/\/orionagizvedis.com\/#\/schema\/logo\/image\/\",\"url\":\"https:\/\/orionagizvedis.com\/wp-content\/uploads\/2021\/12\/orion-logo.png\",\"contentUrl\":\"https:\/\/orionagizvedis.com\/wp-content\/uploads\/2021\/12\/orion-logo.png\",\"width\":129,\"height\":99,\"caption\":\"Orion - A\u011f\u0131z ve Di\u015f Sa\u011fl\u0131\u011f\u0131 Merkezi\"},\"image\":{\"@id\":\"https:\/\/orionagizvedis.com\/#\/schema\/logo\/image\/\"},\"sameAs\":[\"https:\/\/www.facebook.com\/oriondentalhealth\/\",\"https:\/\/www.instagram.com\/orionagizvedis\/\"]}]}<\/script>\n<!-- \/ Yoast SEO plugin. -->","yoast_head_json":{"title":"Oral and Dental Care in Children with the Recommendation of the Dentist - Orion - A\u011f\u0131z ve Di\u015f Sa\u011fl\u0131\u011f\u0131 Merkezi","robots":{"index":"index","follow":"follow","max-snippet":"max-snippet:-1","max-image-preview":"max-image-preview:large","max-video-preview":"max-video-preview:-1"},"canonical":"https:\/\/orionagizvedis.com\/dis-hekimi-tavsiyesiyle-cocuklarda-agiz-ve-dis-bakimi\/","og_locale":"en_US","og_type":"article","og_title":"Oral and Dental Care in Children with the Recommendation of the Dentist - Orion - A\u011f\u0131z ve Di\u015f Sa\u011fl\u0131\u011f\u0131 Merkezi","og_description":"Children are not aware of the importance of oral and dental health. Child dental care is a particularly sensitive issue. The biggest task in this regard falls to families and pediatric dentists (pedodontists). The things to be done in this regard are gathered under the body of preventive dentistry. What does preventive dentistry cover? Proper [&hellip;]","og_url":"https:\/\/orionagizvedis.com\/dis-hekimi-tavsiyesiyle-cocuklarda-agiz-ve-dis-bakimi\/","og_site_name":"Orion - A\u011f\u0131z ve Di\u015f Sa\u011fl\u0131\u011f\u0131 Merkezi","article_publisher":"https:\/\/www.facebook.com\/oriondentalhealth\/","article_modified_time":"2022-01-03T16:10:25+00:00","og_image":[{"url":"http:\/\/orionagizvedis.com\/wp-content\/uploads\/2021\/12\/aile-dis.jpg"}],"twitter_card":"summary_large_image","twitter_misc":{"Est. reading time":"2 minutes"},"schema":{"@context":"https:\/\/schema.org","@graph":[{"@type":"WebPage","@id":"https:\/\/orionagizvedis.com\/dis-hekimi-tavsiyesiyle-cocuklarda-agiz-ve-dis-bakimi\/","url":"https:\/\/orionagizvedis.com\/dis-hekimi-tavsiyesiyle-cocuklarda-agiz-ve-dis-bakimi\/","name":"Oral and Dental Care in Children with the Recommendation of the Dentist - Orion - A\u011f\u0131z ve Di\u015f Sa\u011fl\u0131\u011f\u0131 Merkezi","isPartOf":{"@id":"https:\/\/orionagizvedis.com\/#website"},"primaryImageOfPage":{"@id":"https:\/\/orionagizvedis.com\/dis-hekimi-tavsiyesiyle-cocuklarda-agiz-ve-dis-bakimi\/#primaryimage"},"image":{"@id":"https:\/\/orionagizvedis.com\/dis-hekimi-tavsiyesiyle-cocuklarda-agiz-ve-dis-bakimi\/#primaryimage"},"thumbnailUrl":"http:\/\/orionagizvedis.com\/wp-content\/uploads\/2021\/12\/aile-dis.jpg","datePublished":"2022-01-03T16:10:23+00:00","dateModified":"2022-01-03T16:10:25+00:00","breadcrumb":{"@id":"https:\/\/orionagizvedis.com\/dis-hekimi-tavsiyesiyle-cocuklarda-agiz-ve-dis-bakimi\/#breadcrumb"},"inLanguage":"en-US","potentialAction":[{"@type":"ReadAction","target":["https:\/\/orionagizvedis.com\/dis-hekimi-tavsiyesiyle-cocuklarda-agiz-ve-dis-bakimi\/"]}]},{"@type":"ImageObject","inLanguage":"en-US","@id":"https:\/\/orionagizvedis.com\/dis-hekimi-tavsiyesiyle-cocuklarda-agiz-ve-dis-bakimi\/#primaryimage","url":"http:\/\/orionagizvedis.com\/wp-content\/uploads\/2021\/12\/aile-dis.jpg","contentUrl":"http:\/\/orionagizvedis.com\/wp-content\/uploads\/2021\/12\/aile-dis.jpg"},{"@type":"BreadcrumbList","@id":"https:\/\/orionagizvedis.com\/dis-hekimi-tavsiyesiyle-cocuklarda-agiz-ve-dis-bakimi\/#breadcrumb","itemListElement":[{"@type":"ListItem","position":1,"name":"Anasayfa","item":"https:\/\/orionagizvedis.com\/"},{"@type":"ListItem","position":2,"name":"Oral and Dental Care in Children with the Recommendation of the Dentist"}]},{"@type":"WebSite","@id":"https:\/\/orionagizvedis.com\/#website","url":"https:\/\/orionagizvedis.com\/","name":"Orion - A\u011f\u0131z ve Di\u015f Sa\u011fl\u0131\u011f\u0131 Merkezi","description":"","publisher":{"@id":"https:\/\/orionagizvedis.com\/#organization"},"potentialAction":[{"@type":"SearchAction","target":{"@type":"EntryPoint","urlTemplate":"https:\/\/orionagizvedis.com\/?s={search_term_string}"},"query-input":"required name=search_term_string"}],"inLanguage":"en-US"},{"@type":"Organization","@id":"https:\/\/orionagizvedis.com\/#organization","name":"Orion - A\u011f\u0131z ve Di\u015f Sa\u011fl\u0131\u011f\u0131 Merkezi","url":"https:\/\/orionagizvedis.com\/","logo":{"@type":"ImageObject","inLanguage":"en-US","@id":"https:\/\/orionagizvedis.com\/#\/schema\/logo\/image\/","url":"https:\/\/orionagizvedis.com\/wp-content\/uploads\/2021\/12\/orion-logo.png","contentUrl":"https:\/\/orionagizvedis.com\/wp-content\/uploads\/2021\/12\/orion-logo.png","width":129,"height":99,"caption":"Orion - A\u011f\u0131z ve Di\u015f Sa\u011fl\u0131\u011f\u0131 Merkezi"},"image":{"@id":"https:\/\/orionagizvedis.com\/#\/schema\/logo\/image\/"},"sameAs":["https:\/\/www.facebook.com\/oriondentalhealth\/","https:\/\/www.instagram.com\/orionagizvedis\/"]}]}},"_links":{"self":[{"href":"https:\/\/orionagizvedis.com\/en\/wp-json\/wp\/v2\/pages\/1339","targetHints":{"allow":["GET"]}}],"collection":[{"href":"https:\/\/orionagizvedis.com\/en\/wp-json\/wp\/v2\/pages"}],"about":[{"href":"https:\/\/orionagizvedis.com\/en\/wp-json\/wp\/v2\/types\/page"}],"author":[{"embeddable":true,"href":"https:\/\/orionagizvedis.com\/en\/wp-json\/wp\/v2\/users\/1"}],"replies":[{"embeddable":true,"href":"https:\/\/orionagizvedis.com\/en\/wp-json\/wp\/v2\/comments?post=1339"}],"version-history":[{"count":3,"href":"https:\/\/orionagizvedis.com\/en\/wp-json\/wp\/v2\/pages\/1339\/revisions"}],"predecessor-version":[{"id":1342,"href":"https:\/\/orionagizvedis.com\/en\/wp-json\/wp\/v2\/pages\/1339\/revisions\/1342"}],"wp:attachment":[{"href":"https:\/\/orionagizvedis.com\/en\/wp-json\/wp\/v2\/media?parent=1339"}],"curies":[{"name":"wp","href":"https:\/\/api.w.org\/{rel}","templated":true}]}}