{"id":1305,"date":"2022-01-03T12:32:38","date_gmt":"2022-01-03T09:32:38","guid":{"rendered":"https:\/\/orionagizvedis.com\/teeth-whitening\/"},"modified":"2022-01-03T12:32:39","modified_gmt":"2022-01-03T09:32:39","slug":"teeth-whitening","status":"publish","type":"page","link":"https:\/\/orionagizvedis.com\/en\/teeth-whitening\/","title":{"rendered":"Teeth whitening"},"content":{"rendered":"\t\t<div data-elementor-type=\"wp-page\" data-elementor-id=\"1305\" class=\"elementor elementor-1305\" data-elementor-settings=\"[]\">\n\t\t\t\t\t\t\t<div class=\"elementor-section-wrap\">\n\t\t\t\t\t\t\t<section class=\"elementor-section elementor-top-section elementor-element elementor-element-a198bd2 elementor-section-boxed elementor-section-height-default elementor-section-height-default\" data-id=\"a198bd2\" data-element_type=\"section\" data-settings=\"{&quot;background_background&quot;:&quot;classic&quot;}\">\n\t\t\t\t\t\t\t<div class=\"elementor-background-overlay\"><\/div>\n\t\t\t\t\t\t\t<div class=\"elementor-container elementor-column-gap-wide\">\n\t\t\t\t\t<div class=\"elementor-column elementor-col-50 elementor-top-column elementor-element elementor-element-5a3a918\" data-id=\"5a3a918\" data-element_type=\"column\">\n\t\t\t<div class=\"elementor-widget-wrap elementor-element-populated\">\n\t\t\t\t\t\t\t\t<div class=\"elementor-element elementor-element-d8ddd64 elementor-widget elementor-widget-image\" data-id=\"d8ddd64\" data-element_type=\"widget\" data-widget_type=\"image.default\">\n\t\t\t\t<div class=\"elementor-widget-container\">\n\t\t\t<style>\/*! elementor - v3.5.3 - 28-12-2021 *\/\n.elementor-widget-image{text-align:center}.elementor-widget-image a{display:inline-block}.elementor-widget-image a img[src$=\".svg\"]{width:48px}.elementor-widget-image img{vertical-align:middle;display:inline-block}<\/style>\t\t\t\t\t\t\t\t\t\t\t\t<img loading=\"lazy\" decoding=\"async\" width=\"480\" height=\"480\" src=\"https:\/\/orionagizvedis.com\/wp-content\/uploads\/2021\/12\/dis-b1.jpg\" class=\"attachment-full size-full\" alt=\"\" srcset=\"https:\/\/orionagizvedis.com\/wp-content\/uploads\/2021\/12\/dis-b1.jpg 480w, https:\/\/orionagizvedis.com\/wp-content\/uploads\/2021\/12\/dis-b1-300x300.jpg 300w, https:\/\/orionagizvedis.com\/wp-content\/uploads\/2021\/12\/dis-b1-150x150.jpg 150w\" sizes=\"auto, (max-width: 480px) 100vw, 480px\" \/>\t\t\t\t\t\t\t\t\t\t\t\t\t\t\t<\/div>\n\t\t\t\t<\/div>\n\t\t\t\t\t<\/div>\n\t\t<\/div>\n\t\t\t\t<div class=\"elementor-column elementor-col-50 elementor-top-column elementor-element elementor-element-3f6ed17\" data-id=\"3f6ed17\" data-element_type=\"column\">\n\t\t\t<div class=\"elementor-widget-wrap elementor-element-populated\">\n\t\t\t\t\t\t\t\t<div class=\"elementor-element elementor-element-9cc244f elementor-widget elementor-widget-text-editor\" data-id=\"9cc244f\" data-element_type=\"widget\" data-widget_type=\"text-editor.default\">\n\t\t\t\t<div class=\"elementor-widget-container\">\n\t\t\t<style>\/*! elementor - v3.5.3 - 28-12-2021 *\/\n.elementor-widget-text-editor.elementor-drop-cap-view-stacked .elementor-drop-cap{background-color:#818a91;color:#fff}.elementor-widget-text-editor.elementor-drop-cap-view-framed .elementor-drop-cap{color:#818a91;border:3px solid;background-color:transparent}.elementor-widget-text-editor:not(.elementor-drop-cap-view-default) .elementor-drop-cap{margin-top:8px}.elementor-widget-text-editor:not(.elementor-drop-cap-view-default) .elementor-drop-cap-letter{width:1em;height:1em}.elementor-widget-text-editor .elementor-drop-cap{float:left;text-align:center;line-height:1;font-size:50px}.elementor-widget-text-editor .elementor-drop-cap-letter{display:inline-block}<\/style>\t\t\t\t<p>Teeth whitening is a safe and very popular procedure used to improve the color of natural teeth and is a great way to brighten your smile. There are a number of suggested ways to whiten teeth, but we only perform scientifically proven and safe treatments at the ORION ORION AND DENTAL HEALTH CENTER. The degree of bleaching can be determined by photographs taken before and after the bleaching process.<\/p>\n<h2> <\/h2>\n<h2>Whitening Teeth with Airflow<\/h2>\n<p>The main purpose of this treatment is to reach the areas where toothbrushes cannot reach and to provide cleaning. Thanks to this process, the teeth are cleaned much better. It is frequently used to clean food and beverages such as tea, coffee and cigarettes that we use frequently in our daily life. During this process, the yellowing on the tooth is removed by spraying.<\/p>\n<h2>Tartar Cleaning<\/h2>\n<p>It is the process of removing the tartar formed on the teeth. Hot or cold substances should not be consumed for 24 hours after the procedure. Sensitivity to heat and cold may be experienced in the teeth for a few days. There is no harm in taking painkillers to prevent pain. Gargling with a mixture of warm water and salt can be good. Dental cleaning should continue without interruption. You should go to the dentist regularly for control. 6-month periods are suitable for this. <\/p>\n<h2>Home Teeth Whitening<\/h2>\n<p>In home-type teeth whitening application, a personal tooth whitening plaque is prepared with the measurement taken from the lower and upper jaws of the patients. The dentist chooses the tooth whitening gel suitable for the patient and the dosage is adjusted. Teeth whitening gel is placed in molds for the specified time (4-6 hours a day) and attached to the teeth. Generally, teeth whitening application is done at night because it is more practical. Teeth whitening application continues for 1-2 days depending on the degree of tooth discoloration. Hot-cold tooth sensitivity that may develop during the tooth whitening process is eliminated by fluoride application to the teeth.<\/p>\n<h2>Office Type Teeth Whitening<\/h2>\n<p>Office-type teeth whitening is a method that provides faster and more effective teeth whitening applied by the dentist in the clinic. The gums are isolated with preservatives and high concentrations of tooth whitening agents are applied to the teeth. By activating the teeth whitening substance with special light devices, it is ensured that the bleaching process is performed.<\/p>\n<p>These special light devices and laser devices cannot perform the bleaching process alone. The task of these devices is to activate the teeth whitening substance. The office type teeth whitening process takes up to 1 hour in total with 2 30-minute sessions. It is a safe method. It does not harm tooth enamel. Individuals with erosion or cracks in their teeth may experience sensitivity in the teeth. These complaints are eliminated with fluorine applications. After teeth whitening, tooth-coloring foods such as tea \u2013 coffee \u2013 cigarette \u2013 coke \u2013 red wine should be avoided. <\/p>\n<p><strong>Is Tooth Bleaching Harmful?<\/strong><\/p>\n<p>Studies have shown that bleaching has no harmful effects on teeth and surrounding tissues. Fluoride application can be applied to the patient to prevent sensitivities that may occur after bleaching. Sensitivity will disappear completely within 1-2 days after the application. In other words, teeth and gums are not damaged due to the teeth whitening process. <\/p>\n<p><strong>Does Sensitivity Occur As a Result of Teeth Whitening?<\/strong><\/p>\n<p>Tooth decays, tooth cracks, broken areas in teeth may cause tooth whitening gel used to create tooth sensitivity through these areas. Such dental problems must be eliminated before tooth whitening. In our clinic, we use products of the Opalescence brand of Ultradent, one of the most important companies in the world. At the same time, we can perform bleaching processes with the Zoom model of Philips brand.<\/p>\n<p><strong>How Long Does Office Type Teeth Whitening Last?<\/strong><\/p>\n<p>Depending on how careful and attentive the person carries out after the teeth whitening process, the permanence period varies between 2-3 years. <\/p>\n<p><strong>How Should Nutrition Be After Teeth Whitening?<\/strong><\/p>\n<p>After both application methods, tea, coffee, cola, cherry juice, red wine etc. Colored beverages and foods (such as very tomato paste, spicy dishes) should be avoided, especially smoking. Teeth should be brushed regularly, at least twice a day. Although it varies from person to person, a slight temporary tooth sensitivity may occur. Extreme cold or heat should be avoided for the first week. On the first day, the patient is recommended to use painkillers.<\/p>\n<h2>Teeth Whitening in Root Canal Treatment<\/h2>\n<p>The teeth that have undergone root canal treatment and changed color are whitened by the dentist in the clinic. In the first session, a cavity is prepared just like filling the tooth inside the tooth and a bleaching drug is placed in this cavity. It is closed with filling. After about 1 week, the color of the tooth is checked. If sufficient tooth whitening is achieved, the procedure is terminated. If a little more whitening is desired, the medicine put into the tooth is changed and 1 more week is waited. If there is a color change in the teeth with root canal treatment, there will be a lighter color with the tooth whitening process.<\/p>\n<h2>Post-Traumatic Tooth Staining<\/h2>\n<p>These types of tooth discoloration are discolorations caused by the rupture of capillary blood vessels in the coronal part of the tooth after a severe trauma and by the blood cells entering the dentin tubules due to the Fe-sulfide (iron-sulfide) they contain. In cases where the tooth is alive, it can recover spontaneously, although rarely. However, if the tooth is necrotic (lost its vitality), there will be no improvement in color. In this case, teeth are whitened with bleaching agents applied to the pulp chamber after root canal treatment.<\/p>\n<h2>Whitening in Tooth Decay<\/h2>\n<p>Caries on the tooth surfaces also cause various discolorations in the teeth.<\/p>\n<p>These colorations are generally seen as gray, brown and black, rarely white, opaque colored areas. These staining are treated by cleaning the decay areas and using filling materials that are close to the natural color of the tooth.<\/p>\n\t\t\t\t\t\t<\/div>\n\t\t\t\t<\/div>\n\t\t\t\t\t<\/div>\n\t\t<\/div>\n\t\t\t\t\t\t\t<\/div>\n\t\t<\/section>\n\t\t\t\t\t\t<\/div>\n\t\t\t\t\t<\/div>\n\t\t","protected":false},"excerpt":{"rendered":"<p>Teeth whitening is a safe and very popular procedure used to improve the color of natural teeth and is a great way to brighten your smile. There are a number of suggested ways to whiten teeth, but we only perform scientifically proven and safe treatments at the ORION ORION AND DENTAL HEALTH CENTER. The degree [&hellip;]<\/p>\n","protected":false},"author":1,"featured_media":0,"parent":0,"menu_order":0,"comment_status":"closed","ping_status":"closed","template":"","meta":{"_uf_show_specific_survey":0,"_uf_disable_surveys":false,"footnotes":""},"class_list":["post-1305","page","type-page","status-publish","hentry"],"yoast_head":"<!-- This site is optimized with the Yoast SEO plugin v22.6 - https:\/\/yoast.com\/wordpress\/plugins\/seo\/ -->\n<title>Teeth whitening - Orion - A\u011f\u0131z ve Di\u015f Sa\u011fl\u0131\u011f\u0131 Merkezi<\/title>\n<meta name=\"robots\" content=\"index, follow, max-snippet:-1, max-image-preview:large, max-video-preview:-1\" \/>\n<link rel=\"canonical\" href=\"https:\/\/orionagizvedis.com\/dis-beyazlatma\/\" \/>\n<meta property=\"og:locale\" content=\"en_US\" \/>\n<meta property=\"og:type\" content=\"article\" \/>\n<meta property=\"og:title\" content=\"Teeth whitening - Orion - A\u011f\u0131z ve Di\u015f Sa\u011fl\u0131\u011f\u0131 Merkezi\" \/>\n<meta property=\"og:description\" content=\"Teeth whitening is a safe and very popular procedure used to improve the color of natural teeth and is a great way to brighten your smile. There are a number of suggested ways to whiten teeth, but we only perform scientifically proven and safe treatments at the ORION ORION AND DENTAL HEALTH CENTER. The degree [&hellip;]\" \/>\n<meta property=\"og:url\" content=\"https:\/\/orionagizvedis.com\/dis-beyazlatma\/\" \/>\n<meta property=\"og:site_name\" content=\"Orion - A\u011f\u0131z ve Di\u015f Sa\u011fl\u0131\u011f\u0131 Merkezi\" \/>\n<meta property=\"article:publisher\" content=\"https:\/\/www.facebook.com\/oriondentalhealth\/\" \/>\n<meta property=\"article:modified_time\" content=\"2022-01-03T09:32:39+00:00\" \/>\n<meta property=\"og:image\" content=\"http:\/\/orionagizvedis.com\/wp-content\/uploads\/2021\/12\/dis-b1.jpg\" \/>\n<meta name=\"twitter:card\" content=\"summary_large_image\" \/>\n<meta name=\"twitter:label1\" content=\"Est. reading time\" \/>\n\t<meta name=\"twitter:data1\" content=\"5 minutes\" \/>\n<script type=\"application\/ld+json\" class=\"yoast-schema-graph\">{\"@context\":\"https:\/\/schema.org\",\"@graph\":[{\"@type\":\"WebPage\",\"@id\":\"https:\/\/orionagizvedis.com\/dis-beyazlatma\/\",\"url\":\"https:\/\/orionagizvedis.com\/dis-beyazlatma\/\",\"name\":\"Teeth whitening - Orion - A\u011f\u0131z ve Di\u015f Sa\u011fl\u0131\u011f\u0131 Merkezi\",\"isPartOf\":{\"@id\":\"https:\/\/orionagizvedis.com\/#website\"},\"primaryImageOfPage\":{\"@id\":\"https:\/\/orionagizvedis.com\/dis-beyazlatma\/#primaryimage\"},\"image\":{\"@id\":\"https:\/\/orionagizvedis.com\/dis-beyazlatma\/#primaryimage\"},\"thumbnailUrl\":\"http:\/\/orionagizvedis.com\/wp-content\/uploads\/2021\/12\/dis-b1.jpg\",\"datePublished\":\"2022-01-03T09:32:38+00:00\",\"dateModified\":\"2022-01-03T09:32:39+00:00\",\"breadcrumb\":{\"@id\":\"https:\/\/orionagizvedis.com\/dis-beyazlatma\/#breadcrumb\"},\"inLanguage\":\"en-US\",\"potentialAction\":[{\"@type\":\"ReadAction\",\"target\":[\"https:\/\/orionagizvedis.com\/dis-beyazlatma\/\"]}]},{\"@type\":\"ImageObject\",\"inLanguage\":\"en-US\",\"@id\":\"https:\/\/orionagizvedis.com\/dis-beyazlatma\/#primaryimage\",\"url\":\"http:\/\/orionagizvedis.com\/wp-content\/uploads\/2021\/12\/dis-b1.jpg\",\"contentUrl\":\"http:\/\/orionagizvedis.com\/wp-content\/uploads\/2021\/12\/dis-b1.jpg\"},{\"@type\":\"BreadcrumbList\",\"@id\":\"https:\/\/orionagizvedis.com\/dis-beyazlatma\/#breadcrumb\",\"itemListElement\":[{\"@type\":\"ListItem\",\"position\":1,\"name\":\"Anasayfa\",\"item\":\"https:\/\/orionagizvedis.com\/\"},{\"@type\":\"ListItem\",\"position\":2,\"name\":\"Teeth whitening\"}]},{\"@type\":\"WebSite\",\"@id\":\"https:\/\/orionagizvedis.com\/#website\",\"url\":\"https:\/\/orionagizvedis.com\/\",\"name\":\"Orion - A\u011f\u0131z ve Di\u015f Sa\u011fl\u0131\u011f\u0131 Merkezi\",\"description\":\"\",\"publisher\":{\"@id\":\"https:\/\/orionagizvedis.com\/#organization\"},\"potentialAction\":[{\"@type\":\"SearchAction\",\"target\":{\"@type\":\"EntryPoint\",\"urlTemplate\":\"https:\/\/orionagizvedis.com\/?s={search_term_string}\"},\"query-input\":\"required name=search_term_string\"}],\"inLanguage\":\"en-US\"},{\"@type\":\"Organization\",\"@id\":\"https:\/\/orionagizvedis.com\/#organization\",\"name\":\"Orion - A\u011f\u0131z ve Di\u015f Sa\u011fl\u0131\u011f\u0131 Merkezi\",\"url\":\"https:\/\/orionagizvedis.com\/\",\"logo\":{\"@type\":\"ImageObject\",\"inLanguage\":\"en-US\",\"@id\":\"https:\/\/orionagizvedis.com\/#\/schema\/logo\/image\/\",\"url\":\"https:\/\/orionagizvedis.com\/wp-content\/uploads\/2021\/12\/orion-logo.png\",\"contentUrl\":\"https:\/\/orionagizvedis.com\/wp-content\/uploads\/2021\/12\/orion-logo.png\",\"width\":129,\"height\":99,\"caption\":\"Orion - A\u011f\u0131z ve Di\u015f Sa\u011fl\u0131\u011f\u0131 Merkezi\"},\"image\":{\"@id\":\"https:\/\/orionagizvedis.com\/#\/schema\/logo\/image\/\"},\"sameAs\":[\"https:\/\/www.facebook.com\/oriondentalhealth\/\",\"https:\/\/www.instagram.com\/orionagizvedis\/\"]}]}<\/script>\n<!-- \/ Yoast SEO plugin. -->","yoast_head_json":{"title":"Teeth whitening - Orion - A\u011f\u0131z ve Di\u015f Sa\u011fl\u0131\u011f\u0131 Merkezi","robots":{"index":"index","follow":"follow","max-snippet":"max-snippet:-1","max-image-preview":"max-image-preview:large","max-video-preview":"max-video-preview:-1"},"canonical":"https:\/\/orionagizvedis.com\/dis-beyazlatma\/","og_locale":"en_US","og_type":"article","og_title":"Teeth whitening - Orion - A\u011f\u0131z ve Di\u015f Sa\u011fl\u0131\u011f\u0131 Merkezi","og_description":"Teeth whitening is a safe and very popular procedure used to improve the color of natural teeth and is a great way to brighten your smile. There are a number of suggested ways to whiten teeth, but we only perform scientifically proven and safe treatments at the ORION ORION AND DENTAL HEALTH CENTER. The degree [&hellip;]","og_url":"https:\/\/orionagizvedis.com\/dis-beyazlatma\/","og_site_name":"Orion - A\u011f\u0131z ve Di\u015f Sa\u011fl\u0131\u011f\u0131 Merkezi","article_publisher":"https:\/\/www.facebook.com\/oriondentalhealth\/","article_modified_time":"2022-01-03T09:32:39+00:00","og_image":[{"url":"http:\/\/orionagizvedis.com\/wp-content\/uploads\/2021\/12\/dis-b1.jpg"}],"twitter_card":"summary_large_image","twitter_misc":{"Est. reading time":"5 minutes"},"schema":{"@context":"https:\/\/schema.org","@graph":[{"@type":"WebPage","@id":"https:\/\/orionagizvedis.com\/dis-beyazlatma\/","url":"https:\/\/orionagizvedis.com\/dis-beyazlatma\/","name":"Teeth whitening - Orion - A\u011f\u0131z ve Di\u015f Sa\u011fl\u0131\u011f\u0131 Merkezi","isPartOf":{"@id":"https:\/\/orionagizvedis.com\/#website"},"primaryImageOfPage":{"@id":"https:\/\/orionagizvedis.com\/dis-beyazlatma\/#primaryimage"},"image":{"@id":"https:\/\/orionagizvedis.com\/dis-beyazlatma\/#primaryimage"},"thumbnailUrl":"http:\/\/orionagizvedis.com\/wp-content\/uploads\/2021\/12\/dis-b1.jpg","datePublished":"2022-01-03T09:32:38+00:00","dateModified":"2022-01-03T09:32:39+00:00","breadcrumb":{"@id":"https:\/\/orionagizvedis.com\/dis-beyazlatma\/#breadcrumb"},"inLanguage":"en-US","potentialAction":[{"@type":"ReadAction","target":["https:\/\/orionagizvedis.com\/dis-beyazlatma\/"]}]},{"@type":"ImageObject","inLanguage":"en-US","@id":"https:\/\/orionagizvedis.com\/dis-beyazlatma\/#primaryimage","url":"http:\/\/orionagizvedis.com\/wp-content\/uploads\/2021\/12\/dis-b1.jpg","contentUrl":"http:\/\/orionagizvedis.com\/wp-content\/uploads\/2021\/12\/dis-b1.jpg"},{"@type":"BreadcrumbList","@id":"https:\/\/orionagizvedis.com\/dis-beyazlatma\/#breadcrumb","itemListElement":[{"@type":"ListItem","position":1,"name":"Anasayfa","item":"https:\/\/orionagizvedis.com\/"},{"@type":"ListItem","position":2,"name":"Teeth whitening"}]},{"@type":"WebSite","@id":"https:\/\/orionagizvedis.com\/#website","url":"https:\/\/orionagizvedis.com\/","name":"Orion - A\u011f\u0131z ve Di\u015f Sa\u011fl\u0131\u011f\u0131 Merkezi","description":"","publisher":{"@id":"https:\/\/orionagizvedis.com\/#organization"},"potentialAction":[{"@type":"SearchAction","target":{"@type":"EntryPoint","urlTemplate":"https:\/\/orionagizvedis.com\/?s={search_term_string}"},"query-input":"required name=search_term_string"}],"inLanguage":"en-US"},{"@type":"Organization","@id":"https:\/\/orionagizvedis.com\/#organization","name":"Orion - A\u011f\u0131z ve Di\u015f Sa\u011fl\u0131\u011f\u0131 Merkezi","url":"https:\/\/orionagizvedis.com\/","logo":{"@type":"ImageObject","inLanguage":"en-US","@id":"https:\/\/orionagizvedis.com\/#\/schema\/logo\/image\/","url":"https:\/\/orionagizvedis.com\/wp-content\/uploads\/2021\/12\/orion-logo.png","contentUrl":"https:\/\/orionagizvedis.com\/wp-content\/uploads\/2021\/12\/orion-logo.png","width":129,"height":99,"caption":"Orion - A\u011f\u0131z ve Di\u015f Sa\u011fl\u0131\u011f\u0131 Merkezi"},"image":{"@id":"https:\/\/orionagizvedis.com\/#\/schema\/logo\/image\/"},"sameAs":["https:\/\/www.facebook.com\/oriondentalhealth\/","https:\/\/www.instagram.com\/orionagizvedis\/"]}]}},"_links":{"self":[{"href":"https:\/\/orionagizvedis.com\/en\/wp-json\/wp\/v2\/pages\/1305","targetHints":{"allow":["GET"]}}],"collection":[{"href":"https:\/\/orionagizvedis.com\/en\/wp-json\/wp\/v2\/pages"}],"about":[{"href":"https:\/\/orionagizvedis.com\/en\/wp-json\/wp\/v2\/types\/page"}],"author":[{"embeddable":true,"href":"https:\/\/orionagizvedis.com\/en\/wp-json\/wp\/v2\/users\/1"}],"replies":[{"embeddable":true,"href":"https:\/\/orionagizvedis.com\/en\/wp-json\/wp\/v2\/comments?post=1305"}],"version-history":[{"count":1,"href":"https:\/\/orionagizvedis.com\/en\/wp-json\/wp\/v2\/pages\/1305\/revisions"}],"predecessor-version":[{"id":1306,"href":"https:\/\/orionagizvedis.com\/en\/wp-json\/wp\/v2\/pages\/1305\/revisions\/1306"}],"wp:attachment":[{"href":"https:\/\/orionagizvedis.com\/en\/wp-json\/wp\/v2\/media?parent=1305"}],"curies":[{"name":"wp","href":"https:\/\/api.w.org\/{rel}","templated":true}]}}