{"id":1249,"date":"2021-12-29T09:46:33","date_gmt":"2021-12-29T06:46:33","guid":{"rendered":"https:\/\/orionagizvedis.com\/0-6-yas-arasi-cocuklarda-beslenme-ve-dis-curugu-etkisi\/"},"modified":"2022-01-02T19:05:23","modified_gmt":"2022-01-02T16:05:23","slug":"nutrition-and-tooth-cavity-effect-in-children-between-0-6-years-old","status":"publish","type":"page","link":"https:\/\/orionagizvedis.com\/en\/nutrition-and-tooth-cavity-effect-in-children-between-0-6-years-old\/","title":{"rendered":"Nutrition and Tooth Cavity Effect in Children Between 0-6 Years Old"},"content":{"rendered":"\t\t<div data-elementor-type=\"wp-page\" data-elementor-id=\"1249\" class=\"elementor elementor-1249\" data-elementor-settings=\"[]\">\n\t\t\t\t\t\t\t<div class=\"elementor-section-wrap\">\n\t\t\t\t\t\t\t<section class=\"elementor-section elementor-top-section elementor-element elementor-element-a198bd2 elementor-section-boxed elementor-section-height-default elementor-section-height-default\" data-id=\"a198bd2\" data-element_type=\"section\" data-settings=\"{&quot;background_background&quot;:&quot;classic&quot;}\">\n\t\t\t\t\t\t\t<div class=\"elementor-background-overlay\"><\/div>\n\t\t\t\t\t\t\t<div class=\"elementor-container elementor-column-gap-wide\">\n\t\t\t\t\t<div class=\"elementor-column elementor-col-50 elementor-top-column elementor-element elementor-element-5a3a918\" data-id=\"5a3a918\" data-element_type=\"column\">\n\t\t\t<div class=\"elementor-widget-wrap elementor-element-populated\">\n\t\t\t\t\t\t\t\t<div class=\"elementor-element elementor-element-d8ddd64 elementor-widget elementor-widget-image\" data-id=\"d8ddd64\" data-element_type=\"widget\" data-widget_type=\"image.default\">\n\t\t\t\t<div class=\"elementor-widget-container\">\n\t\t\t<style>\/*! elementor - v3.5.3 - 28-12-2021 *\/\n.elementor-widget-image{text-align:center}.elementor-widget-image a{display:inline-block}.elementor-widget-image a img[src$=\".svg\"]{width:48px}.elementor-widget-image img{vertical-align:middle;display:inline-block}<\/style>\t\t\t\t\t\t\t\t\t\t\t\t<img loading=\"lazy\" decoding=\"async\" width=\"480\" height=\"480\" src=\"https:\/\/orionagizvedis.com\/wp-content\/uploads\/2021\/12\/cocuk-beslenme.jpg\" class=\"attachment-full size-full\" alt=\"\" srcset=\"https:\/\/orionagizvedis.com\/wp-content\/uploads\/2021\/12\/cocuk-beslenme.jpg 480w, https:\/\/orionagizvedis.com\/wp-content\/uploads\/2021\/12\/cocuk-beslenme-300x300.jpg 300w, https:\/\/orionagizvedis.com\/wp-content\/uploads\/2021\/12\/cocuk-beslenme-150x150.jpg 150w\" sizes=\"auto, (max-width: 480px) 100vw, 480px\" \/>\t\t\t\t\t\t\t\t\t\t\t\t\t\t\t<\/div>\n\t\t\t\t<\/div>\n\t\t\t\t\t<\/div>\n\t\t<\/div>\n\t\t\t\t<div class=\"elementor-column elementor-col-50 elementor-top-column elementor-element elementor-element-3f6ed17\" data-id=\"3f6ed17\" data-element_type=\"column\">\n\t\t\t<div class=\"elementor-widget-wrap elementor-element-populated\">\n\t\t\t\t\t\t\t\t<div class=\"elementor-element elementor-element-9cc244f elementor-widget elementor-widget-text-editor\" data-id=\"9cc244f\" data-element_type=\"widget\" data-widget_type=\"text-editor.default\">\n\t\t\t\t<div class=\"elementor-widget-container\">\n\t\t\t<style>\/*! elementor - v3.5.3 - 28-12-2021 *\/\n.elementor-widget-text-editor.elementor-drop-cap-view-stacked .elementor-drop-cap{background-color:#818a91;color:#fff}.elementor-widget-text-editor.elementor-drop-cap-view-framed .elementor-drop-cap{color:#818a91;border:3px solid;background-color:transparent}.elementor-widget-text-editor:not(.elementor-drop-cap-view-default) .elementor-drop-cap{margin-top:8px}.elementor-widget-text-editor:not(.elementor-drop-cap-view-default) .elementor-drop-cap-letter{width:1em;height:1em}.elementor-widget-text-editor .elementor-drop-cap{float:left;text-align:center;line-height:1;font-size:50px}.elementor-widget-text-editor .elementor-drop-cap-letter{display:inline-block}<\/style>\t\t\t\t<p>In newborns, it is expected that the anterior group lower and upper incisors will erupt within 6-9 months, and all deciduous dentition will be completed until the age of 2.5-3. Depending on the growth and development of children, their sex and hormonal activities, early or late emergence of teeth may appear.<\/p><p>Dental care becomes important since the first tooth is seen in the mouth. Sugar content of breast milk, which is very important for the health, growth and development of the baby, increases the risk of tooth decay, especially if breastmilk is given at bedtime for children to sleep comfortably. The number of tooth decays in our country is increasing at a very early age with the decrease of saliva that protects the teeth during sleep and the inclusion of sugar in breast milk.<\/p><p>The effect of breast milk decreases after 6 months and according to the American Academy of Pediatrics, it is of the opinion that 1 year breastfeeding will be sufficient, although 2 years of breastfeeding does not have much effect on the child. It is recommended to use breast milk for 1 year in children who are breastfed for a long time, in order to develop bad habits such as thumb sucking and threaten oral health at later ages. The important issue here is to avoid night breastfeeding after the first year in children who continue breastfeeding for 1 or 2 years, and cleaning the teeth without toothpaste with the help of cheesecloth, gauze and \/ or finger brush after breastfeeding. It is recommended to switch to children\u2019s toothbrushes from the age of 2 with the support of parents.<\/p><p>The use of a bottle after breast milk and the addition of sugar, honey, chocolate powder to make children love milk also poses a great risk of tooth decay formation. After every food taken, the teeth must be cleaned, if you are not suitable, they should be rinsed with water. Caries is like a contagious disease, so it is important that mothers and fathers do not feed their children with their spoons and forks, so that the bacteria in the mouth of the mother and father do not enter the children\u2019s mouth.<\/p><p>Foods taken at snacks are of great importance for preschool and new school children. Sugary snacks and innocent fruit juices, crackers and chips cannot be removed from the mouth for a long time, and they reduce the acid value in the mouth and create a very favorable environment for decays. Therefore, if possible, if it is not taken at all, certain days of the week should be chosen and only snack foods should be given to children on those days and then a good tooth brushing is definitely required.<\/p>\t\t\t\t\t\t<\/div>\n\t\t\t\t<\/div>\n\t\t\t\t\t<\/div>\n\t\t<\/div>\n\t\t\t\t\t\t\t<\/div>\n\t\t<\/section>\n\t\t\t\t\t\t<\/div>\n\t\t\t\t\t<\/div>\n\t\t","protected":false},"excerpt":{"rendered":"<p>In newborns, it is expected that the anterior group lower and upper incisors will erupt within 6-9 months, and all deciduous dentition will be completed until the age of 2.5-3. Depending on the growth and development of children, their sex and hormonal activities, early or late emergence of teeth may appear. Dental care becomes important [&hellip;]<\/p>\n","protected":false},"author":1,"featured_media":0,"parent":0,"menu_order":0,"comment_status":"closed","ping_status":"closed","template":"","meta":{"_uf_show_specific_survey":0,"_uf_disable_surveys":false,"footnotes":""},"class_list":["post-1249","page","type-page","status-publish","hentry"],"yoast_head":"<!-- This site is optimized with the Yoast SEO plugin v22.6 - https:\/\/yoast.com\/wordpress\/plugins\/seo\/ -->\n<title>Nutrition and Tooth Cavity Effect in Children Between 0-6 Years Old - Orion - A\u011f\u0131z ve Di\u015f Sa\u011fl\u0131\u011f\u0131 Merkezi<\/title>\n<meta name=\"robots\" content=\"index, follow, max-snippet:-1, max-image-preview:large, max-video-preview:-1\" \/>\n<link rel=\"canonical\" href=\"https:\/\/orionagizvedis.com\/0-6-yas-arasi-cocuklarda-beslenme-ve-dis-curugu-etkisi\/\" \/>\n<meta property=\"og:locale\" content=\"en_US\" \/>\n<meta property=\"og:type\" content=\"article\" \/>\n<meta property=\"og:title\" content=\"Nutrition and Tooth Cavity Effect in Children Between 0-6 Years Old - Orion - A\u011f\u0131z ve Di\u015f Sa\u011fl\u0131\u011f\u0131 Merkezi\" \/>\n<meta property=\"og:description\" content=\"In newborns, it is expected that the anterior group lower and upper incisors will erupt within 6-9 months, and all deciduous dentition will be completed until the age of 2.5-3. Depending on the growth and development of children, their sex and hormonal activities, early or late emergence of teeth may appear. Dental care becomes important [&hellip;]\" \/>\n<meta property=\"og:url\" content=\"https:\/\/orionagizvedis.com\/0-6-yas-arasi-cocuklarda-beslenme-ve-dis-curugu-etkisi\/\" \/>\n<meta property=\"og:site_name\" content=\"Orion - A\u011f\u0131z ve Di\u015f Sa\u011fl\u0131\u011f\u0131 Merkezi\" \/>\n<meta property=\"article:publisher\" content=\"https:\/\/www.facebook.com\/oriondentalhealth\/\" \/>\n<meta property=\"article:modified_time\" content=\"2022-01-02T16:05:23+00:00\" \/>\n<meta property=\"og:image\" content=\"http:\/\/orionagizvedis.com\/wp-content\/uploads\/2021\/12\/cocuk-beslenme.jpg\" \/>\n<meta name=\"twitter:card\" content=\"summary_large_image\" \/>\n<meta name=\"twitter:label1\" content=\"Est. reading time\" \/>\n\t<meta name=\"twitter:data1\" content=\"2 minutes\" \/>\n<script type=\"application\/ld+json\" class=\"yoast-schema-graph\">{\"@context\":\"https:\/\/schema.org\",\"@graph\":[{\"@type\":\"WebPage\",\"@id\":\"https:\/\/orionagizvedis.com\/0-6-yas-arasi-cocuklarda-beslenme-ve-dis-curugu-etkisi\/\",\"url\":\"https:\/\/orionagizvedis.com\/0-6-yas-arasi-cocuklarda-beslenme-ve-dis-curugu-etkisi\/\",\"name\":\"Nutrition and Tooth Cavity Effect in Children Between 0-6 Years Old - Orion - A\u011f\u0131z ve Di\u015f Sa\u011fl\u0131\u011f\u0131 Merkezi\",\"isPartOf\":{\"@id\":\"https:\/\/orionagizvedis.com\/#website\"},\"primaryImageOfPage\":{\"@id\":\"https:\/\/orionagizvedis.com\/0-6-yas-arasi-cocuklarda-beslenme-ve-dis-curugu-etkisi\/#primaryimage\"},\"image\":{\"@id\":\"https:\/\/orionagizvedis.com\/0-6-yas-arasi-cocuklarda-beslenme-ve-dis-curugu-etkisi\/#primaryimage\"},\"thumbnailUrl\":\"http:\/\/orionagizvedis.com\/wp-content\/uploads\/2021\/12\/cocuk-beslenme.jpg\",\"datePublished\":\"2021-12-29T06:46:33+00:00\",\"dateModified\":\"2022-01-02T16:05:23+00:00\",\"breadcrumb\":{\"@id\":\"https:\/\/orionagizvedis.com\/0-6-yas-arasi-cocuklarda-beslenme-ve-dis-curugu-etkisi\/#breadcrumb\"},\"inLanguage\":\"en-US\",\"potentialAction\":[{\"@type\":\"ReadAction\",\"target\":[\"https:\/\/orionagizvedis.com\/0-6-yas-arasi-cocuklarda-beslenme-ve-dis-curugu-etkisi\/\"]}]},{\"@type\":\"ImageObject\",\"inLanguage\":\"en-US\",\"@id\":\"https:\/\/orionagizvedis.com\/0-6-yas-arasi-cocuklarda-beslenme-ve-dis-curugu-etkisi\/#primaryimage\",\"url\":\"http:\/\/orionagizvedis.com\/wp-content\/uploads\/2021\/12\/cocuk-beslenme.jpg\",\"contentUrl\":\"http:\/\/orionagizvedis.com\/wp-content\/uploads\/2021\/12\/cocuk-beslenme.jpg\"},{\"@type\":\"BreadcrumbList\",\"@id\":\"https:\/\/orionagizvedis.com\/0-6-yas-arasi-cocuklarda-beslenme-ve-dis-curugu-etkisi\/#breadcrumb\",\"itemListElement\":[{\"@type\":\"ListItem\",\"position\":1,\"name\":\"Anasayfa\",\"item\":\"https:\/\/orionagizvedis.com\/\"},{\"@type\":\"ListItem\",\"position\":2,\"name\":\"Nutrition and Tooth Cavity Effect in Children Between 0-6 Years Old\"}]},{\"@type\":\"WebSite\",\"@id\":\"https:\/\/orionagizvedis.com\/#website\",\"url\":\"https:\/\/orionagizvedis.com\/\",\"name\":\"Orion - A\u011f\u0131z ve Di\u015f Sa\u011fl\u0131\u011f\u0131 Merkezi\",\"description\":\"\",\"publisher\":{\"@id\":\"https:\/\/orionagizvedis.com\/#organization\"},\"potentialAction\":[{\"@type\":\"SearchAction\",\"target\":{\"@type\":\"EntryPoint\",\"urlTemplate\":\"https:\/\/orionagizvedis.com\/?s={search_term_string}\"},\"query-input\":\"required name=search_term_string\"}],\"inLanguage\":\"en-US\"},{\"@type\":\"Organization\",\"@id\":\"https:\/\/orionagizvedis.com\/#organization\",\"name\":\"Orion - A\u011f\u0131z ve Di\u015f Sa\u011fl\u0131\u011f\u0131 Merkezi\",\"url\":\"https:\/\/orionagizvedis.com\/\",\"logo\":{\"@type\":\"ImageObject\",\"inLanguage\":\"en-US\",\"@id\":\"https:\/\/orionagizvedis.com\/#\/schema\/logo\/image\/\",\"url\":\"https:\/\/orionagizvedis.com\/wp-content\/uploads\/2021\/12\/orion-logo.png\",\"contentUrl\":\"https:\/\/orionagizvedis.com\/wp-content\/uploads\/2021\/12\/orion-logo.png\",\"width\":129,\"height\":99,\"caption\":\"Orion - A\u011f\u0131z ve Di\u015f Sa\u011fl\u0131\u011f\u0131 Merkezi\"},\"image\":{\"@id\":\"https:\/\/orionagizvedis.com\/#\/schema\/logo\/image\/\"},\"sameAs\":[\"https:\/\/www.facebook.com\/oriondentalhealth\/\",\"https:\/\/www.instagram.com\/orionagizvedis\/\"]}]}<\/script>\n<!-- \/ Yoast SEO plugin. -->","yoast_head_json":{"title":"Nutrition and Tooth Cavity Effect in Children Between 0-6 Years Old - Orion - A\u011f\u0131z ve Di\u015f Sa\u011fl\u0131\u011f\u0131 Merkezi","robots":{"index":"index","follow":"follow","max-snippet":"max-snippet:-1","max-image-preview":"max-image-preview:large","max-video-preview":"max-video-preview:-1"},"canonical":"https:\/\/orionagizvedis.com\/0-6-yas-arasi-cocuklarda-beslenme-ve-dis-curugu-etkisi\/","og_locale":"en_US","og_type":"article","og_title":"Nutrition and Tooth Cavity Effect in Children Between 0-6 Years Old - Orion - A\u011f\u0131z ve Di\u015f Sa\u011fl\u0131\u011f\u0131 Merkezi","og_description":"In newborns, it is expected that the anterior group lower and upper incisors will erupt within 6-9 months, and all deciduous dentition will be completed until the age of 2.5-3. Depending on the growth and development of children, their sex and hormonal activities, early or late emergence of teeth may appear. Dental care becomes important [&hellip;]","og_url":"https:\/\/orionagizvedis.com\/0-6-yas-arasi-cocuklarda-beslenme-ve-dis-curugu-etkisi\/","og_site_name":"Orion - A\u011f\u0131z ve Di\u015f Sa\u011fl\u0131\u011f\u0131 Merkezi","article_publisher":"https:\/\/www.facebook.com\/oriondentalhealth\/","article_modified_time":"2022-01-02T16:05:23+00:00","og_image":[{"url":"http:\/\/orionagizvedis.com\/wp-content\/uploads\/2021\/12\/cocuk-beslenme.jpg"}],"twitter_card":"summary_large_image","twitter_misc":{"Est. reading time":"2 minutes"},"schema":{"@context":"https:\/\/schema.org","@graph":[{"@type":"WebPage","@id":"https:\/\/orionagizvedis.com\/0-6-yas-arasi-cocuklarda-beslenme-ve-dis-curugu-etkisi\/","url":"https:\/\/orionagizvedis.com\/0-6-yas-arasi-cocuklarda-beslenme-ve-dis-curugu-etkisi\/","name":"Nutrition and Tooth Cavity Effect in Children Between 0-6 Years Old - Orion - A\u011f\u0131z ve Di\u015f Sa\u011fl\u0131\u011f\u0131 Merkezi","isPartOf":{"@id":"https:\/\/orionagizvedis.com\/#website"},"primaryImageOfPage":{"@id":"https:\/\/orionagizvedis.com\/0-6-yas-arasi-cocuklarda-beslenme-ve-dis-curugu-etkisi\/#primaryimage"},"image":{"@id":"https:\/\/orionagizvedis.com\/0-6-yas-arasi-cocuklarda-beslenme-ve-dis-curugu-etkisi\/#primaryimage"},"thumbnailUrl":"http:\/\/orionagizvedis.com\/wp-content\/uploads\/2021\/12\/cocuk-beslenme.jpg","datePublished":"2021-12-29T06:46:33+00:00","dateModified":"2022-01-02T16:05:23+00:00","breadcrumb":{"@id":"https:\/\/orionagizvedis.com\/0-6-yas-arasi-cocuklarda-beslenme-ve-dis-curugu-etkisi\/#breadcrumb"},"inLanguage":"en-US","potentialAction":[{"@type":"ReadAction","target":["https:\/\/orionagizvedis.com\/0-6-yas-arasi-cocuklarda-beslenme-ve-dis-curugu-etkisi\/"]}]},{"@type":"ImageObject","inLanguage":"en-US","@id":"https:\/\/orionagizvedis.com\/0-6-yas-arasi-cocuklarda-beslenme-ve-dis-curugu-etkisi\/#primaryimage","url":"http:\/\/orionagizvedis.com\/wp-content\/uploads\/2021\/12\/cocuk-beslenme.jpg","contentUrl":"http:\/\/orionagizvedis.com\/wp-content\/uploads\/2021\/12\/cocuk-beslenme.jpg"},{"@type":"BreadcrumbList","@id":"https:\/\/orionagizvedis.com\/0-6-yas-arasi-cocuklarda-beslenme-ve-dis-curugu-etkisi\/#breadcrumb","itemListElement":[{"@type":"ListItem","position":1,"name":"Anasayfa","item":"https:\/\/orionagizvedis.com\/"},{"@type":"ListItem","position":2,"name":"Nutrition and Tooth Cavity Effect in Children Between 0-6 Years Old"}]},{"@type":"WebSite","@id":"https:\/\/orionagizvedis.com\/#website","url":"https:\/\/orionagizvedis.com\/","name":"Orion - A\u011f\u0131z ve Di\u015f Sa\u011fl\u0131\u011f\u0131 Merkezi","description":"","publisher":{"@id":"https:\/\/orionagizvedis.com\/#organization"},"potentialAction":[{"@type":"SearchAction","target":{"@type":"EntryPoint","urlTemplate":"https:\/\/orionagizvedis.com\/?s={search_term_string}"},"query-input":"required name=search_term_string"}],"inLanguage":"en-US"},{"@type":"Organization","@id":"https:\/\/orionagizvedis.com\/#organization","name":"Orion - A\u011f\u0131z ve Di\u015f Sa\u011fl\u0131\u011f\u0131 Merkezi","url":"https:\/\/orionagizvedis.com\/","logo":{"@type":"ImageObject","inLanguage":"en-US","@id":"https:\/\/orionagizvedis.com\/#\/schema\/logo\/image\/","url":"https:\/\/orionagizvedis.com\/wp-content\/uploads\/2021\/12\/orion-logo.png","contentUrl":"https:\/\/orionagizvedis.com\/wp-content\/uploads\/2021\/12\/orion-logo.png","width":129,"height":99,"caption":"Orion - A\u011f\u0131z ve Di\u015f Sa\u011fl\u0131\u011f\u0131 Merkezi"},"image":{"@id":"https:\/\/orionagizvedis.com\/#\/schema\/logo\/image\/"},"sameAs":["https:\/\/www.facebook.com\/oriondentalhealth\/","https:\/\/www.instagram.com\/orionagizvedis\/"]}]}},"_links":{"self":[{"href":"https:\/\/orionagizvedis.com\/en\/wp-json\/wp\/v2\/pages\/1249","targetHints":{"allow":["GET"]}}],"collection":[{"href":"https:\/\/orionagizvedis.com\/en\/wp-json\/wp\/v2\/pages"}],"about":[{"href":"https:\/\/orionagizvedis.com\/en\/wp-json\/wp\/v2\/types\/page"}],"author":[{"embeddable":true,"href":"https:\/\/orionagizvedis.com\/en\/wp-json\/wp\/v2\/users\/1"}],"replies":[{"embeddable":true,"href":"https:\/\/orionagizvedis.com\/en\/wp-json\/wp\/v2\/comments?post=1249"}],"version-history":[{"count":4,"href":"https:\/\/orionagizvedis.com\/en\/wp-json\/wp\/v2\/pages\/1249\/revisions"}],"predecessor-version":[{"id":1262,"href":"https:\/\/orionagizvedis.com\/en\/wp-json\/wp\/v2\/pages\/1249\/revisions\/1262"}],"wp:attachment":[{"href":"https:\/\/orionagizvedis.com\/en\/wp-json\/wp\/v2\/media?parent=1249"}],"curies":[{"name":"wp","href":"https:\/\/api.w.org\/{rel}","templated":true}]}}