{"id":1227,"date":"2021-12-28T21:57:55","date_gmt":"2021-12-28T18:57:55","guid":{"rendered":"https:\/\/orionagizvedis.com\/yorumlar\/"},"modified":"2022-01-08T19:40:11","modified_gmt":"2022-01-08T16:40:11","slug":"comments","status":"publish","type":"page","link":"https:\/\/orionagizvedis.com\/en\/comments\/","title":{"rendered":"Comments"},"content":{"rendered":"\t\t<div data-elementor-type=\"wp-page\" data-elementor-id=\"1227\" class=\"elementor elementor-1227\" data-elementor-settings=\"[]\">\n\t\t\t\t\t\t\t<div class=\"elementor-section-wrap\">\n\t\t\t\t\t\t\t<section class=\"elementor-section elementor-top-section elementor-element elementor-element-052e956 elementor-section-boxed elementor-section-height-default elementor-section-height-default\" data-id=\"052e956\" data-element_type=\"section\">\n\t\t\t\t\t\t<div class=\"elementor-container elementor-column-gap-default\">\n\t\t\t\t\t<div class=\"elementor-column elementor-col-100 elementor-top-column elementor-element elementor-element-a76fac3\" data-id=\"a76fac3\" data-element_type=\"column\">\n\t\t\t<div class=\"elementor-widget-wrap elementor-element-populated\">\n\t\t\t\t\t\t\t\t<section class=\"elementor-section elementor-inner-section elementor-element elementor-element-923c79a elementor-section-boxed elementor-section-height-default elementor-section-height-default\" data-id=\"923c79a\" data-element_type=\"section\">\n\t\t\t\t\t\t<div class=\"elementor-container elementor-column-gap-default\">\n\t\t\t\t\t<div class=\"elementor-column elementor-col-100 elementor-inner-column elementor-element elementor-element-80c55ae\" data-id=\"80c55ae\" data-element_type=\"column\">\n\t\t\t<div class=\"elementor-widget-wrap\">\n\t\t\t\t\t\t\t\t\t<\/div>\n\t\t<\/div>\n\t\t\t\t\t\t\t<\/div>\n\t\t<\/section>\n\t\t\t\t\t<\/div>\n\t\t<\/div>\n\t\t\t\t\t\t\t<\/div>\n\t\t<\/section>\n\t\t\t\t\t\t<\/div>\n\t\t\t\t\t<\/div>\n\t\t","protected":false},"excerpt":{"rendered":"","protected":false},"author":1,"featured_media":0,"parent":0,"menu_order":0,"comment_status":"closed","ping_status":"closed","template":"","meta":{"_uf_show_specific_survey":0,"_uf_disable_surveys":false,"footnotes":""},"class_list":["post-1227","page","type-page","status-publish","hentry"],"yoast_head":"<!-- This site is optimized with the Yoast SEO plugin v22.6 - https:\/\/yoast.com\/wordpress\/plugins\/seo\/ -->\n<title>Comments - Orion - A\u011f\u0131z ve Di\u015f Sa\u011fl\u0131\u011f\u0131 Merkezi<\/title>\n<meta name=\"robots\" content=\"index, follow, max-snippet:-1, max-image-preview:large, max-video-preview:-1\" \/>\n<link rel=\"canonical\" href=\"https:\/\/orionagizvedis.com\/yorumlar\/\" \/>\n<meta property=\"og:locale\" content=\"en_US\" \/>\n<meta property=\"og:type\" content=\"article\" \/>\n<meta property=\"og:title\" content=\"Comments - Orion - A\u011f\u0131z ve Di\u015f Sa\u011fl\u0131\u011f\u0131 Merkezi\" \/>\n<meta property=\"og:url\" content=\"https:\/\/orionagizvedis.com\/yorumlar\/\" \/>\n<meta property=\"og:site_name\" content=\"Orion - A\u011f\u0131z ve Di\u015f Sa\u011fl\u0131\u011f\u0131 Merkezi\" \/>\n<meta property=\"article:publisher\" content=\"https:\/\/www.facebook.com\/oriondentalhealth\/\" \/>\n<meta property=\"article:modified_time\" content=\"2022-01-08T16:40:11+00:00\" \/>\n<meta name=\"twitter:card\" content=\"summary_large_image\" \/>\n<script type=\"application\/ld+json\" class=\"yoast-schema-graph\">{\"@context\":\"https:\/\/schema.org\",\"@graph\":[{\"@type\":\"WebPage\",\"@id\":\"https:\/\/orionagizvedis.com\/yorumlar\/\",\"url\":\"https:\/\/orionagizvedis.com\/yorumlar\/\",\"name\":\"Comments - Orion - A\u011f\u0131z ve Di\u015f Sa\u011fl\u0131\u011f\u0131 Merkezi\",\"isPartOf\":{\"@id\":\"https:\/\/orionagizvedis.com\/#website\"},\"datePublished\":\"2021-12-28T18:57:55+00:00\",\"dateModified\":\"2022-01-08T16:40:11+00:00\",\"breadcrumb\":{\"@id\":\"https:\/\/orionagizvedis.com\/yorumlar\/#breadcrumb\"},\"inLanguage\":\"en-US\",\"potentialAction\":[{\"@type\":\"ReadAction\",\"target\":[\"https:\/\/orionagizvedis.com\/yorumlar\/\"]}]},{\"@type\":\"BreadcrumbList\",\"@id\":\"https:\/\/orionagizvedis.com\/yorumlar\/#breadcrumb\",\"itemListElement\":[{\"@type\":\"ListItem\",\"position\":1,\"name\":\"Anasayfa\",\"item\":\"https:\/\/orionagizvedis.com\/\"},{\"@type\":\"ListItem\",\"position\":2,\"name\":\"Comments\"}]},{\"@type\":\"WebSite\",\"@id\":\"https:\/\/orionagizvedis.com\/#website\",\"url\":\"https:\/\/orionagizvedis.com\/\",\"name\":\"Orion - A\u011f\u0131z ve Di\u015f Sa\u011fl\u0131\u011f\u0131 Merkezi\",\"description\":\"\",\"publisher\":{\"@id\":\"https:\/\/orionagizvedis.com\/#organization\"},\"potentialAction\":[{\"@type\":\"SearchAction\",\"target\":{\"@type\":\"EntryPoint\",\"urlTemplate\":\"https:\/\/orionagizvedis.com\/?s={search_term_string}\"},\"query-input\":\"required name=search_term_string\"}],\"inLanguage\":\"en-US\"},{\"@type\":\"Organization\",\"@id\":\"https:\/\/orionagizvedis.com\/#organization\",\"name\":\"Orion - A\u011f\u0131z ve Di\u015f Sa\u011fl\u0131\u011f\u0131 Merkezi\",\"url\":\"https:\/\/orionagizvedis.com\/\",\"logo\":{\"@type\":\"ImageObject\",\"inLanguage\":\"en-US\",\"@id\":\"https:\/\/orionagizvedis.com\/#\/schema\/logo\/image\/\",\"url\":\"https:\/\/orionagizvedis.com\/wp-content\/uploads\/2021\/12\/orion-logo.png\",\"contentUrl\":\"https:\/\/orionagizvedis.com\/wp-content\/uploads\/2021\/12\/orion-logo.png\",\"width\":129,\"height\":99,\"caption\":\"Orion - A\u011f\u0131z ve Di\u015f Sa\u011fl\u0131\u011f\u0131 Merkezi\"},\"image\":{\"@id\":\"https:\/\/orionagizvedis.com\/#\/schema\/logo\/image\/\"},\"sameAs\":[\"https:\/\/www.facebook.com\/oriondentalhealth\/\",\"https:\/\/www.instagram.com\/orionagizvedis\/\"]}]}<\/script>\n<!-- \/ Yoast SEO plugin. -->","yoast_head_json":{"title":"Comments - Orion - A\u011f\u0131z ve Di\u015f Sa\u011fl\u0131\u011f\u0131 Merkezi","robots":{"index":"index","follow":"follow","max-snippet":"max-snippet:-1","max-image-preview":"max-image-preview:large","max-video-preview":"max-video-preview:-1"},"canonical":"https:\/\/orionagizvedis.com\/yorumlar\/","og_locale":"en_US","og_type":"article","og_title":"Comments - Orion - A\u011f\u0131z ve Di\u015f Sa\u011fl\u0131\u011f\u0131 Merkezi","og_url":"https:\/\/orionagizvedis.com\/yorumlar\/","og_site_name":"Orion - A\u011f\u0131z ve Di\u015f Sa\u011fl\u0131\u011f\u0131 Merkezi","article_publisher":"https:\/\/www.facebook.com\/oriondentalhealth\/","article_modified_time":"2022-01-08T16:40:11+00:00","twitter_card":"summary_large_image","schema":{"@context":"https:\/\/schema.org","@graph":[{"@type":"WebPage","@id":"https:\/\/orionagizvedis.com\/yorumlar\/","url":"https:\/\/orionagizvedis.com\/yorumlar\/","name":"Comments - Orion - A\u011f\u0131z ve Di\u015f Sa\u011fl\u0131\u011f\u0131 Merkezi","isPartOf":{"@id":"https:\/\/orionagizvedis.com\/#website"},"datePublished":"2021-12-28T18:57:55+00:00","dateModified":"2022-01-08T16:40:11+00:00","breadcrumb":{"@id":"https:\/\/orionagizvedis.com\/yorumlar\/#breadcrumb"},"inLanguage":"en-US","potentialAction":[{"@type":"ReadAction","target":["https:\/\/orionagizvedis.com\/yorumlar\/"]}]},{"@type":"BreadcrumbList","@id":"https:\/\/orionagizvedis.com\/yorumlar\/#breadcrumb","itemListElement":[{"@type":"ListItem","position":1,"name":"Anasayfa","item":"https:\/\/orionagizvedis.com\/"},{"@type":"ListItem","position":2,"name":"Comments"}]},{"@type":"WebSite","@id":"https:\/\/orionagizvedis.com\/#website","url":"https:\/\/orionagizvedis.com\/","name":"Orion - A\u011f\u0131z ve Di\u015f Sa\u011fl\u0131\u011f\u0131 Merkezi","description":"","publisher":{"@id":"https:\/\/orionagizvedis.com\/#organization"},"potentialAction":[{"@type":"SearchAction","target":{"@type":"EntryPoint","urlTemplate":"https:\/\/orionagizvedis.com\/?s={search_term_string}"},"query-input":"required name=search_term_string"}],"inLanguage":"en-US"},{"@type":"Organization","@id":"https:\/\/orionagizvedis.com\/#organization","name":"Orion - A\u011f\u0131z ve Di\u015f Sa\u011fl\u0131\u011f\u0131 Merkezi","url":"https:\/\/orionagizvedis.com\/","logo":{"@type":"ImageObject","inLanguage":"en-US","@id":"https:\/\/orionagizvedis.com\/#\/schema\/logo\/image\/","url":"https:\/\/orionagizvedis.com\/wp-content\/uploads\/2021\/12\/orion-logo.png","contentUrl":"https:\/\/orionagizvedis.com\/wp-content\/uploads\/2021\/12\/orion-logo.png","width":129,"height":99,"caption":"Orion - A\u011f\u0131z ve Di\u015f Sa\u011fl\u0131\u011f\u0131 Merkezi"},"image":{"@id":"https:\/\/orionagizvedis.com\/#\/schema\/logo\/image\/"},"sameAs":["https:\/\/www.facebook.com\/oriondentalhealth\/","https:\/\/www.instagram.com\/orionagizvedis\/"]}]}},"_links":{"self":[{"href":"https:\/\/orionagizvedis.com\/en\/wp-json\/wp\/v2\/pages\/1227","targetHints":{"allow":["GET"]}}],"collection":[{"href":"https:\/\/orionagizvedis.com\/en\/wp-json\/wp\/v2\/pages"}],"about":[{"href":"https:\/\/orionagizvedis.com\/en\/wp-json\/wp\/v2\/types\/page"}],"author":[{"embeddable":true,"href":"https:\/\/orionagizvedis.com\/en\/wp-json\/wp\/v2\/users\/1"}],"replies":[{"embeddable":true,"href":"https:\/\/orionagizvedis.com\/en\/wp-json\/wp\/v2\/comments?post=1227"}],"version-history":[{"count":4,"href":"https:\/\/orionagizvedis.com\/en\/wp-json\/wp\/v2\/pages\/1227\/revisions"}],"predecessor-version":[{"id":1820,"href":"https:\/\/orionagizvedis.com\/en\/wp-json\/wp\/v2\/pages\/1227\/revisions\/1820"}],"wp:attachment":[{"href":"https:\/\/orionagizvedis.com\/en\/wp-json\/wp\/v2\/media?parent=1227"}],"curies":[{"name":"wp","href":"https:\/\/api.w.org\/{rel}","templated":true}]}}