{"id":1460,"date":"2022-01-04T17:29:23","date_gmt":"2022-01-04T14:29:23","guid":{"rendered":"https:\/\/orionagizvedis.com\/komfortable-unterkunft-privileg\/"},"modified":"2022-01-04T17:29:23","modified_gmt":"2022-01-04T14:29:23","slug":"komfortable-unterkunft-privileg","status":"publish","type":"page","link":"https:\/\/orionagizvedis.com\/de\/komfortable-unterkunft-privileg\/","title":{"rendered":"Komfortable Unterkunft Privileg"},"content":{"rendered":"\t\t<div data-elementor-type=\"wp-page\" data-elementor-id=\"1460\" class=\"elementor elementor-1460\" data-elementor-settings=\"[]\">\n\t\t\t\t\t\t\t<div class=\"elementor-section-wrap\">\n\t\t\t\t\t\t\t<section class=\"elementor-section elementor-top-section elementor-element elementor-element-a198bd2 elementor-section-boxed elementor-section-height-default elementor-section-height-default\" data-id=\"a198bd2\" data-element_type=\"section\" data-settings=\"{&quot;background_background&quot;:&quot;classic&quot;}\">\n\t\t\t\t\t\t\t<div class=\"elementor-background-overlay\"><\/div>\n\t\t\t\t\t\t\t<div class=\"elementor-container elementor-column-gap-wide\">\n\t\t\t\t\t<div class=\"elementor-column elementor-col-50 elementor-top-column elementor-element elementor-element-5a3a918\" data-id=\"5a3a918\" data-element_type=\"column\">\n\t\t\t<div class=\"elementor-widget-wrap elementor-element-populated\">\n\t\t\t\t\t\t\t\t<div class=\"elementor-element elementor-element-d8ddd64 elementor-widget elementor-widget-image\" data-id=\"d8ddd64\" data-element_type=\"widget\" data-widget_type=\"image.default\">\n\t\t\t\t<div class=\"elementor-widget-container\">\n\t\t\t<style>\/*! elementor - v3.5.3 - 28-12-2021 *\/\n.elementor-widget-image{text-align:center}.elementor-widget-image a{display:inline-block}.elementor-widget-image a img[src$=\".svg\"]{width:48px}.elementor-widget-image img{vertical-align:middle;display:inline-block}<\/style>\t\t\t\t\t\t\t\t\t\t\t\t<img loading=\"lazy\" decoding=\"async\" width=\"501\" height=\"371\" src=\"https:\/\/orionagizvedis.com\/wp-content\/uploads\/2021\/12\/04_01.jpg\" class=\"attachment-full size-full\" alt=\"\" srcset=\"https:\/\/orionagizvedis.com\/wp-content\/uploads\/2021\/12\/04_01.jpg 501w, https:\/\/orionagizvedis.com\/wp-content\/uploads\/2021\/12\/04_01-300x222.jpg 300w\" sizes=\"auto, (max-width: 501px) 100vw, 501px\" \/>\t\t\t\t\t\t\t\t\t\t\t\t\t\t\t<\/div>\n\t\t\t\t<\/div>\n\t\t\t\t\t<\/div>\n\t\t<\/div>\n\t\t\t\t<div class=\"elementor-column elementor-col-50 elementor-top-column elementor-element elementor-element-3f6ed17\" data-id=\"3f6ed17\" data-element_type=\"column\">\n\t\t\t<div class=\"elementor-widget-wrap elementor-element-populated\">\n\t\t\t\t\t\t\t\t<div class=\"elementor-element elementor-element-9cc244f elementor-widget elementor-widget-text-editor\" data-id=\"9cc244f\" data-element_type=\"widget\" data-widget_type=\"text-editor.default\">\n\t\t\t\t<div class=\"elementor-widget-container\">\n\t\t\t<style>\/*! elementor - v3.5.3 - 28-12-2021 *\/\n.elementor-widget-text-editor.elementor-drop-cap-view-stacked .elementor-drop-cap{background-color:#818a91;color:#fff}.elementor-widget-text-editor.elementor-drop-cap-view-framed .elementor-drop-cap{color:#818a91;border:3px solid;background-color:transparent}.elementor-widget-text-editor:not(.elementor-drop-cap-view-default) .elementor-drop-cap{margin-top:8px}.elementor-widget-text-editor:not(.elementor-drop-cap-view-default) .elementor-drop-cap-letter{width:1em;height:1em}.elementor-widget-text-editor .elementor-drop-cap{float:left;text-align:center;line-height:1;font-size:50px}.elementor-widget-text-editor .elementor-drop-cap-letter{display:inline-block}<\/style>\t\t\t\t<p>Antalya, die beliebtesten St\u00e4dte sowohl f\u00fcr einheimische als auch f\u00fcr ausl\u00e4ndische Touristen f\u00fcr die Sommerferien in der T\u00fcrkei. Sie k\u00f6nnen einen unvergesslichen Sommerurlaub mit seinen tiefblauen Str\u00e4nden, der Natur, den Sehensw\u00fcrdigkeiten, der K\u00fcche und vielem mehr erleben.<\/p>\n<p>Die idealsten Gegenden f\u00fcr Unterk\u00fcnfte in Antalya befinden sich im Zentrum von Antalya, im historischen und lebendigen Kalei\u00e7i,<br \/>das sich in der lebendigsten Region Antalyas befindet, Konyaalt\u0131 mit seiner Lage in der N\u00e4he des Stadtzentrums von Antalya, den mit der blauen Flagge ausgezeichneten Str\u00e4nden, Sehensw\u00fcrdigkeiten und Unterkunftsm\u00f6glichkeiten,<br \/>Lara, einer der luxuri\u00f6sesten touristischen Bezirke von Antalya,<br \/>Belek, das zu den beliebten Urlaubszentren von Antalya geh\u00f6rt, besticht neben Luxushotels durch seine historischen und nat\u00fcrlichen Sehensw\u00fcrdigkeiten,<br \/>Die wichtigsten Zentren des Sommertourismus in der T\u00fcrkei, Str\u00e4nde, Natur, Unterhaltungsm\u00f6glichkeiten und das Hotel im Bezirk Kemer<br \/>Ideal f\u00fcr diejenigen, die eine ruhigere und friedlichere Stadt f\u00fcr den Sommerurlaub in Antalya,<br \/>Tekirova, suchen, \u00c7\u0131ral\u0131 f\u00fcr einen Familienurlaub am Meer, Olympos-Seite f\u00fcr einen Familienurlaub am selben Strand,<\/p>\n\t\t\t\t\t\t<\/div>\n\t\t\t\t<\/div>\n\t\t\t\t\t<\/div>\n\t\t<\/div>\n\t\t\t\t\t\t\t<\/div>\n\t\t<\/section>\n\t\t\t\t\t\t<\/div>\n\t\t\t\t\t<\/div>\n\t\t","protected":false},"excerpt":{"rendered":"<p>Antalya, die beliebtesten St\u00e4dte sowohl f\u00fcr einheimische als auch f\u00fcr ausl\u00e4ndische Touristen f\u00fcr die Sommerferien in der T\u00fcrkei. Sie k\u00f6nnen einen unvergesslichen Sommerurlaub mit seinen tiefblauen Str\u00e4nden, der Natur, den Sehensw\u00fcrdigkeiten, der K\u00fcche und vielem mehr erleben. Die idealsten Gegenden f\u00fcr Unterk\u00fcnfte in Antalya befinden sich im Zentrum von Antalya, im historischen und lebendigen Kalei\u00e7i,das [&hellip;]<\/p>\n","protected":false},"author":1,"featured_media":0,"parent":0,"menu_order":0,"comment_status":"closed","ping_status":"closed","template":"","meta":{"_uf_show_specific_survey":0,"_uf_disable_surveys":false,"footnotes":""},"class_list":["post-1460","page","type-page","status-publish","hentry"],"yoast_head":"<!-- This site is optimized with the Yoast SEO plugin v22.6 - https:\/\/yoast.com\/wordpress\/plugins\/seo\/ -->\n<title>Komfortable Unterkunft Privileg - Orion - A\u011f\u0131z ve Di\u015f Sa\u011fl\u0131\u011f\u0131 Merkezi<\/title>\n<meta name=\"robots\" content=\"index, follow, max-snippet:-1, max-image-preview:large, max-video-preview:-1\" \/>\n<link rel=\"canonical\" href=\"https:\/\/orionagizvedis.com\/konforlu-konaklama-ayricaligi\/\" \/>\n<meta property=\"og:locale\" content=\"de_DE\" \/>\n<meta property=\"og:type\" content=\"article\" \/>\n<meta property=\"og:title\" content=\"Komfortable Unterkunft Privileg - Orion - A\u011f\u0131z ve Di\u015f Sa\u011fl\u0131\u011f\u0131 Merkezi\" \/>\n<meta property=\"og:description\" content=\"Antalya, die beliebtesten St\u00e4dte sowohl f\u00fcr einheimische als auch f\u00fcr ausl\u00e4ndische Touristen f\u00fcr die Sommerferien in der T\u00fcrkei. Sie k\u00f6nnen einen unvergesslichen Sommerurlaub mit seinen tiefblauen Str\u00e4nden, der Natur, den Sehensw\u00fcrdigkeiten, der K\u00fcche und vielem mehr erleben. Die idealsten Gegenden f\u00fcr Unterk\u00fcnfte in Antalya befinden sich im Zentrum von Antalya, im historischen und lebendigen Kalei\u00e7i,das [&hellip;]\" \/>\n<meta property=\"og:url\" content=\"https:\/\/orionagizvedis.com\/konforlu-konaklama-ayricaligi\/\" \/>\n<meta property=\"og:site_name\" content=\"Orion - A\u011f\u0131z ve Di\u015f Sa\u011fl\u0131\u011f\u0131 Merkezi\" \/>\n<meta property=\"article:publisher\" content=\"https:\/\/www.facebook.com\/oriondentalhealth\/\" \/>\n<meta property=\"og:image\" content=\"http:\/\/orionagizvedis.com\/wp-content\/uploads\/2021\/12\/04_01.jpg\" \/>\n<meta name=\"twitter:card\" content=\"summary_large_image\" \/>\n<meta name=\"twitter:label1\" content=\"Gesch\u00e4tzte Lesezeit\" \/>\n\t<meta name=\"twitter:data1\" content=\"1\u00a0Minute\" \/>\n<script type=\"application\/ld+json\" class=\"yoast-schema-graph\">{\"@context\":\"https:\/\/schema.org\",\"@graph\":[{\"@type\":\"WebPage\",\"@id\":\"https:\/\/orionagizvedis.com\/konforlu-konaklama-ayricaligi\/\",\"url\":\"https:\/\/orionagizvedis.com\/konforlu-konaklama-ayricaligi\/\",\"name\":\"Komfortable Unterkunft Privileg - Orion - A\u011f\u0131z ve Di\u015f Sa\u011fl\u0131\u011f\u0131 Merkezi\",\"isPartOf\":{\"@id\":\"https:\/\/orionagizvedis.com\/#website\"},\"primaryImageOfPage\":{\"@id\":\"https:\/\/orionagizvedis.com\/konforlu-konaklama-ayricaligi\/#primaryimage\"},\"image\":{\"@id\":\"https:\/\/orionagizvedis.com\/konforlu-konaklama-ayricaligi\/#primaryimage\"},\"thumbnailUrl\":\"http:\/\/orionagizvedis.com\/wp-content\/uploads\/2021\/12\/04_01.jpg\",\"datePublished\":\"2022-01-04T14:29:23+00:00\",\"dateModified\":\"2022-01-04T14:29:23+00:00\",\"breadcrumb\":{\"@id\":\"https:\/\/orionagizvedis.com\/konforlu-konaklama-ayricaligi\/#breadcrumb\"},\"inLanguage\":\"de\",\"potentialAction\":[{\"@type\":\"ReadAction\",\"target\":[\"https:\/\/orionagizvedis.com\/konforlu-konaklama-ayricaligi\/\"]}]},{\"@type\":\"ImageObject\",\"inLanguage\":\"de\",\"@id\":\"https:\/\/orionagizvedis.com\/konforlu-konaklama-ayricaligi\/#primaryimage\",\"url\":\"http:\/\/orionagizvedis.com\/wp-content\/uploads\/2021\/12\/04_01.jpg\",\"contentUrl\":\"http:\/\/orionagizvedis.com\/wp-content\/uploads\/2021\/12\/04_01.jpg\"},{\"@type\":\"BreadcrumbList\",\"@id\":\"https:\/\/orionagizvedis.com\/konforlu-konaklama-ayricaligi\/#breadcrumb\",\"itemListElement\":[{\"@type\":\"ListItem\",\"position\":1,\"name\":\"Anasayfa\",\"item\":\"https:\/\/orionagizvedis.com\/\"},{\"@type\":\"ListItem\",\"position\":2,\"name\":\"Komfortable Unterkunft Privileg\"}]},{\"@type\":\"WebSite\",\"@id\":\"https:\/\/orionagizvedis.com\/#website\",\"url\":\"https:\/\/orionagizvedis.com\/\",\"name\":\"Orion - A\u011f\u0131z ve Di\u015f Sa\u011fl\u0131\u011f\u0131 Merkezi\",\"description\":\"\",\"publisher\":{\"@id\":\"https:\/\/orionagizvedis.com\/#organization\"},\"potentialAction\":[{\"@type\":\"SearchAction\",\"target\":{\"@type\":\"EntryPoint\",\"urlTemplate\":\"https:\/\/orionagizvedis.com\/?s={search_term_string}\"},\"query-input\":\"required name=search_term_string\"}],\"inLanguage\":\"de\"},{\"@type\":\"Organization\",\"@id\":\"https:\/\/orionagizvedis.com\/#organization\",\"name\":\"Orion - A\u011f\u0131z ve Di\u015f Sa\u011fl\u0131\u011f\u0131 Merkezi\",\"url\":\"https:\/\/orionagizvedis.com\/\",\"logo\":{\"@type\":\"ImageObject\",\"inLanguage\":\"de\",\"@id\":\"https:\/\/orionagizvedis.com\/#\/schema\/logo\/image\/\",\"url\":\"https:\/\/orionagizvedis.com\/wp-content\/uploads\/2021\/12\/orion-logo.png\",\"contentUrl\":\"https:\/\/orionagizvedis.com\/wp-content\/uploads\/2021\/12\/orion-logo.png\",\"width\":129,\"height\":99,\"caption\":\"Orion - A\u011f\u0131z ve Di\u015f Sa\u011fl\u0131\u011f\u0131 Merkezi\"},\"image\":{\"@id\":\"https:\/\/orionagizvedis.com\/#\/schema\/logo\/image\/\"},\"sameAs\":[\"https:\/\/www.facebook.com\/oriondentalhealth\/\",\"https:\/\/www.instagram.com\/orionagizvedis\/\"]}]}<\/script>\n<!-- \/ Yoast SEO plugin. -->","yoast_head_json":{"title":"Komfortable Unterkunft Privileg - Orion - A\u011f\u0131z ve Di\u015f Sa\u011fl\u0131\u011f\u0131 Merkezi","robots":{"index":"index","follow":"follow","max-snippet":"max-snippet:-1","max-image-preview":"max-image-preview:large","max-video-preview":"max-video-preview:-1"},"canonical":"https:\/\/orionagizvedis.com\/konforlu-konaklama-ayricaligi\/","og_locale":"de_DE","og_type":"article","og_title":"Komfortable Unterkunft Privileg - Orion - A\u011f\u0131z ve Di\u015f Sa\u011fl\u0131\u011f\u0131 Merkezi","og_description":"Antalya, die beliebtesten St\u00e4dte sowohl f\u00fcr einheimische als auch f\u00fcr ausl\u00e4ndische Touristen f\u00fcr die Sommerferien in der T\u00fcrkei. Sie k\u00f6nnen einen unvergesslichen Sommerurlaub mit seinen tiefblauen Str\u00e4nden, der Natur, den Sehensw\u00fcrdigkeiten, der K\u00fcche und vielem mehr erleben. Die idealsten Gegenden f\u00fcr Unterk\u00fcnfte in Antalya befinden sich im Zentrum von Antalya, im historischen und lebendigen Kalei\u00e7i,das [&hellip;]","og_url":"https:\/\/orionagizvedis.com\/konforlu-konaklama-ayricaligi\/","og_site_name":"Orion - A\u011f\u0131z ve Di\u015f Sa\u011fl\u0131\u011f\u0131 Merkezi","article_publisher":"https:\/\/www.facebook.com\/oriondentalhealth\/","og_image":[{"url":"http:\/\/orionagizvedis.com\/wp-content\/uploads\/2021\/12\/04_01.jpg"}],"twitter_card":"summary_large_image","twitter_misc":{"Gesch\u00e4tzte Lesezeit":"1\u00a0Minute"},"schema":{"@context":"https:\/\/schema.org","@graph":[{"@type":"WebPage","@id":"https:\/\/orionagizvedis.com\/konforlu-konaklama-ayricaligi\/","url":"https:\/\/orionagizvedis.com\/konforlu-konaklama-ayricaligi\/","name":"Komfortable Unterkunft Privileg - Orion - A\u011f\u0131z ve Di\u015f Sa\u011fl\u0131\u011f\u0131 Merkezi","isPartOf":{"@id":"https:\/\/orionagizvedis.com\/#website"},"primaryImageOfPage":{"@id":"https:\/\/orionagizvedis.com\/konforlu-konaklama-ayricaligi\/#primaryimage"},"image":{"@id":"https:\/\/orionagizvedis.com\/konforlu-konaklama-ayricaligi\/#primaryimage"},"thumbnailUrl":"http:\/\/orionagizvedis.com\/wp-content\/uploads\/2021\/12\/04_01.jpg","datePublished":"2022-01-04T14:29:23+00:00","dateModified":"2022-01-04T14:29:23+00:00","breadcrumb":{"@id":"https:\/\/orionagizvedis.com\/konforlu-konaklama-ayricaligi\/#breadcrumb"},"inLanguage":"de","potentialAction":[{"@type":"ReadAction","target":["https:\/\/orionagizvedis.com\/konforlu-konaklama-ayricaligi\/"]}]},{"@type":"ImageObject","inLanguage":"de","@id":"https:\/\/orionagizvedis.com\/konforlu-konaklama-ayricaligi\/#primaryimage","url":"http:\/\/orionagizvedis.com\/wp-content\/uploads\/2021\/12\/04_01.jpg","contentUrl":"http:\/\/orionagizvedis.com\/wp-content\/uploads\/2021\/12\/04_01.jpg"},{"@type":"BreadcrumbList","@id":"https:\/\/orionagizvedis.com\/konforlu-konaklama-ayricaligi\/#breadcrumb","itemListElement":[{"@type":"ListItem","position":1,"name":"Anasayfa","item":"https:\/\/orionagizvedis.com\/"},{"@type":"ListItem","position":2,"name":"Komfortable Unterkunft Privileg"}]},{"@type":"WebSite","@id":"https:\/\/orionagizvedis.com\/#website","url":"https:\/\/orionagizvedis.com\/","name":"Orion - A\u011f\u0131z ve Di\u015f Sa\u011fl\u0131\u011f\u0131 Merkezi","description":"","publisher":{"@id":"https:\/\/orionagizvedis.com\/#organization"},"potentialAction":[{"@type":"SearchAction","target":{"@type":"EntryPoint","urlTemplate":"https:\/\/orionagizvedis.com\/?s={search_term_string}"},"query-input":"required name=search_term_string"}],"inLanguage":"de"},{"@type":"Organization","@id":"https:\/\/orionagizvedis.com\/#organization","name":"Orion - A\u011f\u0131z ve Di\u015f Sa\u011fl\u0131\u011f\u0131 Merkezi","url":"https:\/\/orionagizvedis.com\/","logo":{"@type":"ImageObject","inLanguage":"de","@id":"https:\/\/orionagizvedis.com\/#\/schema\/logo\/image\/","url":"https:\/\/orionagizvedis.com\/wp-content\/uploads\/2021\/12\/orion-logo.png","contentUrl":"https:\/\/orionagizvedis.com\/wp-content\/uploads\/2021\/12\/orion-logo.png","width":129,"height":99,"caption":"Orion - A\u011f\u0131z ve Di\u015f Sa\u011fl\u0131\u011f\u0131 Merkezi"},"image":{"@id":"https:\/\/orionagizvedis.com\/#\/schema\/logo\/image\/"},"sameAs":["https:\/\/www.facebook.com\/oriondentalhealth\/","https:\/\/www.instagram.com\/orionagizvedis\/"]}]}},"_links":{"self":[{"href":"https:\/\/orionagizvedis.com\/de\/wp-json\/wp\/v2\/pages\/1460","targetHints":{"allow":["GET"]}}],"collection":[{"href":"https:\/\/orionagizvedis.com\/de\/wp-json\/wp\/v2\/pages"}],"about":[{"href":"https:\/\/orionagizvedis.com\/de\/wp-json\/wp\/v2\/types\/page"}],"author":[{"embeddable":true,"href":"https:\/\/orionagizvedis.com\/de\/wp-json\/wp\/v2\/users\/1"}],"replies":[{"embeddable":true,"href":"https:\/\/orionagizvedis.com\/de\/wp-json\/wp\/v2\/comments?post=1460"}],"version-history":[{"count":1,"href":"https:\/\/orionagizvedis.com\/de\/wp-json\/wp\/v2\/pages\/1460\/revisions"}],"predecessor-version":[{"id":1461,"href":"https:\/\/orionagizvedis.com\/de\/wp-json\/wp\/v2\/pages\/1460\/revisions\/1461"}],"wp:attachment":[{"href":"https:\/\/orionagizvedis.com\/de\/wp-json\/wp\/v2\/media?parent=1460"}],"curies":[{"name":"wp","href":"https:\/\/api.w.org\/{rel}","templated":true}]}}